{"id":1295,"date":"2021-02-24T09:46:06","date_gmt":"2021-02-24T09:46:06","guid":{"rendered":"https:\/\/agroingex.es\/?page_id=1295"},"modified":"2025-01-23T16:42:58","modified_gmt":"2025-01-23T16:42:58","slug":"cookie-policy","status":"publish","type":"page","link":"https:\/\/agroingex.es\/en\/cookie-policy\/","title":{"rendered":"Cookies policy"},"content":{"rendered":"<div data-elementor-type=\"wp-page\" data-elementor-id=\"1295\" class=\"elementor elementor-1295\" data-elementor-post-type=\"page\">\n\t\t\t\t\t\t<section class=\"elementor-section elementor-top-section elementor-element elementor-element-c196342 elementor-section-full_width elementor-section-height-default elementor-section-height-default\" data-id=\"c196342\" data-element_type=\"section\">\n\t\t\t\t\t\t<div class=\"elementor-container elementor-column-gap-no\">\n\t\t\t\t\t<div class=\"elementor-column elementor-col-100 elementor-top-column elementor-element elementor-element-7cc742a\" data-id=\"7cc742a\" data-element_type=\"column\">\n\t\t\t<div class=\"elementor-widget-wrap elementor-element-populated\">\n\t\t\t\t\t\t<div class=\"elementor-element elementor-element-9f006a0 elementor-align-left elementor-widget elementor-widget-about-page-header\" data-id=\"9f006a0\" data-element_type=\"widget\" data-widget_type=\"about-page-header.default\">\n\t\t\t\t<div class=\"elementor-widget-container\">\n\t\t\t\t\t\n\t\t\t\t<div class=\"pages-hero\" style=\"background-image: url(https:\/\/agroingex.es\/wp-content\/uploads\/2021\/02\/cookies.jpg);\">\n\t\t\n\t\t\t<div class=\"container\">\n\n\t\t\t\t<div class=\"pages-title\">\n\n\t\t\t\t\t\t\t\t\t\t<h1>Cookies policy<\/h1>\n\t\t\t\t\t\n\t\t\t\t\t<div class=\"page-nav\">\n\n\t\t\t\t\t\t\t\t\t\t\t\t\t<p><a href=\"https:\/\/agroingex.es\/en\/\">Home<\/a> &nbsp; | &nbsp; <a>Cookies policy<\/a><\/p>\n\t\t\t\t\t\t\n\t\t\t\t\t<\/div>\n\n\t\t\t\t<\/div>\n\n\t\t\t<\/div>\n\n\t\t<\/div>\n\n\t\t\t\t\t<\/div>\n\t\t\t\t<\/div>\n\t\t\t\t\t<\/div>\n\t\t<\/div>\n\t\t\t\t\t<\/div>\n\t\t<\/section>\n\t\t\t\t<section class=\"elementor-section elementor-top-section elementor-element elementor-element-57dc5f2 elementor-section-boxed elementor-section-height-default elementor-section-height-default\" data-id=\"57dc5f2\" data-element_type=\"section\">\n\t\t\t\t\t\t<div class=\"elementor-container elementor-column-gap-default\">\n\t\t\t\t\t<div class=\"elementor-column elementor-col-100 elementor-top-column elementor-element elementor-element-966cb96\" data-id=\"966cb96\" data-element_type=\"column\">\n\t\t\t<div class=\"elementor-widget-wrap elementor-element-populated\">\n\t\t\t\t\t\t<div class=\"elementor-element elementor-element-ccb87fe elementor-widget elementor-widget-text-editor\" data-id=\"ccb87fe\" data-element_type=\"widget\" data-widget_type=\"text-editor.default\">\n\t\t\t\t<div class=\"elementor-widget-container\">\n\t\t\t\t\t\t\t\t\t<p style=\"text-align: justify;\">A cookie is a file that is downloaded to the user&#039;s device when accessing certain web pages to store and retrieve information about browsing activity from that device. Cookies allow us to store and retrieve information about the user&#039;s preferences and browsing habits. On this website, we use them to personalize the browsing experience, identify the user in comments, and facilitate navigation. The use of cookies does not provide us with the user&#039;s personal data.<\/p><p style=\"text-align: justify;\">Cookies, depending on their lifespan, can be divided into session cookies and persistent cookies. Session cookies expire when the user closes the browser. Persistent cookies expire when they have fulfilled their purpose or when they are manually deleted.<\/p><p style=\"text-align: justify;\">This website uses the following cookies:<\/p><p style=\"text-align: justify;\"><strong>Performance cookies:<\/strong><br \/>These are WordPress&#039;s own cookies, which allow the website to function. They save your browsing preferences.<\/p><p style=\"text-align: justify;\"><strong>Social Media Cookies:<\/strong><br \/>These are the cookies used by the Disqus commenting system to allow users to log in with Facebook, Twitter, or other social networks.<\/p><p style=\"text-align: justify;\"><strong>Analytics Cookies<\/strong>:<br \/>Each time a user visits a website or service, a third-party tool (such as Google Analytics, ComScore, or similar services) generates an analytics cookie on the user&#039;s device. This cookie, which is only generated during the visit, will be used on subsequent visits to anonymously identify the visitor. The main objectives are:<\/p><ul style=\"text-align: justify;\"><li>Allow anonymous identification of browsing users through the \u201cCookie\u201d (identifies browsers and devices, not people) and therefore the approximate counting of the number of visitors and their trend over time.<\/li><li>To anonymously identify the most visited and therefore most attractive content for users<\/li><li>To know if the user accessing the site is new or a returning visitor.<\/li><li>On this website we use analytical cookies from Gaug.es, Comscore and Chartbeat.<\/li><\/ul><p style=\"text-align: justify;\"><strong>Advertising Cookies:<\/strong><br \/>These types of cookies allow for more detailed information to be gathered about the ads shown to each anonymous user. Among other things, they store the duration or frequency of ad views, interaction with the ads, and the user&#039;s browsing patterns and\/or behavior, as these help to create an advertising interest profile. This allows for the delivery of advertising tailored to the user&#039;s interests.<\/p><p style=\"text-align: justify;\">We use the Google advertising platform. More information at http:\/\/www.google.es\/policies\/privacy\/ads\/.<\/p><p style=\"text-align: justify;\"><strong>How to disable cookies in your browser:<\/strong><\/p><p style=\"text-align: justify;\">Most browsers currently allow users to configure whether they want to accept cookies and which ones. These settings are usually found in the &#039;Options&#039; or &#039;Preferences&#039; menu of your browser.<\/p><p style=\"text-align: justify;\">These are the instructions for configuring cookies in the main browsers:<\/p><ul><li style=\"text-align: justify;\">Chrome: Settings -&gt; Show advanced settings -&gt; Privacy -&gt; Content settings.<\/li><li style=\"text-align: justify;\">For more information, you can consult Google support or your browser&#039;s Help.<\/li><li style=\"text-align: justify;\">Firefox: Tools -&gt; Options -&gt; Privacy -&gt; History -&gt; Custom Settings.<\/li><li style=\"text-align: justify;\">For more information, you can consult Mozilla support or the browser&#039;s Help.<\/li><li style=\"text-align: justify;\">Internet Explorer: Tools -&gt; Internet Options -&gt; Privacy -&gt; Settings.<\/li><li style=\"text-align: justify;\">For more information, you can consult Microsoft support or your browser&#039;s Help.<\/li><li style=\"text-align: justify;\">Safari: Preferences -&gt; Security.<\/li><li style=\"text-align: justify;\">For more information, you can consult Apple Support or your browser&#039;s Help.<\/li><\/ul>\t\t\t\t\t\t\t\t<\/div>\n\t\t\t\t<\/div>\n\t\t\t\t\t<\/div>\n\t\t<\/div>\n\t\t\t\t\t<\/div>\n\t\t<\/section>\n\t\t\t\t<\/div>","protected":false},"excerpt":{"rendered":"<p>Pol\u00edtica de cookies Home \u00a0 | \u00a0 Pol\u00edtica de cookies Una cookie es un fichero que se descarga en el dispositivo del usuario al acceder a determinadas p\u00e1ginas web para almacenar y recuperar informaci\u00f3n sobre la navegaci\u00f3n que se efect\u00faa desde dicho equipo. Las cookies permiten almacenar y recuperar informaci\u00f3n sobre las decisiones y h\u00e1bitos [&hellip;]<\/p>","protected":false},"author":1,"featured_media":0,"parent":0,"menu_order":0,"comment_status":"closed","ping_status":"closed","template":"page-templates\/home-1-template.php","meta":{"footnotes":""},"class_list":["post-1295","page","type-page","status-publish","hentry"],"yoast_head":"<!-- This site is optimized with the Yoast SEO plugin v26.6 - https:\/\/yoast.com\/wordpress\/plugins\/seo\/ -->\n<title>Pol\u00edtica de cookies - Agroingex<\/title>\n<meta name=\"robots\" content=\"index, follow, max-snippet:-1, max-image-preview:large, max-video-preview:-1\" \/>\n<link rel=\"canonical\" href=\"https:\/\/agroingex.es\/en\/cookie-policy\/\" \/>\n<meta property=\"og:locale\" content=\"en_US\" \/>\n<meta property=\"og:type\" content=\"article\" \/>\n<meta property=\"og:title\" content=\"Pol\u00edtica de cookies - Agroingex\" \/>\n<meta property=\"og:description\" content=\"Pol\u00edtica de cookies Home \u00a0 | \u00a0 Pol\u00edtica de cookies Una cookie es un fichero que se descarga en el dispositivo del usuario al acceder a determinadas p\u00e1ginas web para almacenar y recuperar informaci\u00f3n sobre la navegaci\u00f3n que se efect\u00faa desde dicho equipo. Las cookies permiten almacenar y recuperar informaci\u00f3n sobre las decisiones y h\u00e1bitos [&hellip;]\" \/>\n<meta property=\"og:url\" content=\"https:\/\/agroingex.es\/en\/cookie-policy\/\" \/>\n<meta property=\"og:site_name\" content=\"Agroingex\" \/>\n<meta property=\"article:modified_time\" content=\"2025-01-23T16:42:58+00:00\" \/>\n<meta name=\"twitter:card\" content=\"summary_large_image\" \/>\n<meta name=\"twitter:label1\" content=\"Est. reading time\" \/>\n\t<meta name=\"twitter:data1\" content=\"3 minutes\" \/>\n<script type=\"application\/ld+json\" class=\"yoast-schema-graph\">{\"@context\":\"https:\/\/schema.org\",\"@graph\":[{\"@type\":\"WebPage\",\"@id\":\"https:\/\/agroingex.es\/politica-de-cookies\/\",\"url\":\"https:\/\/agroingex.es\/politica-de-cookies\/\",\"name\":\"Pol\u00edtica de cookies - Agroingex\",\"isPartOf\":{\"@id\":\"https:\/\/agroingex.es\/#website\"},\"datePublished\":\"2021-02-24T09:46:06+00:00\",\"dateModified\":\"2025-01-23T16:42:58+00:00\",\"breadcrumb\":{\"@id\":\"https:\/\/agroingex.es\/politica-de-cookies\/#breadcrumb\"},\"inLanguage\":\"en-ZA\",\"potentialAction\":[{\"@type\":\"ReadAction\",\"target\":[\"https:\/\/agroingex.es\/politica-de-cookies\/\"]}]},{\"@type\":\"BreadcrumbList\",\"@id\":\"https:\/\/agroingex.es\/politica-de-cookies\/#breadcrumb\",\"itemListElement\":[{\"@type\":\"ListItem\",\"position\":1,\"name\":\"Portada\",\"item\":\"https:\/\/agroingex.es\/\"},{\"@type\":\"ListItem\",\"position\":2,\"name\":\"Pol\u00edtica de cookies\"}]},{\"@type\":\"WebSite\",\"@id\":\"https:\/\/agroingex.es\/#website\",\"url\":\"https:\/\/agroingex.es\/\",\"name\":\"Agroingex\",\"description\":\"Agroingex | Gesti\u00f3n de explotaciones agrarias\",\"publisher\":{\"@id\":\"https:\/\/agroingex.es\/#organization\"},\"potentialAction\":[{\"@type\":\"SearchAction\",\"target\":{\"@type\":\"EntryPoint\",\"urlTemplate\":\"https:\/\/agroingex.es\/?s={search_term_string}\"},\"query-input\":{\"@type\":\"PropertyValueSpecification\",\"valueRequired\":true,\"valueName\":\"search_term_string\"}}],\"inLanguage\":\"en-ZA\"},{\"@type\":\"Organization\",\"@id\":\"https:\/\/agroingex.es\/#organization\",\"name\":\"Agroingex\",\"url\":\"https:\/\/agroingex.es\/\",\"logo\":{\"@type\":\"ImageObject\",\"inLanguage\":\"en-ZA\",\"@id\":\"https:\/\/agroingex.es\/#\/schema\/logo\/image\/\",\"url\":\"https:\/\/agroingex.es\/wp-content\/uploads\/2022\/09\/agroingex-energia.png\",\"contentUrl\":\"https:\/\/agroingex.es\/wp-content\/uploads\/2022\/09\/agroingex-energia.png\",\"width\":545,\"height\":241,\"caption\":\"Agroingex\"},\"image\":{\"@id\":\"https:\/\/agroingex.es\/#\/schema\/logo\/image\/\"}}]}<\/script>\n<!-- \/ Yoast SEO plugin. -->","yoast_head_json":{"title":"Cookies policy - Agroingex","robots":{"index":"index","follow":"follow","max-snippet":"max-snippet:-1","max-image-preview":"max-image-preview:large","max-video-preview":"max-video-preview:-1"},"canonical":"https:\/\/agroingex.es\/en\/cookie-policy\/","og_locale":"en_US","og_type":"article","og_title":"Pol\u00edtica de cookies - Agroingex","og_description":"Pol\u00edtica de cookies Home \u00a0 | \u00a0 Pol\u00edtica de cookies Una cookie es un fichero que se descarga en el dispositivo del usuario al acceder a determinadas p\u00e1ginas web para almacenar y recuperar informaci\u00f3n sobre la navegaci\u00f3n que se efect\u00faa desde dicho equipo. Las cookies permiten almacenar y recuperar informaci\u00f3n sobre las decisiones y h\u00e1bitos [&hellip;]","og_url":"https:\/\/agroingex.es\/en\/cookie-policy\/","og_site_name":"Agroingex","article_modified_time":"2025-01-23T16:42:58+00:00","twitter_card":"summary_large_image","twitter_misc":{"Est. reading time":"3 minutes"},"schema":{"@context":"https:\/\/schema.org","@graph":[{"@type":"WebPage","@id":"https:\/\/agroingex.es\/politica-de-cookies\/","url":"https:\/\/agroingex.es\/politica-de-cookies\/","name":"Cookies policy - Agroingex","isPartOf":{"@id":"https:\/\/agroingex.es\/#website"},"datePublished":"2021-02-24T09:46:06+00:00","dateModified":"2025-01-23T16:42:58+00:00","breadcrumb":{"@id":"https:\/\/agroingex.es\/politica-de-cookies\/#breadcrumb"},"inLanguage":"en-ZA","potentialAction":[{"@type":"ReadAction","target":["https:\/\/agroingex.es\/politica-de-cookies\/"]}]},{"@type":"BreadcrumbList","@id":"https:\/\/agroingex.es\/politica-de-cookies\/#breadcrumb","itemListElement":[{"@type":"ListItem","position":1,"name":"Portada","item":"https:\/\/agroingex.es\/"},{"@type":"ListItem","position":2,"name":"Pol\u00edtica de cookies"}]},{"@type":"WebSite","@id":"https:\/\/agroingex.es\/#website","url":"https:\/\/agroingex.es\/","name":"Agroingex","description":"Agroingex | Farm Management","publisher":{"@id":"https:\/\/agroingex.es\/#organization"},"potentialAction":[{"@type":"SearchAction","target":{"@type":"EntryPoint","urlTemplate":"https:\/\/agroingex.es\/?s={search_term_string}"},"query-input":{"@type":"PropertyValueSpecification","valueRequired":true,"valueName":"search_term_string"}}],"inLanguage":"en-ZA"},{"@type":"Organization","@id":"https:\/\/agroingex.es\/#organization","name":"Agroingex","url":"https:\/\/agroingex.es\/","logo":{"@type":"ImageObject","inLanguage":"en-ZA","@id":"https:\/\/agroingex.es\/#\/schema\/logo\/image\/","url":"https:\/\/agroingex.es\/wp-content\/uploads\/2022\/09\/agroingex-energia.png","contentUrl":"https:\/\/agroingex.es\/wp-content\/uploads\/2022\/09\/agroingex-energia.png","width":545,"height":241,"caption":"Agroingex"},"image":{"@id":"https:\/\/agroingex.es\/#\/schema\/logo\/image\/"}}]}},"_links":{"self":[{"href":"https:\/\/agroingex.es\/en\/wp-json\/wp\/v2\/pages\/1295","targetHints":{"allow":["GET"]}}],"collection":[{"href":"https:\/\/agroingex.es\/en\/wp-json\/wp\/v2\/pages"}],"about":[{"href":"https:\/\/agroingex.es\/en\/wp-json\/wp\/v2\/types\/page"}],"author":[{"embeddable":true,"href":"https:\/\/agroingex.es\/en\/wp-json\/wp\/v2\/users\/1"}],"replies":[{"embeddable":true,"href":"https:\/\/agroingex.es\/en\/wp-json\/wp\/v2\/comments?post=1295"}],"version-history":[{"count":21,"href":"https:\/\/agroingex.es\/en\/wp-json\/wp\/v2\/pages\/1295\/revisions"}],"predecessor-version":[{"id":4081,"href":"https:\/\/agroingex.es\/en\/wp-json\/wp\/v2\/pages\/1295\/revisions\/4081"}],"wp:attachment":[{"href":"https:\/\/agroingex.es\/en\/wp-json\/wp\/v2\/media?parent=1295"}],"curies":[{"name":"wp","href":"https:\/\/api.w.org\/{rel}","templated":true}]}}