{"id":1406,"date":"2021-03-10T13:10:38","date_gmt":"2021-03-10T13:10:38","guid":{"rendered":"https:\/\/agroingex.es\/politica-de-cookies-copy\/"},"modified":"2025-01-23T16:43:09","modified_gmt":"2025-01-23T16:43:09","slug":"privacy-policy","status":"publish","type":"page","link":"https:\/\/agroingex.es\/en\/privacy-policy\/","title":{"rendered":"Privacy Policy"},"content":{"rendered":"<div data-elementor-type=\"wp-page\" data-elementor-id=\"1406\" class=\"elementor elementor-1406\" data-elementor-post-type=\"page\">\n\t\t\t\t\t\t<section class=\"elementor-section elementor-top-section elementor-element elementor-element-c196342 elementor-section-full_width elementor-section-height-default elementor-section-height-default\" data-id=\"c196342\" data-element_type=\"section\">\n\t\t\t\t\t\t<div class=\"elementor-container elementor-column-gap-no\">\n\t\t\t\t\t<div class=\"elementor-column elementor-col-100 elementor-top-column elementor-element elementor-element-7cc742a\" data-id=\"7cc742a\" data-element_type=\"column\">\n\t\t\t<div class=\"elementor-widget-wrap elementor-element-populated\">\n\t\t\t\t\t\t<div class=\"elementor-element elementor-element-9f006a0 elementor-align-left elementor-widget elementor-widget-about-page-header\" data-id=\"9f006a0\" data-element_type=\"widget\" data-widget_type=\"about-page-header.default\">\n\t\t\t\t<div class=\"elementor-widget-container\">\n\t\t\t\t\t\n\t\t\t\t<div class=\"pages-hero\" style=\"background-image: url(https:\/\/agroingex.es\/wp-content\/uploads\/2021\/02\/cookies.jpg);\">\n\t\t\n\t\t\t<div class=\"container\">\n\n\t\t\t\t<div class=\"pages-title\">\n\n\t\t\t\t\t\t\t\t\t\t<h1>Privacy Policy<\/h1>\n\t\t\t\t\t\n\t\t\t\t\t<div class=\"page-nav\">\n\n\t\t\t\t\t\t\t\t\t\t\t\t\t<p><a href=\"https:\/\/agroingex.es\/en\/\">Home<\/a> &nbsp; | &nbsp; <a>Privacy Policy<\/a><\/p>\n\t\t\t\t\t\t\n\t\t\t\t\t<\/div>\n\n\t\t\t\t<\/div>\n\n\t\t\t<\/div>\n\n\t\t<\/div>\n\n\t\t\t\t\t<\/div>\n\t\t\t\t<\/div>\n\t\t\t\t\t<\/div>\n\t\t<\/div>\n\t\t\t\t\t<\/div>\n\t\t<\/section>\n\t\t\t\t<section class=\"elementor-section elementor-top-section elementor-element elementor-element-57dc5f2 elementor-section-boxed elementor-section-height-default elementor-section-height-default\" data-id=\"57dc5f2\" data-element_type=\"section\">\n\t\t\t\t\t\t<div class=\"elementor-container elementor-column-gap-default\">\n\t\t\t\t\t<div class=\"elementor-column elementor-col-100 elementor-top-column elementor-element elementor-element-966cb96\" data-id=\"966cb96\" data-element_type=\"column\">\n\t\t\t<div class=\"elementor-widget-wrap elementor-element-populated\">\n\t\t\t\t\t\t<div class=\"elementor-element elementor-element-ccb87fe elementor-widget elementor-widget-text-editor\" data-id=\"ccb87fe\" data-element_type=\"widget\" data-widget_type=\"text-editor.default\">\n\t\t\t\t<div class=\"elementor-widget-container\">\n\t\t\t\t\t\t\t\t\t<p>In compliance with the provisions of the GDPR, we inform you that your data will be processed in our files, for the purpose of maintaining and fulfilling the relationship with our entity, including sending communications within the framework of said relationship.<\/p><p>Likewise, your data will be transferred in all cases where necessary for the development, fulfillment, and monitoring of the relationship with our organization, or where authorized by law. In compliance with the GDPR, you may exercise your rights of access, rectification, erasure, and objection (ARCO rights) with the relevant authority. <strong>Agroingex SL<\/strong>, with address in <strong>\u201cLas Cumbres\u201d Industrial Estate, C\/Torricelli 26, 06400 Don Benito (Badajoz).<\/strong>attaching a photocopy of your ID.<\/p><p>The content of this communication, as well as all attached documentation, is confidential and intended solely for the addressee. If you are not the intended recipient, please notify us and do not disclose its contents to any third party; please then destroy it.<\/p><p>The information society service provider must bear in mind that, in addition to the information provided to service recipients through its \u201cPrivacy Policy\u201d, it must have additional legal texts relating to other mandatory regulations, such as, but not limited to, general terms and conditions of contracting, intellectual and industrial property, terms of use of the website and<\/p><p>responsibilities in this regard, or what Law 34\/2002, of July 11, on Information Society Services and Electronic Commerce may establish in any other provisions outside of its article 10 or even complete the information that, in relation to this, may be necessary.<\/p>\t\t\t\t\t\t\t\t<\/div>\n\t\t\t\t<\/div>\n\t\t\t\t\t<\/div>\n\t\t<\/div>\n\t\t\t\t\t<\/div>\n\t\t<\/section>\n\t\t\t\t<\/div>","protected":false},"excerpt":{"rendered":"<p>Pol\u00edtica de privacidad Home \u00a0 | \u00a0 Pol\u00edtica de privacidad En cumplimiento de lo establecido en la RGPD, le informamos que sus datos ser\u00e1n tratados en nuestros ficheros, con la finalidad del mantenimiento y cumplimiento de la relaci\u00f3n con nuestra entidad, incluyendo el env\u00edo de comunicaciones en el marco de la citada relaci\u00f3n. As\u00ed mismo, [&hellip;]<\/p>","protected":false},"author":1,"featured_media":0,"parent":0,"menu_order":0,"comment_status":"closed","ping_status":"closed","template":"page-templates\/home-1-template.php","meta":{"footnotes":""},"class_list":["post-1406","page","type-page","status-publish","hentry"],"yoast_head":"<!-- This site is optimized with the Yoast SEO plugin v26.6 - https:\/\/yoast.com\/wordpress\/plugins\/seo\/ -->\n<title>Pol\u00edtica de privacidad - Agroingex<\/title>\n<meta name=\"robots\" content=\"index, follow, max-snippet:-1, max-image-preview:large, max-video-preview:-1\" \/>\n<link rel=\"canonical\" href=\"https:\/\/agroingex.es\/en\/privacy-policy\/\" \/>\n<meta property=\"og:locale\" content=\"en_US\" \/>\n<meta property=\"og:type\" content=\"article\" \/>\n<meta property=\"og:title\" content=\"Pol\u00edtica de privacidad - Agroingex\" \/>\n<meta property=\"og:description\" content=\"Pol\u00edtica de privacidad Home \u00a0 | \u00a0 Pol\u00edtica de privacidad En cumplimiento de lo establecido en la RGPD, le informamos que sus datos ser\u00e1n tratados en nuestros ficheros, con la finalidad del mantenimiento y cumplimiento de la relaci\u00f3n con nuestra entidad, incluyendo el env\u00edo de comunicaciones en el marco de la citada relaci\u00f3n. As\u00ed mismo, [&hellip;]\" \/>\n<meta property=\"og:url\" content=\"https:\/\/agroingex.es\/en\/privacy-policy\/\" \/>\n<meta property=\"og:site_name\" content=\"Agroingex\" \/>\n<meta property=\"article:modified_time\" content=\"2025-01-23T16:43:09+00:00\" \/>\n<meta name=\"twitter:card\" content=\"summary_large_image\" \/>\n<meta name=\"twitter:label1\" content=\"Est. reading time\" \/>\n\t<meta name=\"twitter:data1\" content=\"2 minutes\" \/>\n<script type=\"application\/ld+json\" class=\"yoast-schema-graph\">{\"@context\":\"https:\/\/schema.org\",\"@graph\":[{\"@type\":\"WebPage\",\"@id\":\"https:\/\/agroingex.es\/politica-de-privacidad\/\",\"url\":\"https:\/\/agroingex.es\/politica-de-privacidad\/\",\"name\":\"Pol\u00edtica de privacidad - Agroingex\",\"isPartOf\":{\"@id\":\"https:\/\/agroingex.es\/#website\"},\"datePublished\":\"2021-03-10T13:10:38+00:00\",\"dateModified\":\"2025-01-23T16:43:09+00:00\",\"breadcrumb\":{\"@id\":\"https:\/\/agroingex.es\/politica-de-privacidad\/#breadcrumb\"},\"inLanguage\":\"en-ZA\",\"potentialAction\":[{\"@type\":\"ReadAction\",\"target\":[\"https:\/\/agroingex.es\/politica-de-privacidad\/\"]}]},{\"@type\":\"BreadcrumbList\",\"@id\":\"https:\/\/agroingex.es\/politica-de-privacidad\/#breadcrumb\",\"itemListElement\":[{\"@type\":\"ListItem\",\"position\":1,\"name\":\"Portada\",\"item\":\"https:\/\/agroingex.es\/\"},{\"@type\":\"ListItem\",\"position\":2,\"name\":\"Pol\u00edtica de privacidad\"}]},{\"@type\":\"WebSite\",\"@id\":\"https:\/\/agroingex.es\/#website\",\"url\":\"https:\/\/agroingex.es\/\",\"name\":\"Agroingex\",\"description\":\"Agroingex | Gesti\u00f3n de explotaciones agrarias\",\"publisher\":{\"@id\":\"https:\/\/agroingex.es\/#organization\"},\"potentialAction\":[{\"@type\":\"SearchAction\",\"target\":{\"@type\":\"EntryPoint\",\"urlTemplate\":\"https:\/\/agroingex.es\/?s={search_term_string}\"},\"query-input\":{\"@type\":\"PropertyValueSpecification\",\"valueRequired\":true,\"valueName\":\"search_term_string\"}}],\"inLanguage\":\"en-ZA\"},{\"@type\":\"Organization\",\"@id\":\"https:\/\/agroingex.es\/#organization\",\"name\":\"Agroingex\",\"url\":\"https:\/\/agroingex.es\/\",\"logo\":{\"@type\":\"ImageObject\",\"inLanguage\":\"en-ZA\",\"@id\":\"https:\/\/agroingex.es\/#\/schema\/logo\/image\/\",\"url\":\"https:\/\/agroingex.es\/wp-content\/uploads\/2022\/09\/agroingex-energia.png\",\"contentUrl\":\"https:\/\/agroingex.es\/wp-content\/uploads\/2022\/09\/agroingex-energia.png\",\"width\":545,\"height\":241,\"caption\":\"Agroingex\"},\"image\":{\"@id\":\"https:\/\/agroingex.es\/#\/schema\/logo\/image\/\"}}]}<\/script>\n<!-- \/ Yoast SEO plugin. -->","yoast_head_json":{"title":"Privacy Policy - Agroingex","robots":{"index":"index","follow":"follow","max-snippet":"max-snippet:-1","max-image-preview":"max-image-preview:large","max-video-preview":"max-video-preview:-1"},"canonical":"https:\/\/agroingex.es\/en\/privacy-policy\/","og_locale":"en_US","og_type":"article","og_title":"Pol\u00edtica de privacidad - Agroingex","og_description":"Pol\u00edtica de privacidad Home \u00a0 | \u00a0 Pol\u00edtica de privacidad En cumplimiento de lo establecido en la RGPD, le informamos que sus datos ser\u00e1n tratados en nuestros ficheros, con la finalidad del mantenimiento y cumplimiento de la relaci\u00f3n con nuestra entidad, incluyendo el env\u00edo de comunicaciones en el marco de la citada relaci\u00f3n. As\u00ed mismo, [&hellip;]","og_url":"https:\/\/agroingex.es\/en\/privacy-policy\/","og_site_name":"Agroingex","article_modified_time":"2025-01-23T16:43:09+00:00","twitter_card":"summary_large_image","twitter_misc":{"Est. reading time":"2 minutes"},"schema":{"@context":"https:\/\/schema.org","@graph":[{"@type":"WebPage","@id":"https:\/\/agroingex.es\/politica-de-privacidad\/","url":"https:\/\/agroingex.es\/politica-de-privacidad\/","name":"Privacy Policy - Agroingex","isPartOf":{"@id":"https:\/\/agroingex.es\/#website"},"datePublished":"2021-03-10T13:10:38+00:00","dateModified":"2025-01-23T16:43:09+00:00","breadcrumb":{"@id":"https:\/\/agroingex.es\/politica-de-privacidad\/#breadcrumb"},"inLanguage":"en-ZA","potentialAction":[{"@type":"ReadAction","target":["https:\/\/agroingex.es\/politica-de-privacidad\/"]}]},{"@type":"BreadcrumbList","@id":"https:\/\/agroingex.es\/politica-de-privacidad\/#breadcrumb","itemListElement":[{"@type":"ListItem","position":1,"name":"Portada","item":"https:\/\/agroingex.es\/"},{"@type":"ListItem","position":2,"name":"Pol\u00edtica de privacidad"}]},{"@type":"WebSite","@id":"https:\/\/agroingex.es\/#website","url":"https:\/\/agroingex.es\/","name":"Agroingex","description":"Agroingex | Farm Management","publisher":{"@id":"https:\/\/agroingex.es\/#organization"},"potentialAction":[{"@type":"SearchAction","target":{"@type":"EntryPoint","urlTemplate":"https:\/\/agroingex.es\/?s={search_term_string}"},"query-input":{"@type":"PropertyValueSpecification","valueRequired":true,"valueName":"search_term_string"}}],"inLanguage":"en-ZA"},{"@type":"Organization","@id":"https:\/\/agroingex.es\/#organization","name":"Agroingex","url":"https:\/\/agroingex.es\/","logo":{"@type":"ImageObject","inLanguage":"en-ZA","@id":"https:\/\/agroingex.es\/#\/schema\/logo\/image\/","url":"https:\/\/agroingex.es\/wp-content\/uploads\/2022\/09\/agroingex-energia.png","contentUrl":"https:\/\/agroingex.es\/wp-content\/uploads\/2022\/09\/agroingex-energia.png","width":545,"height":241,"caption":"Agroingex"},"image":{"@id":"https:\/\/agroingex.es\/#\/schema\/logo\/image\/"}}]}},"_links":{"self":[{"href":"https:\/\/agroingex.es\/en\/wp-json\/wp\/v2\/pages\/1406","targetHints":{"allow":["GET"]}}],"collection":[{"href":"https:\/\/agroingex.es\/en\/wp-json\/wp\/v2\/pages"}],"about":[{"href":"https:\/\/agroingex.es\/en\/wp-json\/wp\/v2\/types\/page"}],"author":[{"embeddable":true,"href":"https:\/\/agroingex.es\/en\/wp-json\/wp\/v2\/users\/1"}],"replies":[{"embeddable":true,"href":"https:\/\/agroingex.es\/en\/wp-json\/wp\/v2\/comments?post=1406"}],"version-history":[{"count":5,"href":"https:\/\/agroingex.es\/en\/wp-json\/wp\/v2\/pages\/1406\/revisions"}],"predecessor-version":[{"id":1731,"href":"https:\/\/agroingex.es\/en\/wp-json\/wp\/v2\/pages\/1406\/revisions\/1731"}],"wp:attachment":[{"href":"https:\/\/agroingex.es\/en\/wp-json\/wp\/v2\/media?parent=1406"}],"curies":[{"name":"wp","href":"https:\/\/api.w.org\/{rel}","templated":true}]}}