{"id":3921,"date":"2023-04-11T10:08:33","date_gmt":"2023-04-11T10:08:33","guid":{"rendered":"https:\/\/agroingex.es\/?page_id=3921"},"modified":"2025-01-23T13:54:32","modified_gmt":"2025-01-23T13:54:32","slug":"federal-aid","status":"publish","type":"page","link":"https:\/\/agroingex.es\/en\/federal-aid\/","title":{"rendered":"ERDF AID"},"content":{"rendered":"<div data-elementor-type=\"wp-page\" data-elementor-id=\"3921\" class=\"elementor elementor-3921\" data-elementor-post-type=\"page\">\n\t\t\t\t\t\t<section class=\"elementor-section elementor-top-section elementor-element elementor-element-0f4e0fc elementor-section-full_width elementor-section-height-default elementor-section-height-default\" data-id=\"0f4e0fc\" data-element_type=\"section\">\n\t\t\t\t\t\t<div class=\"elementor-container elementor-column-gap-no\">\n\t\t\t\t\t<div class=\"elementor-column elementor-col-100 elementor-top-column elementor-element elementor-element-3e83447\" data-id=\"3e83447\" data-element_type=\"column\">\n\t\t\t<div class=\"elementor-widget-wrap elementor-element-populated\">\n\t\t\t\t\t\t<div class=\"elementor-element elementor-element-460b3e4 elementor-align-left elementor-widget elementor-widget-about-page-header\" data-id=\"460b3e4\" data-element_type=\"widget\" data-widget_type=\"about-page-header.default\">\n\t\t\t\t<div class=\"elementor-widget-container\">\n\t\t\t\t\t\n\t\t\t\t<div class=\"pages-hero\" style=\"background-image: url(https:\/\/agroingex.es\/wp-content\/uploads\/2021\/02\/cookies.jpg);\">\n\t\t\n\t\t\t<div class=\"container\">\n\n\t\t\t\t<div class=\"pages-title\">\n\n\t\t\t\t\t\t\t\t\t\t<h1>ERDF aid<\/h1>\n\t\t\t\t\t\n\t\t\t\t\t<div class=\"page-nav\">\n\n\t\t\t\t\t\t\t\t\t\t\t\t\t<p><a href=\"https:\/\/agroingex.es\/en\/\">Home<\/a> &nbsp; | &nbsp; <a>ERDF aid<\/a><\/p>\n\t\t\t\t\t\t\n\t\t\t\t\t<\/div>\n\n\t\t\t\t<\/div>\n\n\t\t\t<\/div>\n\n\t\t<\/div>\n\n\t\t\t\t\t<\/div>\n\t\t\t\t<\/div>\n\t\t\t\t\t<\/div>\n\t\t<\/div>\n\t\t\t\t\t<\/div>\n\t\t<\/section>\n\t\t\t\t<section class=\"elementor-section elementor-top-section elementor-element elementor-element-ee0912c elementor-section-boxed elementor-section-height-default elementor-section-height-default\" data-id=\"ee0912c\" data-element_type=\"section\">\n\t\t\t\t\t\t<div class=\"elementor-container elementor-column-gap-default\">\n\t\t\t\t\t<div class=\"elementor-column elementor-col-50 elementor-top-column elementor-element elementor-element-b73d3aa\" data-id=\"b73d3aa\" data-element_type=\"column\">\n\t\t\t<div class=\"elementor-widget-wrap elementor-element-populated\">\n\t\t\t\t\t\t<div class=\"elementor-element elementor-element-743892b elementor-widget elementor-widget-image\" data-id=\"743892b\" data-element_type=\"widget\" data-widget_type=\"image.default\">\n\t\t\t\t<div class=\"elementor-widget-container\">\n\t\t\t\t\t\t\t\t\t\t\t\t\t\t\t<img fetchpriority=\"high\" decoding=\"async\" width=\"900\" height=\"307\" src=\"https:\/\/agroingex.es\/wp-content\/uploads\/2023\/05\/FEDER-1024x349.png\" class=\"attachment-large size-large wp-image-3955\" alt=\"FEDER\" srcset=\"https:\/\/agroingex.es\/wp-content\/uploads\/2023\/05\/FEDER-1024x349.png 1024w, https:\/\/agroingex.es\/wp-content\/uploads\/2023\/05\/FEDER-300x102.png 300w, https:\/\/agroingex.es\/wp-content\/uploads\/2023\/05\/FEDER-768x261.png 768w, https:\/\/agroingex.es\/wp-content\/uploads\/2023\/05\/FEDER.png 1134w\" sizes=\"(max-width: 900px) 100vw, 900px\" \/>\t\t\t\t\t\t\t\t\t\t\t\t\t\t\t<\/div>\n\t\t\t\t<\/div>\n\t\t\t\t\t<\/div>\n\t\t<\/div>\n\t\t\t\t<div class=\"elementor-column elementor-col-50 elementor-top-column elementor-element elementor-element-9d32258\" data-id=\"9d32258\" data-element_type=\"column\">\n\t\t\t<div class=\"elementor-widget-wrap elementor-element-populated\">\n\t\t\t\t\t\t<div class=\"elementor-element elementor-element-c00548b elementor-widget elementor-widget-image\" data-id=\"c00548b\" data-element_type=\"widget\" data-widget_type=\"image.default\">\n\t\t\t\t<div class=\"elementor-widget-container\">\n\t\t\t\t\t\t\t\t\t\t\t\t\t\t\t<img decoding=\"async\" width=\"900\" height=\"313\" src=\"https:\/\/agroingex.es\/wp-content\/uploads\/2023\/04\/Logo_Junta_CONSEJERIA-ECONOMIA-1024x356.png\" class=\"attachment-large size-large wp-image-3923\" alt=\"Logo of the Board of Directors of the Ministry of Economy\" srcset=\"https:\/\/agroingex.es\/wp-content\/uploads\/2023\/04\/Logo_Junta_CONSEJERIA-ECONOMIA-1024x356.png 1024w, https:\/\/agroingex.es\/wp-content\/uploads\/2023\/04\/Logo_Junta_CONSEJERIA-ECONOMIA-300x104.png 300w, https:\/\/agroingex.es\/wp-content\/uploads\/2023\/04\/Logo_Junta_CONSEJERIA-ECONOMIA-768x267.png 768w, https:\/\/agroingex.es\/wp-content\/uploads\/2023\/04\/Logo_Junta_CONSEJERIA-ECONOMIA-1536x534.png 1536w, https:\/\/agroingex.es\/wp-content\/uploads\/2023\/04\/Logo_Junta_CONSEJERIA-ECONOMIA-2048x712.png 2048w\" sizes=\"(max-width: 900px) 100vw, 900px\" \/>\t\t\t\t\t\t\t\t\t\t\t\t\t\t\t<\/div>\n\t\t\t\t<\/div>\n\t\t\t\t\t<\/div>\n\t\t<\/div>\n\t\t\t\t\t<\/div>\n\t\t<\/section>\n\t\t\t\t<section class=\"elementor-section elementor-top-section elementor-element elementor-element-c40658f elementor-section-boxed elementor-section-height-default elementor-section-height-default\" data-id=\"c40658f\" data-element_type=\"section\">\n\t\t\t\t\t\t<div class=\"elementor-container elementor-column-gap-default\">\n\t\t\t\t\t<div class=\"elementor-column elementor-col-100 elementor-top-column elementor-element elementor-element-66320ff\" data-id=\"66320ff\" data-element_type=\"column\">\n\t\t\t<div class=\"elementor-widget-wrap elementor-element-populated\">\n\t\t\t\t\t\t<section class=\"elementor-section elementor-inner-section elementor-element elementor-element-2b0c4b1 elementor-section-boxed elementor-section-height-default elementor-section-height-default\" data-id=\"2b0c4b1\" data-element_type=\"section\">\n\t\t\t\t\t\t<div class=\"elementor-container elementor-column-gap-default\">\n\t\t\t\t\t<div class=\"elementor-column elementor-col-100 elementor-inner-column elementor-element elementor-element-7bf26e6\" data-id=\"7bf26e6\" data-element_type=\"column\">\n\t\t\t<div class=\"elementor-widget-wrap elementor-element-populated\">\n\t\t\t\t\t\t<div class=\"elementor-element elementor-element-a71b7d4 elementor-widget elementor-widget-text-editor\" data-id=\"a71b7d4\" data-element_type=\"widget\" data-widget_type=\"text-editor.default\">\n\t\t\t\t<div class=\"elementor-widget-container\">\n\t\t\t\t\t\t\t\t\t<p><strong>NAME OF OPERATION \/ PROJECT:<\/strong> COMPREHENSIVE ERP SOFTWARE Aqua eBS<br \/><strong>DESCRIPTION OF THE OPERATION:<\/strong><br \/>Implement an effective management system that allows for consistent and rigorous information on the development of<br \/>the company<br \/><strong>GOALS:<\/strong><\/p><p>\u2022 Improve the implementation of new procedures that seek to make work more efficient<br \/>interdepartmental to absorb a large volume of work during peak activity without<br \/>to compromise on service quality<br \/>\u2022 Implement integrated digital solutions for business management that enable effective management<br \/>of projects, commercial management, document management and ERP in a unified, digitized way and<br \/>accessible to people in the organization.<br \/>\u2022 Indicators tailored to each profile with decision-making power and responsibility for each business area<br \/>for correct decision-making and that will contribute, among other things, to being more effective and<br \/>efficient in the development of our activity<\/p><p><strong>EXPECTED RESULTS<\/strong><\/p><p>\u2022 Commercial action. The aim is to improve customer knowledge and be able to detect issues more quickly.<br \/>their needs.<br \/>\u2022 Provide the General Management with a dashboard whose indicators are all incorporated<br \/>to the management tool.<br \/>\u2022 Provide the project manager with an agile tool that has up-to-date information<br \/>that helps in decision-making.<br \/>\u2022 Track project collections and payments with updated and centralized data in a single system<br \/>solution<br \/>\u2022 Control of economic deviations that occur due to unproductive times<br \/>dedicated or materials used throughout the project that have an economic impact on the<br \/>project profitability.<br \/>\u2022 Solutions that help improve communication and debt monitoring with the client<br \/>throughout the project lifecycle through an automated notification system to those responsible<br \/>from each department regarding debt, pending documentation, as well as milestones of<br \/>outstanding payments.<br \/>\u2022 Optimize the organization of human and material resources for projects to maximize<br \/>budget and planning compliance.<br \/>\u2022 We are looking for a tool that helps plan the tasks of each of the teams and<br \/>machines assigned to projects.<br \/>\u2022 Agroingex expects to improve control of its production capacity and project execution.<\/p><p><strong>BUDGET<\/strong>: 25.000,00\u20ac<br \/><strong>HELP RECEIVED<\/strong>: 20.000,00\u20ac<br \/><strong>FUND\/PROGRAM:<\/strong> FEDER<\/p>\t\t\t\t\t\t\t\t<\/div>\n\t\t\t\t<\/div>\n\t\t\t\t\t<\/div>\n\t\t<\/div>\n\t\t\t\t\t<\/div>\n\t\t<\/section>\n\t\t\t\t\t<\/div>\n\t\t<\/div>\n\t\t\t\t\t<\/div>\n\t\t<\/section>\n\t\t\t\t<section class=\"elementor-section elementor-top-section elementor-element elementor-element-fdc3750 elementor-section-boxed elementor-section-height-default elementor-section-height-default\" data-id=\"fdc3750\" data-element_type=\"section\">\n\t\t\t\t\t\t<div class=\"elementor-container elementor-column-gap-default\">\n\t\t\t\t\t<div class=\"elementor-column elementor-col-100 elementor-top-column elementor-element elementor-element-bcab42f\" data-id=\"bcab42f\" data-element_type=\"column\">\n\t\t\t<div class=\"elementor-widget-wrap elementor-element-populated\">\n\t\t\t\t\t\t<div class=\"elementor-element elementor-element-0efc789 elementor-widget elementor-widget-spacer\" data-id=\"0efc789\" data-element_type=\"widget\" data-widget_type=\"spacer.default\">\n\t\t\t\t<div class=\"elementor-widget-container\">\n\t\t\t\t\t\t\t<div class=\"elementor-spacer\">\n\t\t\t<div class=\"elementor-spacer-inner\"><\/div>\n\t\t<\/div>\n\t\t\t\t\t\t<\/div>\n\t\t\t\t<\/div>\n\t\t\t\t\t<\/div>\n\t\t<\/div>\n\t\t\t\t\t<\/div>\n\t\t<\/section>\n\t\t\t\t<\/div>","protected":false},"excerpt":{"rendered":"<p>Ayudas FEDER Home &nbsp; | &nbsp; Ayudas FEDER NOMBRE DE LA OPERACI\u00d3N \/ PROYECTO: SOFTWARE ERP INTEGRAL Aqua eBSDESCRICPCI\u00d3N DE LA OPERACI\u00d3N:Implementar un sistema de gesti\u00f3n eficaz que permita disponer de informaci\u00f3n coherente y rigurosa del desarrollo dela empresaOBJETIVOS: \u2022 Mejorar la implementaci\u00f3n de nuevos procedimientos que busquen la eficiencia de trabajosinterdepartamentales para absorber un [&hellip;]<\/p>","protected":false},"author":1,"featured_media":0,"parent":0,"menu_order":0,"comment_status":"closed","ping_status":"closed","template":"page-templates\/home.php","meta":{"footnotes":""},"class_list":["post-3921","page","type-page","status-publish","hentry"],"yoast_head":"<!-- This site is optimized with the Yoast SEO plugin v26.6 - https:\/\/yoast.com\/wordpress\/plugins\/seo\/ -->\n<title>AYUDAS FEDER - Agroingex<\/title>\n<meta name=\"robots\" content=\"index, follow, max-snippet:-1, max-image-preview:large, max-video-preview:-1\" \/>\n<link rel=\"canonical\" href=\"https:\/\/agroingex.es\/en\/federal-aid\/\" \/>\n<meta property=\"og:locale\" content=\"en_US\" \/>\n<meta property=\"og:type\" content=\"article\" \/>\n<meta property=\"og:title\" content=\"AYUDAS FEDER - Agroingex\" \/>\n<meta property=\"og:description\" content=\"Ayudas FEDER Home &nbsp; | &nbsp; Ayudas FEDER NOMBRE DE LA OPERACI\u00d3N \/ PROYECTO: SOFTWARE ERP INTEGRAL Aqua eBSDESCRICPCI\u00d3N DE LA OPERACI\u00d3N:Implementar un sistema de gesti\u00f3n eficaz que permita disponer de informaci\u00f3n coherente y rigurosa del desarrollo dela empresaOBJETIVOS: \u2022 Mejorar la implementaci\u00f3n de nuevos procedimientos que busquen la eficiencia de trabajosinterdepartamentales para absorber un [&hellip;]\" \/>\n<meta property=\"og:url\" content=\"https:\/\/agroingex.es\/en\/federal-aid\/\" \/>\n<meta property=\"og:site_name\" content=\"Agroingex\" \/>\n<meta property=\"article:modified_time\" content=\"2025-01-23T13:54:32+00:00\" \/>\n<meta property=\"og:image\" content=\"https:\/\/agroingex.es\/wp-content\/uploads\/2023\/05\/FEDER.png\" \/>\n\t<meta property=\"og:image:width\" content=\"1134\" \/>\n\t<meta property=\"og:image:height\" content=\"386\" \/>\n\t<meta property=\"og:image:type\" content=\"image\/png\" \/>\n<meta name=\"twitter:card\" content=\"summary_large_image\" \/>\n<meta name=\"twitter:label1\" content=\"Est. reading time\" \/>\n\t<meta name=\"twitter:data1\" content=\"3 minutes\" \/>\n<script type=\"application\/ld+json\" class=\"yoast-schema-graph\">{\"@context\":\"https:\/\/schema.org\",\"@graph\":[{\"@type\":\"WebPage\",\"@id\":\"https:\/\/agroingex.es\/ayudas-feder\/\",\"url\":\"https:\/\/agroingex.es\/ayudas-feder\/\",\"name\":\"AYUDAS FEDER - Agroingex\",\"isPartOf\":{\"@id\":\"https:\/\/agroingex.es\/#website\"},\"primaryImageOfPage\":{\"@id\":\"https:\/\/agroingex.es\/ayudas-feder\/#primaryimage\"},\"image\":{\"@id\":\"https:\/\/agroingex.es\/ayudas-feder\/#primaryimage\"},\"thumbnailUrl\":\"https:\/\/agroingex.es\/wp-content\/uploads\/2023\/05\/FEDER-1024x349.png\",\"datePublished\":\"2023-04-11T10:08:33+00:00\",\"dateModified\":\"2025-01-23T13:54:32+00:00\",\"breadcrumb\":{\"@id\":\"https:\/\/agroingex.es\/ayudas-feder\/#breadcrumb\"},\"inLanguage\":\"en-ZA\",\"potentialAction\":[{\"@type\":\"ReadAction\",\"target\":[\"https:\/\/agroingex.es\/ayudas-feder\/\"]}]},{\"@type\":\"ImageObject\",\"inLanguage\":\"en-ZA\",\"@id\":\"https:\/\/agroingex.es\/ayudas-feder\/#primaryimage\",\"url\":\"https:\/\/agroingex.es\/wp-content\/uploads\/2023\/05\/FEDER-1024x349.png\",\"contentUrl\":\"https:\/\/agroingex.es\/wp-content\/uploads\/2023\/05\/FEDER-1024x349.png\"},{\"@type\":\"BreadcrumbList\",\"@id\":\"https:\/\/agroingex.es\/ayudas-feder\/#breadcrumb\",\"itemListElement\":[{\"@type\":\"ListItem\",\"position\":1,\"name\":\"Portada\",\"item\":\"https:\/\/agroingex.es\/\"},{\"@type\":\"ListItem\",\"position\":2,\"name\":\"AYUDAS FEDER\"}]},{\"@type\":\"WebSite\",\"@id\":\"https:\/\/agroingex.es\/#website\",\"url\":\"https:\/\/agroingex.es\/\",\"name\":\"Agroingex\",\"description\":\"Agroingex | Gesti\u00f3n de explotaciones agrarias\",\"publisher\":{\"@id\":\"https:\/\/agroingex.es\/#organization\"},\"potentialAction\":[{\"@type\":\"SearchAction\",\"target\":{\"@type\":\"EntryPoint\",\"urlTemplate\":\"https:\/\/agroingex.es\/?s={search_term_string}\"},\"query-input\":{\"@type\":\"PropertyValueSpecification\",\"valueRequired\":true,\"valueName\":\"search_term_string\"}}],\"inLanguage\":\"en-ZA\"},{\"@type\":\"Organization\",\"@id\":\"https:\/\/agroingex.es\/#organization\",\"name\":\"Agroingex\",\"url\":\"https:\/\/agroingex.es\/\",\"logo\":{\"@type\":\"ImageObject\",\"inLanguage\":\"en-ZA\",\"@id\":\"https:\/\/agroingex.es\/#\/schema\/logo\/image\/\",\"url\":\"https:\/\/agroingex.es\/wp-content\/uploads\/2022\/09\/agroingex-energia.png\",\"contentUrl\":\"https:\/\/agroingex.es\/wp-content\/uploads\/2022\/09\/agroingex-energia.png\",\"width\":545,\"height\":241,\"caption\":\"Agroingex\"},\"image\":{\"@id\":\"https:\/\/agroingex.es\/#\/schema\/logo\/image\/\"}}]}<\/script>\n<!-- \/ Yoast SEO plugin. -->","yoast_head_json":{"title":"FEDER AID - Agroingex","robots":{"index":"index","follow":"follow","max-snippet":"max-snippet:-1","max-image-preview":"max-image-preview:large","max-video-preview":"max-video-preview:-1"},"canonical":"https:\/\/agroingex.es\/en\/federal-aid\/","og_locale":"en_US","og_type":"article","og_title":"AYUDAS FEDER - Agroingex","og_description":"Ayudas FEDER Home &nbsp; | &nbsp; Ayudas FEDER NOMBRE DE LA OPERACI\u00d3N \/ PROYECTO: SOFTWARE ERP INTEGRAL Aqua eBSDESCRICPCI\u00d3N DE LA OPERACI\u00d3N:Implementar un sistema de gesti\u00f3n eficaz que permita disponer de informaci\u00f3n coherente y rigurosa del desarrollo dela empresaOBJETIVOS: \u2022 Mejorar la implementaci\u00f3n de nuevos procedimientos que busquen la eficiencia de trabajosinterdepartamentales para absorber un [&hellip;]","og_url":"https:\/\/agroingex.es\/en\/federal-aid\/","og_site_name":"Agroingex","article_modified_time":"2025-01-23T13:54:32+00:00","og_image":[{"width":1134,"height":386,"url":"https:\/\/agroingex.es\/wp-content\/uploads\/2023\/05\/FEDER.png","type":"image\/png"}],"twitter_card":"summary_large_image","twitter_misc":{"Est. reading time":"3 minutes"},"schema":{"@context":"https:\/\/schema.org","@graph":[{"@type":"WebPage","@id":"https:\/\/agroingex.es\/ayudas-feder\/","url":"https:\/\/agroingex.es\/ayudas-feder\/","name":"FEDER AID - Agroingex","isPartOf":{"@id":"https:\/\/agroingex.es\/#website"},"primaryImageOfPage":{"@id":"https:\/\/agroingex.es\/ayudas-feder\/#primaryimage"},"image":{"@id":"https:\/\/agroingex.es\/ayudas-feder\/#primaryimage"},"thumbnailUrl":"https:\/\/agroingex.es\/wp-content\/uploads\/2023\/05\/FEDER-1024x349.png","datePublished":"2023-04-11T10:08:33+00:00","dateModified":"2025-01-23T13:54:32+00:00","breadcrumb":{"@id":"https:\/\/agroingex.es\/ayudas-feder\/#breadcrumb"},"inLanguage":"en-ZA","potentialAction":[{"@type":"ReadAction","target":["https:\/\/agroingex.es\/ayudas-feder\/"]}]},{"@type":"ImageObject","inLanguage":"en-ZA","@id":"https:\/\/agroingex.es\/ayudas-feder\/#primaryimage","url":"https:\/\/agroingex.es\/wp-content\/uploads\/2023\/05\/FEDER-1024x349.png","contentUrl":"https:\/\/agroingex.es\/wp-content\/uploads\/2023\/05\/FEDER-1024x349.png"},{"@type":"BreadcrumbList","@id":"https:\/\/agroingex.es\/ayudas-feder\/#breadcrumb","itemListElement":[{"@type":"ListItem","position":1,"name":"Portada","item":"https:\/\/agroingex.es\/"},{"@type":"ListItem","position":2,"name":"AYUDAS FEDER"}]},{"@type":"WebSite","@id":"https:\/\/agroingex.es\/#website","url":"https:\/\/agroingex.es\/","name":"Agroingex","description":"Agroingex | Farm Management","publisher":{"@id":"https:\/\/agroingex.es\/#organization"},"potentialAction":[{"@type":"SearchAction","target":{"@type":"EntryPoint","urlTemplate":"https:\/\/agroingex.es\/?s={search_term_string}"},"query-input":{"@type":"PropertyValueSpecification","valueRequired":true,"valueName":"search_term_string"}}],"inLanguage":"en-ZA"},{"@type":"Organization","@id":"https:\/\/agroingex.es\/#organization","name":"Agroingex","url":"https:\/\/agroingex.es\/","logo":{"@type":"ImageObject","inLanguage":"en-ZA","@id":"https:\/\/agroingex.es\/#\/schema\/logo\/image\/","url":"https:\/\/agroingex.es\/wp-content\/uploads\/2022\/09\/agroingex-energia.png","contentUrl":"https:\/\/agroingex.es\/wp-content\/uploads\/2022\/09\/agroingex-energia.png","width":545,"height":241,"caption":"Agroingex"},"image":{"@id":"https:\/\/agroingex.es\/#\/schema\/logo\/image\/"}}]}},"_links":{"self":[{"href":"https:\/\/agroingex.es\/en\/wp-json\/wp\/v2\/pages\/3921","targetHints":{"allow":["GET"]}}],"collection":[{"href":"https:\/\/agroingex.es\/en\/wp-json\/wp\/v2\/pages"}],"about":[{"href":"https:\/\/agroingex.es\/en\/wp-json\/wp\/v2\/types\/page"}],"author":[{"embeddable":true,"href":"https:\/\/agroingex.es\/en\/wp-json\/wp\/v2\/users\/1"}],"replies":[{"embeddable":true,"href":"https:\/\/agroingex.es\/en\/wp-json\/wp\/v2\/comments?post=3921"}],"version-history":[{"count":20,"href":"https:\/\/agroingex.es\/en\/wp-json\/wp\/v2\/pages\/3921\/revisions"}],"predecessor-version":[{"id":4079,"href":"https:\/\/agroingex.es\/en\/wp-json\/wp\/v2\/pages\/3921\/revisions\/4079"}],"wp:attachment":[{"href":"https:\/\/agroingex.es\/en\/wp-json\/wp\/v2\/media?parent=3921"}],"curies":[{"name":"wp","href":"https:\/\/api.w.org\/{rel}","templated":true}]}}