{"id":1408,"date":"2021-03-10T13:12:35","date_gmt":"2021-03-10T13:12:35","guid":{"rendered":"https:\/\/agroingex.es\/politica-de-privacidad-copy\/"},"modified":"2025-01-23T16:42:45","modified_gmt":"2025-01-23T16:42:45","slug":"mentions-legales","status":"publish","type":"page","link":"https:\/\/agroingex.es\/fr\/mentions-legales\/","title":{"rendered":"Mentions l\u00e9gales"},"content":{"rendered":"<div data-elementor-type=\"wp-page\" data-elementor-id=\"1408\" class=\"elementor elementor-1408\" data-elementor-post-type=\"page\">\n\t\t\t\t\t\t<section class=\"elementor-section elementor-top-section elementor-element elementor-element-c196342 elementor-section-full_width elementor-section-height-default elementor-section-height-default\" data-id=\"c196342\" data-element_type=\"section\">\n\t\t\t\t\t\t<div class=\"elementor-container elementor-column-gap-no\">\n\t\t\t\t\t<div class=\"elementor-column elementor-col-100 elementor-top-column elementor-element elementor-element-7cc742a\" data-id=\"7cc742a\" data-element_type=\"column\">\n\t\t\t<div class=\"elementor-widget-wrap elementor-element-populated\">\n\t\t\t\t\t\t<div class=\"elementor-element elementor-element-9f006a0 elementor-align-left elementor-widget elementor-widget-about-page-header\" data-id=\"9f006a0\" data-element_type=\"widget\" data-widget_type=\"about-page-header.default\">\n\t\t\t\t<div class=\"elementor-widget-container\">\n\t\t\t\t\t\n\t\t\t\t<div class=\"pages-hero\" style=\"background-image: url(https:\/\/agroingex.es\/wp-content\/uploads\/2021\/02\/cookies.jpg);\">\n\t\t\n\t\t\t<div class=\"container\">\n\n\t\t\t\t<div class=\"pages-title\">\n\n\t\t\t\t\t\t\t\t\t\t<h1>Mentions l\u00e9gales<\/h1>\n\t\t\t\t\t\n\t\t\t\t\t<div class=\"page-nav\">\n\n\t\t\t\t\t\t\t\t\t\t\t\t\t<p><a href=\"https:\/\/agroingex.es\/fr\/\">Maison<\/a> &nbsp; | &nbsp; <a>Mentions l\u00e9gales<\/a><\/p>\n\t\t\t\t\t\t\n\t\t\t\t\t<\/div>\n\n\t\t\t\t<\/div>\n\n\t\t\t<\/div>\n\n\t\t<\/div>\n\n\t\t\t\t\t<\/div>\n\t\t\t\t<\/div>\n\t\t\t\t\t<\/div>\n\t\t<\/div>\n\t\t\t\t\t<\/div>\n\t\t<\/section>\n\t\t\t\t<section class=\"elementor-section elementor-top-section elementor-element elementor-element-57dc5f2 elementor-section-boxed elementor-section-height-default elementor-section-height-default\" data-id=\"57dc5f2\" data-element_type=\"section\">\n\t\t\t\t\t\t<div class=\"elementor-container elementor-column-gap-default\">\n\t\t\t\t\t<div class=\"elementor-column elementor-col-100 elementor-top-column elementor-element elementor-element-966cb96\" data-id=\"966cb96\" data-element_type=\"column\">\n\t\t\t<div class=\"elementor-widget-wrap elementor-element-populated\">\n\t\t\t\t\t\t<div class=\"elementor-element elementor-element-ccb87fe elementor-widget elementor-widget-text-editor\" data-id=\"ccb87fe\" data-element_type=\"widget\" data-widget_type=\"text-editor.default\">\n\t\t\t\t<div class=\"elementor-widget-container\">\n\t\t\t\t\t\t\t\t\t<p>Cet avis juridique r\u00e9git les conditions g\u00e9n\u00e9rales d&#039;acc\u00e8s et d&#039;utilisation du site Web accessible \u00e0 l&#039;URL https:\/\/agroingex.es (ci-apr\u00e8s, le site Web), qu&#039;Agroingex SL met \u00e0 la disposition des utilisateurs d&#039;Internet. L&#039;utilisation du site Web implique l&#039;acceptation pleine et enti\u00e8re de chacune des dispositions incluses dans le pr\u00e9sent avis juridique. Par cons\u00e9quent, les utilisateurs du site Web doivent lire attentivement cet avis juridique chaque fois qu&#039;ils ont l&#039;intention d&#039;utiliser le site Web, car le texte peut \u00eatre modifi\u00e9 \u00e0 la discr\u00e9tion du propri\u00e9taire du site Web, ou en raison de changements dans la l\u00e9gislation, la jurisprudence ou les pratiques commerciales.<\/p><h5><strong>1.- PROPRI\u00c9T\u00c9 DU SITE WEB. <\/strong><\/h5><p>Nom du propri\u00e9taire : \u00c1ngel Manuel Arranz Romero<\/p><p>Si\u00e8ge social : Zone industrielle \u00ab Las Cumbres \u00bb, rue Torricelli, 26<\/p><p>Population : Don Benito<\/p><p>Province : Badajoz<\/p><p>CP: 06400<\/p><p>CIF : B06587448<\/p><p>Num\u00e9ro de t\u00e9l\u00e9phone de contact : 924952199 E-mail : info@agroingex.es D\u00e9tails d&#039;inscription :<\/p><h5><strong>2.- OBJET. <\/strong><\/h5><p>Le site Web permet aux utilisateurs d&#039;acc\u00e9der aux informations et aux services fournis par Agroingex SL aux personnes ou aux organisations int\u00e9ress\u00e9es.<\/p><h5><strong>3.- ACC\u00c8S ET UTILISATION DU SITE WEB. <\/strong><\/h5><p>3.1.- Acc\u00e8s et utilisation gratuits du site.<\/p><p>L&#039;acc\u00e8s au site est gratuit pour ses utilisateurs.<\/p><p>3.2.- Enregistrement de l&#039;utilisateur.<\/p><p>En g\u00e9n\u00e9ral, l&#039;acc\u00e8s et l&#039;utilisation du site ne n\u00e9cessitent pas d&#039;abonnement ou d&#039;enregistrement pr\u00e9alable de ses utilisateurs.<\/p><h5><strong>4.- CONTENU DU SITE WEB. <\/strong><\/h5><p>La langue utilis\u00e9e par le propri\u00e9taire sur le site Web sera l&#039;espagnol. Agroingex SL n&#039;est pas responsable de l&#039;incapacit\u00e9 de l&#039;utilisateur \u00e0 comprendre ou \u00e0 assimiler la langue du site Web, ni des cons\u00e9quences qui en d\u00e9coulent.<\/p><p>Agroingex SL peut modifier le contenu sans pr\u00e9avis, ainsi que les supprimer et les modifier au sein du site Web, ainsi que la mani\u00e8re dont ils sont accessibles, sans justification et librement, et n&#039;est pas responsable des cons\u00e9quences que ceux-ci peuvent entra\u00eener pour les utilisateurs.<\/p><p>Il est interdit d&#039;utiliser le contenu du site web pour promouvoir, contracter ou diffuser de la publicit\u00e9 ou des informations, qu&#039;elles soient propres ou celles de tiers, sans l&#039;autorisation d&#039;Agroingex SL. Il est \u00e9galement interdit d&#039;envoyer de la publicit\u00e9 ou des informations via les services ou informations mis \u00e0 la disposition des utilisateurs, que cette utilisation soit gratuite ou payante.<\/p><p>Tous les liens ou hyperliens que des tiers incorporent dans leurs pages Web, dirig\u00e9s vers ce site Web, seront destin\u00e9s \u00e0 l&#039;ouverture de la page Web compl\u00e8te et ne pourront pas exprimer, directement ou indirectement, des informations fausses, inexactes ou confuses, ni entra\u00eener des actions d\u00e9loyales ou ill\u00e9gales contre Agroingex SL.<\/p><h5><strong>5.- LIMITATION DE RESPONSABILIT\u00c9. <\/strong><\/h5><p>L&#039;acc\u00e8s au site Web ainsi que toute utilisation non autoris\u00e9e des informations qu&#039;il contient rel\u00e8vent de la seule responsabilit\u00e9 de la personne qui y acc\u00e8de. Agroingex SL ne sera pas responsable des cons\u00e9quences, dommages ou pertes pouvant r\u00e9sulter d&#039;un tel acc\u00e8s ou d&#039;une telle utilisation. Agroingex SL n&#039;est pas responsable des erreurs de s\u00e9curit\u00e9 qui pourraient survenir ou des dommages qui pourraient \u00eatre caus\u00e9s au syst\u00e8me informatique de l&#039;utilisateur (mat\u00e9riel et logiciel), ou aux fichiers ou documents qui y sont stock\u00e9s, en raison de : <\/p><ul><li>la pr\u00e9sence d&#039;un virus sur l&#039;ordinateur de l&#039;utilisateur utilis\u00e9 pour se connecter aux services et contenus du site.<\/li><li>un dysfonctionnement du navigateur,<\/li><li>et\/ou l\u2019utilisation de versions non mises \u00e0 jour de celles-ci.<\/li><\/ul><p>Agroingex SL n&#039;est pas responsable de la fiabilit\u00e9 et de la rapidit\u00e9 des hyperliens int\u00e9gr\u00e9s au site Web pour ouvrir d&#039;autres sites Web. Agroingex SL ne garantit pas l&#039;utilit\u00e9 de ces liens, ni n&#039;est responsable du contenu ou des services auxquels l&#039;utilisateur peut acc\u00e9der via ces liens, ni du bon fonctionnement de ces sites Web.<\/p><p>Agroingex SL ne sera pas responsable des virus ou autres programmes informatiques qui endommagent ou peuvent endommager les syst\u00e8mes informatiques ou les \u00e9quipements des utilisateurs lors de l&#039;acc\u00e8s \u00e0 son site Web ou \u00e0 d&#039;autres sites Web accessibles via des liens sur ce site Web.<\/p><h5><strong>6.- UTILISATION DE LA TECHNOLOGIE \u00ab COOKIE \u00bb. <\/strong><\/h5><p>Le site Web n&#039;utilise pas de cookies ni aucun autre processus invisible pour collecter des informations pendant que les utilisateurs naviguent sur le site, respectant ainsi \u00e0 tout moment leur confidentialit\u00e9 et leur vie priv\u00e9e.<\/p><p>*SI DES COOKIES SONT UTILIS\u00c9S, VEUILLEZ CONSULTER LA NOTICE D&#039;UTILISATION DES COOKIES. Ce site web utilise des cookies\u00a0; vous pouvez consulter notre Politique relative aux cookies, qui respecte votre confidentialit\u00e9 et votre vie priv\u00e9e \u00e0 tout moment.<\/p><h5><strong>7.- PROPRI\u00c9T\u00c9 INTELLECTUELLE ET INDUSTRIELLE. <\/strong><\/h5><p>Agroingex SL est propri\u00e9taire de tous les droits de propri\u00e9t\u00e9 industrielle et intellectuelle sur le site Web, ainsi que sur le contenu qu&#039;il contient. Toute utilisation du site ou de son contenu doit \u00eatre exclusivement r\u00e9serv\u00e9e \u00e0 des fins priv\u00e9es. Toute autre utilisation impliquant la copie, la reproduction, la distribution, la transformation, la communication publique ou toute autre action similaire de tout ou partie du contenu du site Web est r\u00e9serv\u00e9e exclusivement \u00e0 Agroingex SL, de sorte qu&#039;aucun utilisateur ne peut effectuer ces actions sans l&#039;autorisation \u00e9crite pr\u00e9alable d&#039;Agroingex SL.<\/p><h5><strong>\u00a08.- POLITIQUE DE CONFIDENTIALIT\u00c9 ET DE PROTECTION DES DONN\u00c9ES <\/strong><\/h5><p>Agroingex SL garantit la protection et la confidentialit\u00e9 de toutes les donn\u00e9es personnelles fournies par nos entreprises clientes, conform\u00e9ment aux dispositions de la loi organique 15\/1999 du 13 d\u00e9cembre, sur la protection des donn\u00e9es personnelles.<\/p><p>Toutes les donn\u00e9es fournies par nos entreprises clientes \u00e0 Agroingex SL ou \u00e0 son personnel seront incluses dans un fichier automatis\u00e9 de donn\u00e9es personnelles cr\u00e9\u00e9 et maintenu sous la responsabilit\u00e9 d&#039;Agroingex SL, indispensable pour fournir les services demand\u00e9s par les utilisateurs.<\/p><p>Les donn\u00e9es fournies seront trait\u00e9es conform\u00e9ment au R\u00e8glement sur les mesures de s\u00e9curit\u00e9 (D\u00e9cret royal 1720\/2007 du 21 d\u00e9cembre). Agroingex SL a adopt\u00e9 les niveaux de protection l\u00e9galement requis et a mis en \u0153uvre toutes les mesures techniques \u00e0 sa disposition pour pr\u00e9venir toute perte, utilisation abusive, alt\u00e9ration et acc\u00e8s non autoris\u00e9 par des tiers. Toutefois, les utilisateurs doivent \u00eatre conscients que les mesures de s\u00e9curit\u00e9 sur Internet ne sont pas invuln\u00e9rables. Si vous estimez opportun de transf\u00e9rer vos donn\u00e9es personnelles \u00e0 d&#039;autres entit\u00e9s, vous serez inform\u00e9 des donn\u00e9es transf\u00e9r\u00e9es, de la finalit\u00e9 du fichier, ainsi que du nom et de l&#039;adresse du cessionnaire, afin que vous puissiez donner votre consentement sans \u00e9quivoque. Conform\u00e9ment aux dispositions du RGPD, l&#039;utilisateur peut exercer ses droits d&#039;acc\u00e8s, de rectification, d&#039;annulation et d&#039;opposition. Pour ce faire, veuillez nous contacter \u00e0 info@agroingex.es<\/p><h5><strong>9.- L\u00c9GISLATION APPLICABLE ET JURIDICTION COMP\u00c9TENTE. <\/strong><\/h5><p>Cet avis juridique sera interpr\u00e9t\u00e9 et r\u00e9gi conform\u00e9ment au droit espagnol. Agroingex SL et les utilisateurs, renon\u00e7ant express\u00e9ment \u00e0 toute autre juridiction qui pourrait leur \u00eatre applicable, se soumettent \u00e0 la juridiction des tribunaux et cours du domicile de l&#039;utilisateur pour tout litige pouvant d\u00e9couler de l&#039;acc\u00e8s ou de l&#039;utilisation du site Web. Dans le cas o\u00f9 l&#039;utilisateur est domicili\u00e9 hors d&#039;Espagne, Agroingex SL et l&#039;utilisateur, renon\u00e7ant express\u00e9ment \u00e0 toute autre juridiction, se soumettent aux tribunaux et cours du domicile d&#039;Agroingex SL.<\/p>\t\t\t\t\t\t\t\t<\/div>\n\t\t\t\t<\/div>\n\t\t\t\t\t<\/div>\n\t\t<\/div>\n\t\t\t\t\t<\/div>\n\t\t<\/section>\n\t\t\t\t<\/div>","protected":false},"excerpt":{"rendered":"<p>Mentions l\u00e9gales Accueil | Mentions l\u00e9gales Les pr\u00e9sentes mentions l\u00e9gales r\u00e9gissent les conditions g\u00e9n\u00e9rales d&#039;acc\u00e8s et d&#039;utilisation du site web accessible \u00e0 l&#039;adresse https:\/\/agroingex.es (ci-apr\u00e8s le \u00ab\u00a0site web\u00a0\u00bb), mis \u00e0 disposition des internautes par Agroingex SL. L&#039;utilisation du site web implique l&#039;acceptation pleine et enti\u00e8re des [\u2026]<\/p>","protected":false},"author":1,"featured_media":0,"parent":0,"menu_order":0,"comment_status":"closed","ping_status":"closed","template":"page-templates\/home-1-template.php","meta":{"footnotes":""},"class_list":["post-1408","page","type-page","status-publish","hentry"],"yoast_head":"<!-- This site is optimized with the Yoast SEO plugin v26.6 - https:\/\/yoast.com\/wordpress\/plugins\/seo\/ -->\n<title>Aviso legal - Agroingex<\/title>\n<meta name=\"robots\" content=\"index, follow, max-snippet:-1, max-image-preview:large, max-video-preview:-1\" \/>\n<link rel=\"canonical\" href=\"https:\/\/agroingex.es\/fr\/mentions-legales\/\" \/>\n<meta property=\"og:locale\" content=\"fr_FR\" \/>\n<meta property=\"og:type\" content=\"article\" \/>\n<meta property=\"og:title\" content=\"Aviso legal - Agroingex\" \/>\n<meta property=\"og:description\" content=\"Aviso Legal Home \u00a0 | \u00a0 Aviso Legal El presente Aviso Legal regula las condiciones generales de acceso y utilizaci\u00f3n del sitio web accesible en la direcci\u00f3n URL https:\/\/agroingex.es (en adelante, el sitio web), que Agroingex S.L. pone a disposici\u00f3n de los usuarios de Internet. La utilizaci\u00f3n del sitio web implica la aceptaci\u00f3n plena y [&hellip;]\" \/>\n<meta property=\"og:url\" content=\"https:\/\/agroingex.es\/fr\/mentions-legales\/\" \/>\n<meta property=\"og:site_name\" content=\"Agroingex\" \/>\n<meta property=\"article:modified_time\" content=\"2025-01-23T16:42:45+00:00\" \/>\n<meta name=\"twitter:card\" content=\"summary_large_image\" \/>\n<meta name=\"twitter:label1\" content=\"Dur\u00e9e de lecture estim\u00e9e\" \/>\n\t<meta name=\"twitter:data1\" content=\"6 minutes\" \/>\n<script type=\"application\/ld+json\" class=\"yoast-schema-graph\">{\"@context\":\"https:\/\/schema.org\",\"@graph\":[{\"@type\":\"WebPage\",\"@id\":\"https:\/\/agroingex.es\/aviso-legal\/\",\"url\":\"https:\/\/agroingex.es\/aviso-legal\/\",\"name\":\"Aviso legal - Agroingex\",\"isPartOf\":{\"@id\":\"https:\/\/agroingex.es\/#website\"},\"datePublished\":\"2021-03-10T13:12:35+00:00\",\"dateModified\":\"2025-01-23T16:42:45+00:00\",\"breadcrumb\":{\"@id\":\"https:\/\/agroingex.es\/aviso-legal\/#breadcrumb\"},\"inLanguage\":\"fr-FR\",\"potentialAction\":[{\"@type\":\"ReadAction\",\"target\":[\"https:\/\/agroingex.es\/aviso-legal\/\"]}]},{\"@type\":\"BreadcrumbList\",\"@id\":\"https:\/\/agroingex.es\/aviso-legal\/#breadcrumb\",\"itemListElement\":[{\"@type\":\"ListItem\",\"position\":1,\"name\":\"Portada\",\"item\":\"https:\/\/agroingex.es\/\"},{\"@type\":\"ListItem\",\"position\":2,\"name\":\"Aviso legal\"}]},{\"@type\":\"WebSite\",\"@id\":\"https:\/\/agroingex.es\/#website\",\"url\":\"https:\/\/agroingex.es\/\",\"name\":\"Agroingex\",\"description\":\"Agroingex | Gesti\u00f3n de explotaciones agrarias\",\"publisher\":{\"@id\":\"https:\/\/agroingex.es\/#organization\"},\"potentialAction\":[{\"@type\":\"SearchAction\",\"target\":{\"@type\":\"EntryPoint\",\"urlTemplate\":\"https:\/\/agroingex.es\/?s={search_term_string}\"},\"query-input\":{\"@type\":\"PropertyValueSpecification\",\"valueRequired\":true,\"valueName\":\"search_term_string\"}}],\"inLanguage\":\"fr-FR\"},{\"@type\":\"Organization\",\"@id\":\"https:\/\/agroingex.es\/#organization\",\"name\":\"Agroingex\",\"url\":\"https:\/\/agroingex.es\/\",\"logo\":{\"@type\":\"ImageObject\",\"inLanguage\":\"fr-FR\",\"@id\":\"https:\/\/agroingex.es\/#\/schema\/logo\/image\/\",\"url\":\"https:\/\/agroingex.es\/wp-content\/uploads\/2022\/09\/agroingex-energia.png\",\"contentUrl\":\"https:\/\/agroingex.es\/wp-content\/uploads\/2022\/09\/agroingex-energia.png\",\"width\":545,\"height\":241,\"caption\":\"Agroingex\"},\"image\":{\"@id\":\"https:\/\/agroingex.es\/#\/schema\/logo\/image\/\"}}]}<\/script>\n<!-- \/ Yoast SEO plugin. -->","yoast_head_json":{"title":"Mentions l\u00e9gales - Agroingex","robots":{"index":"index","follow":"follow","max-snippet":"max-snippet:-1","max-image-preview":"max-image-preview:large","max-video-preview":"max-video-preview:-1"},"canonical":"https:\/\/agroingex.es\/fr\/mentions-legales\/","og_locale":"fr_FR","og_type":"article","og_title":"Aviso legal - Agroingex","og_description":"Aviso Legal Home \u00a0 | \u00a0 Aviso Legal El presente Aviso Legal regula las condiciones generales de acceso y utilizaci\u00f3n del sitio web accesible en la direcci\u00f3n URL https:\/\/agroingex.es (en adelante, el sitio web), que Agroingex S.L. pone a disposici\u00f3n de los usuarios de Internet. La utilizaci\u00f3n del sitio web implica la aceptaci\u00f3n plena y [&hellip;]","og_url":"https:\/\/agroingex.es\/fr\/mentions-legales\/","og_site_name":"Agroingex","article_modified_time":"2025-01-23T16:42:45+00:00","twitter_card":"summary_large_image","twitter_misc":{"Dur\u00e9e de lecture estim\u00e9e":"6 minutes"},"schema":{"@context":"https:\/\/schema.org","@graph":[{"@type":"WebPage","@id":"https:\/\/agroingex.es\/aviso-legal\/","url":"https:\/\/agroingex.es\/aviso-legal\/","name":"Mentions l\u00e9gales - Agroingex","isPartOf":{"@id":"https:\/\/agroingex.es\/#website"},"datePublished":"2021-03-10T13:12:35+00:00","dateModified":"2025-01-23T16:42:45+00:00","breadcrumb":{"@id":"https:\/\/agroingex.es\/aviso-legal\/#breadcrumb"},"inLanguage":"fr-FR","potentialAction":[{"@type":"ReadAction","target":["https:\/\/agroingex.es\/aviso-legal\/"]}]},{"@type":"BreadcrumbList","@id":"https:\/\/agroingex.es\/aviso-legal\/#breadcrumb","itemListElement":[{"@type":"ListItem","position":1,"name":"Portada","item":"https:\/\/agroingex.es\/"},{"@type":"ListItem","position":2,"name":"Aviso legal"}]},{"@type":"WebSite","@id":"https:\/\/agroingex.es\/#website","url":"https:\/\/agroingex.es\/","name":"Agroingex","description":"Agroingex | Gestion de la ferme","publisher":{"@id":"https:\/\/agroingex.es\/#organization"},"potentialAction":[{"@type":"SearchAction","target":{"@type":"EntryPoint","urlTemplate":"https:\/\/agroingex.es\/?s={search_term_string}"},"query-input":{"@type":"PropertyValueSpecification","valueRequired":true,"valueName":"search_term_string"}}],"inLanguage":"fr-FR"},{"@type":"Organization","@id":"https:\/\/agroingex.es\/#organization","name":"Agroingex","url":"https:\/\/agroingex.es\/","logo":{"@type":"ImageObject","inLanguage":"fr-FR","@id":"https:\/\/agroingex.es\/#\/schema\/logo\/image\/","url":"https:\/\/agroingex.es\/wp-content\/uploads\/2022\/09\/agroingex-energia.png","contentUrl":"https:\/\/agroingex.es\/wp-content\/uploads\/2022\/09\/agroingex-energia.png","width":545,"height":241,"caption":"Agroingex"},"image":{"@id":"https:\/\/agroingex.es\/#\/schema\/logo\/image\/"}}]}},"_links":{"self":[{"href":"https:\/\/agroingex.es\/fr\/wp-json\/wp\/v2\/pages\/1408","targetHints":{"allow":["GET"]}}],"collection":[{"href":"https:\/\/agroingex.es\/fr\/wp-json\/wp\/v2\/pages"}],"about":[{"href":"https:\/\/agroingex.es\/fr\/wp-json\/wp\/v2\/types\/page"}],"author":[{"embeddable":true,"href":"https:\/\/agroingex.es\/fr\/wp-json\/wp\/v2\/users\/1"}],"replies":[{"embeddable":true,"href":"https:\/\/agroingex.es\/fr\/wp-json\/wp\/v2\/comments?post=1408"}],"version-history":[{"count":5,"href":"https:\/\/agroingex.es\/fr\/wp-json\/wp\/v2\/pages\/1408\/revisions"}],"predecessor-version":[{"id":1730,"href":"https:\/\/agroingex.es\/fr\/wp-json\/wp\/v2\/pages\/1408\/revisions\/1730"}],"wp:attachment":[{"href":"https:\/\/agroingex.es\/fr\/wp-json\/wp\/v2\/media?parent=1408"}],"curies":[{"name":"wp","href":"https:\/\/api.w.org\/{rel}","templated":true}]}}