{"id":3921,"date":"2023-04-11T10:08:33","date_gmt":"2023-04-11T10:08:33","guid":{"rendered":"https:\/\/agroingex.es\/?page_id=3921"},"modified":"2025-01-23T13:54:32","modified_gmt":"2025-01-23T13:54:32","slug":"aide-federale","status":"publish","type":"page","link":"https:\/\/agroingex.es\/fr\/aide-federale\/","title":{"rendered":"AIDE FEDER"},"content":{"rendered":"<div data-elementor-type=\"wp-page\" data-elementor-id=\"3921\" class=\"elementor elementor-3921\" data-elementor-post-type=\"page\">\n\t\t\t\t\t\t<section class=\"elementor-section elementor-top-section elementor-element elementor-element-0f4e0fc elementor-section-full_width elementor-section-height-default elementor-section-height-default\" data-id=\"0f4e0fc\" data-element_type=\"section\">\n\t\t\t\t\t\t<div class=\"elementor-container elementor-column-gap-no\">\n\t\t\t\t\t<div class=\"elementor-column elementor-col-100 elementor-top-column elementor-element elementor-element-3e83447\" data-id=\"3e83447\" data-element_type=\"column\">\n\t\t\t<div class=\"elementor-widget-wrap elementor-element-populated\">\n\t\t\t\t\t\t<div class=\"elementor-element elementor-element-460b3e4 elementor-align-left elementor-widget elementor-widget-about-page-header\" data-id=\"460b3e4\" data-element_type=\"widget\" data-widget_type=\"about-page-header.default\">\n\t\t\t\t<div class=\"elementor-widget-container\">\n\t\t\t\t\t\n\t\t\t\t<div class=\"pages-hero\" style=\"background-image: url(https:\/\/agroingex.es\/wp-content\/uploads\/2021\/02\/cookies.jpg);\">\n\t\t\n\t\t\t<div class=\"container\">\n\n\t\t\t\t<div class=\"pages-title\">\n\n\t\t\t\t\t\t\t\t\t\t<h1>Subventions FEDER<\/h1>\n\t\t\t\t\t\n\t\t\t\t\t<div class=\"page-nav\">\n\n\t\t\t\t\t\t\t\t\t\t\t\t\t<p><a href=\"https:\/\/agroingex.es\/fr\/\">Maison<\/a> &nbsp; | &nbsp; <a>Subventions FEDER<\/a><\/p>\n\t\t\t\t\t\t\n\t\t\t\t\t<\/div>\n\n\t\t\t\t<\/div>\n\n\t\t\t<\/div>\n\n\t\t<\/div>\n\n\t\t\t\t\t<\/div>\n\t\t\t\t<\/div>\n\t\t\t\t\t<\/div>\n\t\t<\/div>\n\t\t\t\t\t<\/div>\n\t\t<\/section>\n\t\t\t\t<section class=\"elementor-section elementor-top-section elementor-element elementor-element-ee0912c elementor-section-boxed elementor-section-height-default elementor-section-height-default\" data-id=\"ee0912c\" data-element_type=\"section\">\n\t\t\t\t\t\t<div class=\"elementor-container elementor-column-gap-default\">\n\t\t\t\t\t<div class=\"elementor-column elementor-col-50 elementor-top-column elementor-element elementor-element-b73d3aa\" data-id=\"b73d3aa\" data-element_type=\"column\">\n\t\t\t<div class=\"elementor-widget-wrap elementor-element-populated\">\n\t\t\t\t\t\t<div class=\"elementor-element elementor-element-743892b elementor-widget elementor-widget-image\" data-id=\"743892b\" data-element_type=\"widget\" data-widget_type=\"image.default\">\n\t\t\t\t<div class=\"elementor-widget-container\">\n\t\t\t\t\t\t\t\t\t\t\t\t\t\t\t<img fetchpriority=\"high\" decoding=\"async\" width=\"900\" height=\"307\" src=\"https:\/\/agroingex.es\/wp-content\/uploads\/2023\/05\/FEDER-1024x349.png\" class=\"attachment-large size-large wp-image-3955\" alt=\"FEDER\" srcset=\"https:\/\/agroingex.es\/wp-content\/uploads\/2023\/05\/FEDER-1024x349.png 1024w, https:\/\/agroingex.es\/wp-content\/uploads\/2023\/05\/FEDER-300x102.png 300w, https:\/\/agroingex.es\/wp-content\/uploads\/2023\/05\/FEDER-768x261.png 768w, https:\/\/agroingex.es\/wp-content\/uploads\/2023\/05\/FEDER.png 1134w\" sizes=\"(max-width: 900px) 100vw, 900px\" \/>\t\t\t\t\t\t\t\t\t\t\t\t\t\t\t<\/div>\n\t\t\t\t<\/div>\n\t\t\t\t\t<\/div>\n\t\t<\/div>\n\t\t\t\t<div class=\"elementor-column elementor-col-50 elementor-top-column elementor-element elementor-element-9d32258\" data-id=\"9d32258\" data-element_type=\"column\">\n\t\t\t<div class=\"elementor-widget-wrap elementor-element-populated\">\n\t\t\t\t\t\t<div class=\"elementor-element elementor-element-c00548b elementor-widget elementor-widget-image\" data-id=\"c00548b\" data-element_type=\"widget\" data-widget_type=\"image.default\">\n\t\t\t\t<div class=\"elementor-widget-container\">\n\t\t\t\t\t\t\t\t\t\t\t\t\t\t\t<img decoding=\"async\" width=\"900\" height=\"313\" src=\"https:\/\/agroingex.es\/wp-content\/uploads\/2023\/04\/Logo_Junta_CONSEJERIA-ECONOMIA-1024x356.png\" class=\"attachment-large size-large wp-image-3923\" alt=\"Logo du Conseil du D\u00c9PARTEMENT \u00c9CONOMIQUE\" srcset=\"https:\/\/agroingex.es\/wp-content\/uploads\/2023\/04\/Logo_Junta_CONSEJERIA-ECONOMIA-1024x356.png 1024w, https:\/\/agroingex.es\/wp-content\/uploads\/2023\/04\/Logo_Junta_CONSEJERIA-ECONOMIA-300x104.png 300w, https:\/\/agroingex.es\/wp-content\/uploads\/2023\/04\/Logo_Junta_CONSEJERIA-ECONOMIA-768x267.png 768w, https:\/\/agroingex.es\/wp-content\/uploads\/2023\/04\/Logo_Junta_CONSEJERIA-ECONOMIA-1536x534.png 1536w, https:\/\/agroingex.es\/wp-content\/uploads\/2023\/04\/Logo_Junta_CONSEJERIA-ECONOMIA-2048x712.png 2048w\" sizes=\"(max-width: 900px) 100vw, 900px\" \/>\t\t\t\t\t\t\t\t\t\t\t\t\t\t\t<\/div>\n\t\t\t\t<\/div>\n\t\t\t\t\t<\/div>\n\t\t<\/div>\n\t\t\t\t\t<\/div>\n\t\t<\/section>\n\t\t\t\t<section class=\"elementor-section elementor-top-section elementor-element elementor-element-c40658f elementor-section-boxed elementor-section-height-default elementor-section-height-default\" data-id=\"c40658f\" data-element_type=\"section\">\n\t\t\t\t\t\t<div class=\"elementor-container elementor-column-gap-default\">\n\t\t\t\t\t<div class=\"elementor-column elementor-col-100 elementor-top-column elementor-element elementor-element-66320ff\" data-id=\"66320ff\" data-element_type=\"column\">\n\t\t\t<div class=\"elementor-widget-wrap elementor-element-populated\">\n\t\t\t\t\t\t<section class=\"elementor-section elementor-inner-section elementor-element elementor-element-2b0c4b1 elementor-section-boxed elementor-section-height-default elementor-section-height-default\" data-id=\"2b0c4b1\" data-element_type=\"section\">\n\t\t\t\t\t\t<div class=\"elementor-container elementor-column-gap-default\">\n\t\t\t\t\t<div class=\"elementor-column elementor-col-100 elementor-inner-column elementor-element elementor-element-7bf26e6\" data-id=\"7bf26e6\" data-element_type=\"column\">\n\t\t\t<div class=\"elementor-widget-wrap elementor-element-populated\">\n\t\t\t\t\t\t<div class=\"elementor-element elementor-element-a71b7d4 elementor-widget elementor-widget-text-editor\" data-id=\"a71b7d4\" data-element_type=\"widget\" data-widget_type=\"text-editor.default\">\n\t\t\t\t<div class=\"elementor-widget-container\">\n\t\t\t\t\t\t\t\t\t<p><strong>NOM DE L&#039;OP\u00c9RATION \/ DU PROJET :<\/strong> LOGICIEL ERP COMPLET Aqua eBS<br \/><strong>DESCRIPTION DE L&#039;OP\u00c9RATION :<\/strong><br \/>Mettre en \u0153uvre un syst\u00e8me de gestion efficace qui fournit des informations coh\u00e9rentes et rigoureuses sur le d\u00e9veloppement de<br \/>l&#039;entreprise<br \/><strong>OBJECTIFS:<\/strong><\/p><p>\u2022 Am\u00e9liorer la mise en \u0153uvre de nouvelles proc\u00e9dures qui recherchent l\u2019efficacit\u00e9 du travail<br \/>interminist\u00e9riel pour absorber un volume important de travail aux heures de pointe sans<br \/>renoncer \u00e0 la qualit\u00e9 du service<br \/>\u2022 Mettre en \u0153uvre des solutions num\u00e9riques int\u00e9gr\u00e9es pour la gestion d\u2019entreprise qui permettent une gestion efficace<br \/>de projets, de gestion commerciale, de gestion documentaire et d&#039;ERP dans une solution unifi\u00e9e, num\u00e9ris\u00e9e et<br \/>accessible aux personnes de l&#039;organisation.<br \/>\u2022 Des indicateurs adapt\u00e9s \u00e0 chaque profil avec un pouvoir de d\u00e9cision et de responsabilit\u00e9 par domaine d&#039;activit\u00e9<br \/>pour une prise de d\u00e9cision correcte et qui contribuera, entre autres, \u00e0 \u00eatre plus efficace et<br \/>efficace dans le d\u00e9veloppement de notre activit\u00e9<\/p><p><strong>R\u00c9SULTATS ATTENDUS<\/strong><\/p><p>\u2022 Action commerciale. L&#039;objectif est d&#039;am\u00e9liorer la connaissance client et de d\u00e9tecter plus rapidement les probl\u00e8mes.<br \/>leurs besoins.<br \/>\u2022 Fournir \u00e0 la Direction G\u00e9n\u00e9rale un tableau de bord dont tous les indicateurs sont int\u00e9gr\u00e9s<br \/>\u00e0 l&#039;outil de gestion.<br \/>\u2022 Fournir au chef de projet un outil agile qui fournit des informations \u00e0 jour<br \/>pour aider \u00e0 la prise de d\u00e9cision.<br \/>\u2022 Suivez les encaissements et les paiements des projets avec des donn\u00e9es mises \u00e0 jour et centralis\u00e9es dans un seul<br \/>solution<br \/>\u2022 Contr\u00f4le des \u00e9carts \u00e9conomiques qui surviennent en raison de l&#039;improductivit\u00e9 dans le temps<br \/>d\u00e9di\u00e9s ou mat\u00e9riaux utilis\u00e9s tout au long du projet qui ont un impact \u00e9conomique sur<br \/>rentabilit\u00e9 du projet.<br \/>\u2022 Des solutions qui aident \u00e0 am\u00e9liorer la communication et le suivi de la dette avec le client tout au long du processus<br \/>tout au long du cycle de vie du projet gr\u00e2ce \u00e0 un syst\u00e8me de notifications automatiques aux responsables<br \/>de chaque d\u00e9partement sur la dette, la documentation en attente de signature, ainsi que les \u00e9tapes importantes de<br \/>paiements en attente.<br \/>\u2022 Optimiser l\u2019organisation des ressources humaines et mat\u00e9rielles des projets pour maximiser<br \/>respect du budget et de la planification.<br \/>\u2022 Un outil est recherch\u00e9 pour aider \u00e0 planifier les t\u00e2ches de chacune des \u00e9quipes et<br \/>machines affect\u00e9es aux projets.<br \/>\u2022 Agroingex esp\u00e8re am\u00e9liorer le contr\u00f4le de sa capacit\u00e9 de production et l\u2019ex\u00e9cution de ses projets.<\/p><p><strong>BUDGET<\/strong>: 25.000,00\u20ac<br \/><strong>AIDE RE\u00c7UE<\/strong>: 20.000,00\u20ac<br \/><strong>FONDS\/PROGRAMME :<\/strong> FEDER<\/p>\t\t\t\t\t\t\t\t<\/div>\n\t\t\t\t<\/div>\n\t\t\t\t\t<\/div>\n\t\t<\/div>\n\t\t\t\t\t<\/div>\n\t\t<\/section>\n\t\t\t\t\t<\/div>\n\t\t<\/div>\n\t\t\t\t\t<\/div>\n\t\t<\/section>\n\t\t\t\t<section class=\"elementor-section elementor-top-section elementor-element elementor-element-fdc3750 elementor-section-boxed elementor-section-height-default elementor-section-height-default\" data-id=\"fdc3750\" data-element_type=\"section\">\n\t\t\t\t\t\t<div class=\"elementor-container elementor-column-gap-default\">\n\t\t\t\t\t<div class=\"elementor-column elementor-col-100 elementor-top-column elementor-element elementor-element-bcab42f\" data-id=\"bcab42f\" data-element_type=\"column\">\n\t\t\t<div class=\"elementor-widget-wrap elementor-element-populated\">\n\t\t\t\t\t\t<div class=\"elementor-element elementor-element-0efc789 elementor-widget elementor-widget-spacer\" data-id=\"0efc789\" data-element_type=\"widget\" data-widget_type=\"spacer.default\">\n\t\t\t\t<div class=\"elementor-widget-container\">\n\t\t\t\t\t\t\t<div class=\"elementor-spacer\">\n\t\t\t<div class=\"elementor-spacer-inner\"><\/div>\n\t\t<\/div>\n\t\t\t\t\t\t<\/div>\n\t\t\t\t<\/div>\n\t\t\t\t\t<\/div>\n\t\t<\/div>\n\t\t\t\t\t<\/div>\n\t\t<\/section>\n\t\t\t\t<\/div>","protected":false},"excerpt":{"rendered":"<p>Subventions FEDER Accueil | Subventions FEDER NOM DE L&#039;OP\u00c9RATION \/ PROJET : LOGICIEL ERP INT\u00c9GRAL Aqua eBS DESCRIPTION DE L&#039;OP\u00c9RATION : Mettre en place un syst\u00e8me de gestion efficace qui fournit des informations coh\u00e9rentes et pr\u00e9cises sur le d\u00e9veloppement de l&#039;entreprise. OBJECTIFS : Am\u00e9liorer la mise en \u0153uvre de nouvelles proc\u00e9dures qui visent l&#039;efficacit\u00e9 du travail interservices pour absorber [\u2026]<\/p>","protected":false},"author":1,"featured_media":0,"parent":0,"menu_order":0,"comment_status":"closed","ping_status":"closed","template":"page-templates\/home.php","meta":{"footnotes":""},"class_list":["post-3921","page","type-page","status-publish","hentry"],"yoast_head":"<!-- This site is optimized with the Yoast SEO plugin v26.6 - https:\/\/yoast.com\/wordpress\/plugins\/seo\/ -->\n<title>AYUDAS FEDER - Agroingex<\/title>\n<meta name=\"robots\" content=\"index, follow, max-snippet:-1, max-image-preview:large, max-video-preview:-1\" \/>\n<link rel=\"canonical\" href=\"https:\/\/agroingex.es\/fr\/aide-federale\/\" \/>\n<meta property=\"og:locale\" content=\"fr_FR\" \/>\n<meta property=\"og:type\" content=\"article\" \/>\n<meta property=\"og:title\" content=\"AYUDAS FEDER - Agroingex\" \/>\n<meta property=\"og:description\" content=\"Ayudas FEDER Home &nbsp; | &nbsp; Ayudas FEDER NOMBRE DE LA OPERACI\u00d3N \/ PROYECTO: SOFTWARE ERP INTEGRAL Aqua eBSDESCRICPCI\u00d3N DE LA OPERACI\u00d3N:Implementar un sistema de gesti\u00f3n eficaz que permita disponer de informaci\u00f3n coherente y rigurosa del desarrollo dela empresaOBJETIVOS: \u2022 Mejorar la implementaci\u00f3n de nuevos procedimientos que busquen la eficiencia de trabajosinterdepartamentales para absorber un [&hellip;]\" \/>\n<meta property=\"og:url\" content=\"https:\/\/agroingex.es\/fr\/aide-federale\/\" \/>\n<meta property=\"og:site_name\" content=\"Agroingex\" \/>\n<meta property=\"article:modified_time\" content=\"2025-01-23T13:54:32+00:00\" \/>\n<meta property=\"og:image\" content=\"https:\/\/agroingex.es\/wp-content\/uploads\/2023\/05\/FEDER.png\" \/>\n\t<meta property=\"og:image:width\" content=\"1134\" \/>\n\t<meta property=\"og:image:height\" content=\"386\" \/>\n\t<meta property=\"og:image:type\" content=\"image\/png\" \/>\n<meta name=\"twitter:card\" content=\"summary_large_image\" \/>\n<meta name=\"twitter:label1\" content=\"Dur\u00e9e de lecture estim\u00e9e\" \/>\n\t<meta name=\"twitter:data1\" content=\"3 minutes\" \/>\n<script type=\"application\/ld+json\" class=\"yoast-schema-graph\">{\"@context\":\"https:\/\/schema.org\",\"@graph\":[{\"@type\":\"WebPage\",\"@id\":\"https:\/\/agroingex.es\/ayudas-feder\/\",\"url\":\"https:\/\/agroingex.es\/ayudas-feder\/\",\"name\":\"AYUDAS FEDER - Agroingex\",\"isPartOf\":{\"@id\":\"https:\/\/agroingex.es\/#website\"},\"primaryImageOfPage\":{\"@id\":\"https:\/\/agroingex.es\/ayudas-feder\/#primaryimage\"},\"image\":{\"@id\":\"https:\/\/agroingex.es\/ayudas-feder\/#primaryimage\"},\"thumbnailUrl\":\"https:\/\/agroingex.es\/wp-content\/uploads\/2023\/05\/FEDER-1024x349.png\",\"datePublished\":\"2023-04-11T10:08:33+00:00\",\"dateModified\":\"2025-01-23T13:54:32+00:00\",\"breadcrumb\":{\"@id\":\"https:\/\/agroingex.es\/ayudas-feder\/#breadcrumb\"},\"inLanguage\":\"fr-FR\",\"potentialAction\":[{\"@type\":\"ReadAction\",\"target\":[\"https:\/\/agroingex.es\/ayudas-feder\/\"]}]},{\"@type\":\"ImageObject\",\"inLanguage\":\"fr-FR\",\"@id\":\"https:\/\/agroingex.es\/ayudas-feder\/#primaryimage\",\"url\":\"https:\/\/agroingex.es\/wp-content\/uploads\/2023\/05\/FEDER-1024x349.png\",\"contentUrl\":\"https:\/\/agroingex.es\/wp-content\/uploads\/2023\/05\/FEDER-1024x349.png\"},{\"@type\":\"BreadcrumbList\",\"@id\":\"https:\/\/agroingex.es\/ayudas-feder\/#breadcrumb\",\"itemListElement\":[{\"@type\":\"ListItem\",\"position\":1,\"name\":\"Portada\",\"item\":\"https:\/\/agroingex.es\/\"},{\"@type\":\"ListItem\",\"position\":2,\"name\":\"AYUDAS FEDER\"}]},{\"@type\":\"WebSite\",\"@id\":\"https:\/\/agroingex.es\/#website\",\"url\":\"https:\/\/agroingex.es\/\",\"name\":\"Agroingex\",\"description\":\"Agroingex | Gesti\u00f3n de explotaciones agrarias\",\"publisher\":{\"@id\":\"https:\/\/agroingex.es\/#organization\"},\"potentialAction\":[{\"@type\":\"SearchAction\",\"target\":{\"@type\":\"EntryPoint\",\"urlTemplate\":\"https:\/\/agroingex.es\/?s={search_term_string}\"},\"query-input\":{\"@type\":\"PropertyValueSpecification\",\"valueRequired\":true,\"valueName\":\"search_term_string\"}}],\"inLanguage\":\"fr-FR\"},{\"@type\":\"Organization\",\"@id\":\"https:\/\/agroingex.es\/#organization\",\"name\":\"Agroingex\",\"url\":\"https:\/\/agroingex.es\/\",\"logo\":{\"@type\":\"ImageObject\",\"inLanguage\":\"fr-FR\",\"@id\":\"https:\/\/agroingex.es\/#\/schema\/logo\/image\/\",\"url\":\"https:\/\/agroingex.es\/wp-content\/uploads\/2022\/09\/agroingex-energia.png\",\"contentUrl\":\"https:\/\/agroingex.es\/wp-content\/uploads\/2022\/09\/agroingex-energia.png\",\"width\":545,\"height\":241,\"caption\":\"Agroingex\"},\"image\":{\"@id\":\"https:\/\/agroingex.es\/#\/schema\/logo\/image\/\"}}]}<\/script>\n<!-- \/ Yoast SEO plugin. -->","yoast_head_json":{"title":"FEDER AID - Agroingex","robots":{"index":"index","follow":"follow","max-snippet":"max-snippet:-1","max-image-preview":"max-image-preview:large","max-video-preview":"max-video-preview:-1"},"canonical":"https:\/\/agroingex.es\/fr\/aide-federale\/","og_locale":"fr_FR","og_type":"article","og_title":"AYUDAS FEDER - Agroingex","og_description":"Ayudas FEDER Home &nbsp; | &nbsp; Ayudas FEDER NOMBRE DE LA OPERACI\u00d3N \/ PROYECTO: SOFTWARE ERP INTEGRAL Aqua eBSDESCRICPCI\u00d3N DE LA OPERACI\u00d3N:Implementar un sistema de gesti\u00f3n eficaz que permita disponer de informaci\u00f3n coherente y rigurosa del desarrollo dela empresaOBJETIVOS: \u2022 Mejorar la implementaci\u00f3n de nuevos procedimientos que busquen la eficiencia de trabajosinterdepartamentales para absorber un [&hellip;]","og_url":"https:\/\/agroingex.es\/fr\/aide-federale\/","og_site_name":"Agroingex","article_modified_time":"2025-01-23T13:54:32+00:00","og_image":[{"width":1134,"height":386,"url":"https:\/\/agroingex.es\/wp-content\/uploads\/2023\/05\/FEDER.png","type":"image\/png"}],"twitter_card":"summary_large_image","twitter_misc":{"Dur\u00e9e de lecture estim\u00e9e":"3 minutes"},"schema":{"@context":"https:\/\/schema.org","@graph":[{"@type":"WebPage","@id":"https:\/\/agroingex.es\/ayudas-feder\/","url":"https:\/\/agroingex.es\/ayudas-feder\/","name":"FEDER AID - Agroingex","isPartOf":{"@id":"https:\/\/agroingex.es\/#website"},"primaryImageOfPage":{"@id":"https:\/\/agroingex.es\/ayudas-feder\/#primaryimage"},"image":{"@id":"https:\/\/agroingex.es\/ayudas-feder\/#primaryimage"},"thumbnailUrl":"https:\/\/agroingex.es\/wp-content\/uploads\/2023\/05\/FEDER-1024x349.png","datePublished":"2023-04-11T10:08:33+00:00","dateModified":"2025-01-23T13:54:32+00:00","breadcrumb":{"@id":"https:\/\/agroingex.es\/ayudas-feder\/#breadcrumb"},"inLanguage":"fr-FR","potentialAction":[{"@type":"ReadAction","target":["https:\/\/agroingex.es\/ayudas-feder\/"]}]},{"@type":"ImageObject","inLanguage":"fr-FR","@id":"https:\/\/agroingex.es\/ayudas-feder\/#primaryimage","url":"https:\/\/agroingex.es\/wp-content\/uploads\/2023\/05\/FEDER-1024x349.png","contentUrl":"https:\/\/agroingex.es\/wp-content\/uploads\/2023\/05\/FEDER-1024x349.png"},{"@type":"BreadcrumbList","@id":"https:\/\/agroingex.es\/ayudas-feder\/#breadcrumb","itemListElement":[{"@type":"ListItem","position":1,"name":"Portada","item":"https:\/\/agroingex.es\/"},{"@type":"ListItem","position":2,"name":"AYUDAS FEDER"}]},{"@type":"WebSite","@id":"https:\/\/agroingex.es\/#website","url":"https:\/\/agroingex.es\/","name":"Agroingex","description":"Agroingex | Gestion de la ferme","publisher":{"@id":"https:\/\/agroingex.es\/#organization"},"potentialAction":[{"@type":"SearchAction","target":{"@type":"EntryPoint","urlTemplate":"https:\/\/agroingex.es\/?s={search_term_string}"},"query-input":{"@type":"PropertyValueSpecification","valueRequired":true,"valueName":"search_term_string"}}],"inLanguage":"fr-FR"},{"@type":"Organization","@id":"https:\/\/agroingex.es\/#organization","name":"Agroingex","url":"https:\/\/agroingex.es\/","logo":{"@type":"ImageObject","inLanguage":"fr-FR","@id":"https:\/\/agroingex.es\/#\/schema\/logo\/image\/","url":"https:\/\/agroingex.es\/wp-content\/uploads\/2022\/09\/agroingex-energia.png","contentUrl":"https:\/\/agroingex.es\/wp-content\/uploads\/2022\/09\/agroingex-energia.png","width":545,"height":241,"caption":"Agroingex"},"image":{"@id":"https:\/\/agroingex.es\/#\/schema\/logo\/image\/"}}]}},"_links":{"self":[{"href":"https:\/\/agroingex.es\/fr\/wp-json\/wp\/v2\/pages\/3921","targetHints":{"allow":["GET"]}}],"collection":[{"href":"https:\/\/agroingex.es\/fr\/wp-json\/wp\/v2\/pages"}],"about":[{"href":"https:\/\/agroingex.es\/fr\/wp-json\/wp\/v2\/types\/page"}],"author":[{"embeddable":true,"href":"https:\/\/agroingex.es\/fr\/wp-json\/wp\/v2\/users\/1"}],"replies":[{"embeddable":true,"href":"https:\/\/agroingex.es\/fr\/wp-json\/wp\/v2\/comments?post=3921"}],"version-history":[{"count":20,"href":"https:\/\/agroingex.es\/fr\/wp-json\/wp\/v2\/pages\/3921\/revisions"}],"predecessor-version":[{"id":4079,"href":"https:\/\/agroingex.es\/fr\/wp-json\/wp\/v2\/pages\/3921\/revisions\/4079"}],"wp:attachment":[{"href":"https:\/\/agroingex.es\/fr\/wp-json\/wp\/v2\/media?parent=3921"}],"curies":[{"name":"wp","href":"https:\/\/api.w.org\/{rel}","templated":true}]}}