{"id":850,"date":"2021-02-16T17:54:46","date_gmt":"2021-02-16T17:54:46","guid":{"rendered":"https:\/\/agroingex.es\/?page_id=850"},"modified":"2023-02-13T10:04:54","modified_gmt":"2023-02-13T10:04:54","slug":"clients","status":"publish","type":"page","link":"https:\/\/agroingex.es\/fr\/clients\/","title":{"rendered":"Clients"},"content":{"rendered":"<div data-elementor-type=\"wp-page\" data-elementor-id=\"850\" class=\"elementor elementor-850\" data-elementor-post-type=\"page\">\n\t\t\t\t\t\t<section class=\"elementor-section elementor-top-section elementor-element elementor-element-a22b265 elementor-section-boxed elementor-section-height-default elementor-section-height-default\" data-id=\"a22b265\" data-element_type=\"section\" data-settings=\"{&quot;background_background&quot;:&quot;classic&quot;}\">\n\t\t\t\t\t\t\t<div class=\"elementor-background-overlay\"><\/div>\n\t\t\t\t\t\t\t<div class=\"elementor-container elementor-column-gap-default\">\n\t\t\t\t\t<div class=\"elementor-column elementor-col-100 elementor-top-column elementor-element elementor-element-62ab048\" data-id=\"62ab048\" data-element_type=\"column\">\n\t\t\t<div class=\"elementor-widget-wrap elementor-element-populated\">\n\t\t\t\t\t\t<div class=\"elementor-element elementor-element-88ffb8f elementor-widget elementor-widget-heading\" data-id=\"88ffb8f\" data-element_type=\"widget\" data-widget_type=\"heading.default\">\n\t\t\t\t<div class=\"elementor-widget-container\">\n\t\t\t\t\t<h1 class=\"elementor-heading-title elementor-size-default\"> <span class=\"light-text\">D\u00e9but de<\/span> session<\/h1>\t\t\t\t<\/div>\n\t\t\t\t<\/div>\n\t\t\t\t<div class=\"elementor-element elementor-element-fd82fcb elementor-widget elementor-widget-login\" data-id=\"fd82fcb\" data-element_type=\"widget\" data-widget_type=\"login.default\">\n\t\t\t\t<div class=\"elementor-widget-container\">\n\t\t\t\t\t\t\t<form class=\"elementor-login elementor-form\" method=\"post\" action=\"https:\/\/agroingex.es\/fr\/agringxmgadm\/\">\n\t\t\t<input type=\"hidden\" name=\"redirect_to\" value=\"\/wp-admin\/upload.php\">\n\t\t\t<div class=\"elementor-form-fields-wrapper\">\n\t\t\t\t<div class=\"elementor-field-type-text elementor-field-group elementor-column elementor-col-100 elementor-field-required\">\n\t\t\t\t\t\t\t\t\t\t<input size=\"1\" type=\"text\" name=\"log\" id=\"user\" placeholder=\"\" class=\"elementor-field elementor-field-textual elementor-size-md\">\n\t\t\t\t<\/div>\n\t\t\t\t<div class=\"elementor-field-type-text elementor-field-group elementor-column elementor-col-100 elementor-field-required\">\n\t\t\t\t\t\t\t\t\t\t<input size=\"1\" type=\"password\" name=\"pwd\" id=\"password\" placeholder=\"\" class=\"elementor-field elementor-field-textual elementor-size-md\">\n\t\t\t\t<\/div>\n\n\t\t\t\t\t\t\t\t\t<div class=\"elementor-field-type-checkbox elementor-field-group elementor-column elementor-col-100 elementor-remember-me\">\n\t\t\t\t\t\t<label for=\"elementor-login-remember-me\">\n\t\t\t\t\t\t\t<input type=\"checkbox\" id=\"elementor-login-remember-me\" name=\"rememberme\" value=\"forever\">\n\t\t\t\t\t\t\tRemember Me\t\t\t\t\t\t<\/label>\n\t\t\t\t\t<\/div>\n\t\t\t\t\n\t\t\t\t<div class=\"elementor-field-group elementor-column elementor-field-type-submit elementor-col-100\">\n\t\t\t\t\t<button type=\"submit\" class=\"elementor-size-sm elementor-button\" name=\"wp-submit\">\n\t\t\t\t\t\t\t\t\t\t\t\t\t\t\t<span class=\"elementor-button-text\">Se connecter<\/span>\n\t\t\t\t\t\t\t\t\t\t\t\t<\/button>\n\t\t\t\t<\/div>\n\n\t\t\t\t\t\t\t\t\t<div class=\"elementor-field-group elementor-column elementor-col-100\">\n\t\t\t\t\t\t\t\t\t\t\t\t\t\t\t\t\t\t\t\t<a class=\"elementor-lost-password\" href=\"https:\/\/agroingex.es\/fr\/agringxmgadm\/?action=lostpassword&redirect_to=%2Fwp-admin%2Fupload.php\">\n\t\t\t\t\t\t\t\tLost your password?\t\t\t\t\t\t\t<\/a>\n\t\t\t\t\t\t\n\t\t\t\t\t\t\t\t\t\t\t<\/div>\n\t\t\t\t\t\t\t<\/div>\n\t\t<\/form>\n\t\t\t\t\t\t<\/div>\n\t\t\t\t<\/div>\n\t\t\t\t\t<\/div>\n\t\t<\/div>\n\t\t\t\t\t<\/div>\n\t\t<\/section>\n\t\t\t\t<\/div>","protected":false},"excerpt":{"rendered":"<p>Inicio de sesi\u00f3n<\/p>","protected":false},"author":1,"featured_media":3066,"parent":0,"menu_order":0,"comment_status":"closed","ping_status":"closed","template":"page-templates\/home-1-template.php","meta":{"footnotes":""},"class_list":["post-850","page","type-page","status-publish","has-post-thumbnail","hentry"],"yoast_head":"<!-- This site is optimized with the Yoast SEO plugin v26.6 - https:\/\/yoast.com\/wordpress\/plugins\/seo\/ -->\n<title>Clientes - Agroingex<\/title>\n<meta name=\"description\" content=\"\u00c1rea de clientes exclusiva para quienes han contratado nuestros servicios. Accede a tu perfil y controla tus datos.\" \/>\n<meta name=\"robots\" content=\"index, follow, max-snippet:-1, max-image-preview:large, max-video-preview:-1\" \/>\n<link rel=\"canonical\" href=\"https:\/\/agroingex.es\/fr\/clients\/\" \/>\n<meta property=\"og:locale\" content=\"fr_FR\" \/>\n<meta property=\"og:type\" content=\"article\" \/>\n<meta property=\"og:title\" content=\"Clientes - Agroingex\" \/>\n<meta property=\"og:description\" content=\"\u00c1rea de clientes exclusiva para quienes han contratado nuestros servicios. Accede a tu perfil y controla tus datos.\" \/>\n<meta property=\"og:url\" content=\"https:\/\/agroingex.es\/fr\/clients\/\" \/>\n<meta property=\"og:site_name\" content=\"Agroingex\" \/>\n<meta property=\"article:modified_time\" content=\"2023-02-13T10:04:54+00:00\" \/>\n<meta property=\"og:image\" content=\"https:\/\/agroingex.es\/wp-content\/uploads\/2023\/01\/branch-of-an-olive-tree-with-ripe-fruits-against-blue-sky-at-sunset-selective-focus-on-olives-symbol-of-peace-and-wisdom-harvesting-olives-1.jpg\" \/>\n\t<meta property=\"og:image:width\" content=\"1742\" \/>\n\t<meta property=\"og:image:height\" content=\"1080\" \/>\n\t<meta property=\"og:image:type\" content=\"image\/jpeg\" \/>\n<meta name=\"twitter:card\" content=\"summary_large_image\" \/>\n<meta name=\"twitter:label1\" content=\"Dur\u00e9e de lecture estim\u00e9e\" \/>\n\t<meta name=\"twitter:data1\" content=\"1 minute\" \/>\n<script type=\"application\/ld+json\" class=\"yoast-schema-graph\">{\"@context\":\"https:\/\/schema.org\",\"@graph\":[{\"@type\":\"WebPage\",\"@id\":\"https:\/\/agroingex.es\/clientes\/\",\"url\":\"https:\/\/agroingex.es\/clientes\/\",\"name\":\"Clientes - Agroingex\",\"isPartOf\":{\"@id\":\"https:\/\/agroingex.es\/#website\"},\"primaryImageOfPage\":{\"@id\":\"https:\/\/agroingex.es\/clientes\/#primaryimage\"},\"image\":{\"@id\":\"https:\/\/agroingex.es\/clientes\/#primaryimage\"},\"thumbnailUrl\":\"https:\/\/agroingex.es\/wp-content\/uploads\/2023\/01\/branch-of-an-olive-tree-with-ripe-fruits-against-blue-sky-at-sunset-selective-focus-on-olives-symbol-of-peace-and-wisdom-harvesting-olives-1.jpg\",\"datePublished\":\"2021-02-16T17:54:46+00:00\",\"dateModified\":\"2023-02-13T10:04:54+00:00\",\"description\":\"\u00c1rea de clientes exclusiva para quienes han contratado nuestros servicios. Accede a tu perfil y controla tus datos.\",\"breadcrumb\":{\"@id\":\"https:\/\/agroingex.es\/clientes\/#breadcrumb\"},\"inLanguage\":\"fr-FR\",\"potentialAction\":[{\"@type\":\"ReadAction\",\"target\":[\"https:\/\/agroingex.es\/clientes\/\"]}]},{\"@type\":\"ImageObject\",\"inLanguage\":\"fr-FR\",\"@id\":\"https:\/\/agroingex.es\/clientes\/#primaryimage\",\"url\":\"https:\/\/agroingex.es\/wp-content\/uploads\/2023\/01\/branch-of-an-olive-tree-with-ripe-fruits-against-blue-sky-at-sunset-selective-focus-on-olives-symbol-of-peace-and-wisdom-harvesting-olives-1.jpg\",\"contentUrl\":\"https:\/\/agroingex.es\/wp-content\/uploads\/2023\/01\/branch-of-an-olive-tree-with-ripe-fruits-against-blue-sky-at-sunset-selective-focus-on-olives-symbol-of-peace-and-wisdom-harvesting-olives-1.jpg\",\"width\":1742,\"height\":1080,\"caption\":\"branch of an olive tree with ripe fruits against blue sky at sunset selective focus on olives symbol of peace and wisdom harvesting olives 1\"},{\"@type\":\"BreadcrumbList\",\"@id\":\"https:\/\/agroingex.es\/clientes\/#breadcrumb\",\"itemListElement\":[{\"@type\":\"ListItem\",\"position\":1,\"name\":\"Portada\",\"item\":\"https:\/\/agroingex.es\/\"},{\"@type\":\"ListItem\",\"position\":2,\"name\":\"Clientes\"}]},{\"@type\":\"WebSite\",\"@id\":\"https:\/\/agroingex.es\/#website\",\"url\":\"https:\/\/agroingex.es\/\",\"name\":\"Agroingex\",\"description\":\"Agroingex | Gesti\u00f3n de explotaciones agrarias\",\"publisher\":{\"@id\":\"https:\/\/agroingex.es\/#organization\"},\"potentialAction\":[{\"@type\":\"SearchAction\",\"target\":{\"@type\":\"EntryPoint\",\"urlTemplate\":\"https:\/\/agroingex.es\/?s={search_term_string}\"},\"query-input\":{\"@type\":\"PropertyValueSpecification\",\"valueRequired\":true,\"valueName\":\"search_term_string\"}}],\"inLanguage\":\"fr-FR\"},{\"@type\":\"Organization\",\"@id\":\"https:\/\/agroingex.es\/#organization\",\"name\":\"Agroingex\",\"url\":\"https:\/\/agroingex.es\/\",\"logo\":{\"@type\":\"ImageObject\",\"inLanguage\":\"fr-FR\",\"@id\":\"https:\/\/agroingex.es\/#\/schema\/logo\/image\/\",\"url\":\"https:\/\/agroingex.es\/wp-content\/uploads\/2022\/09\/agroingex-energia.png\",\"contentUrl\":\"https:\/\/agroingex.es\/wp-content\/uploads\/2022\/09\/agroingex-energia.png\",\"width\":545,\"height\":241,\"caption\":\"Agroingex\"},\"image\":{\"@id\":\"https:\/\/agroingex.es\/#\/schema\/logo\/image\/\"}}]}<\/script>\n<!-- \/ Yoast SEO plugin. -->","yoast_head_json":{"title":"Clients - Agroingex","description":"Espace client exclusif pour ceux qui ont contract\u00e9 nos services. Acc\u00e9dez \u00e0 votre profil et contr\u00f4lez vos donn\u00e9es.","robots":{"index":"index","follow":"follow","max-snippet":"max-snippet:-1","max-image-preview":"max-image-preview:large","max-video-preview":"max-video-preview:-1"},"canonical":"https:\/\/agroingex.es\/fr\/clients\/","og_locale":"fr_FR","og_type":"article","og_title":"Clientes - Agroingex","og_description":"\u00c1rea de clientes exclusiva para quienes han contratado nuestros servicios. Accede a tu perfil y controla tus datos.","og_url":"https:\/\/agroingex.es\/fr\/clients\/","og_site_name":"Agroingex","article_modified_time":"2023-02-13T10:04:54+00:00","og_image":[{"width":1742,"height":1080,"url":"https:\/\/agroingex.es\/wp-content\/uploads\/2023\/01\/branch-of-an-olive-tree-with-ripe-fruits-against-blue-sky-at-sunset-selective-focus-on-olives-symbol-of-peace-and-wisdom-harvesting-olives-1.jpg","type":"image\/jpeg"}],"twitter_card":"summary_large_image","twitter_misc":{"Dur\u00e9e de lecture estim\u00e9e":"1 minute"},"schema":{"@context":"https:\/\/schema.org","@graph":[{"@type":"WebPage","@id":"https:\/\/agroingex.es\/clientes\/","url":"https:\/\/agroingex.es\/clientes\/","name":"Clients - Agroingex","isPartOf":{"@id":"https:\/\/agroingex.es\/#website"},"primaryImageOfPage":{"@id":"https:\/\/agroingex.es\/clientes\/#primaryimage"},"image":{"@id":"https:\/\/agroingex.es\/clientes\/#primaryimage"},"thumbnailUrl":"https:\/\/agroingex.es\/wp-content\/uploads\/2023\/01\/branch-of-an-olive-tree-with-ripe-fruits-against-blue-sky-at-sunset-selective-focus-on-olives-symbol-of-peace-and-wisdom-harvesting-olives-1.jpg","datePublished":"2021-02-16T17:54:46+00:00","dateModified":"2023-02-13T10:04:54+00:00","description":"Espace client exclusif pour ceux qui ont contract\u00e9 nos services. Acc\u00e9dez \u00e0 votre profil et contr\u00f4lez vos donn\u00e9es.","breadcrumb":{"@id":"https:\/\/agroingex.es\/clientes\/#breadcrumb"},"inLanguage":"fr-FR","potentialAction":[{"@type":"ReadAction","target":["https:\/\/agroingex.es\/clientes\/"]}]},{"@type":"ImageObject","inLanguage":"fr-FR","@id":"https:\/\/agroingex.es\/clientes\/#primaryimage","url":"https:\/\/agroingex.es\/wp-content\/uploads\/2023\/01\/branch-of-an-olive-tree-with-ripe-fruits-against-blue-sky-at-sunset-selective-focus-on-olives-symbol-of-peace-and-wisdom-harvesting-olives-1.jpg","contentUrl":"https:\/\/agroingex.es\/wp-content\/uploads\/2023\/01\/branch-of-an-olive-tree-with-ripe-fruits-against-blue-sky-at-sunset-selective-focus-on-olives-symbol-of-peace-and-wisdom-harvesting-olives-1.jpg","width":1742,"height":1080,"caption":"branch of an olive tree with ripe fruits against blue sky at sunset selective focus on olives symbol of peace and wisdom harvesting olives 1"},{"@type":"BreadcrumbList","@id":"https:\/\/agroingex.es\/clientes\/#breadcrumb","itemListElement":[{"@type":"ListItem","position":1,"name":"Portada","item":"https:\/\/agroingex.es\/"},{"@type":"ListItem","position":2,"name":"Clientes"}]},{"@type":"WebSite","@id":"https:\/\/agroingex.es\/#website","url":"https:\/\/agroingex.es\/","name":"Agroingex","description":"Agroingex | Gestion de la ferme","publisher":{"@id":"https:\/\/agroingex.es\/#organization"},"potentialAction":[{"@type":"SearchAction","target":{"@type":"EntryPoint","urlTemplate":"https:\/\/agroingex.es\/?s={search_term_string}"},"query-input":{"@type":"PropertyValueSpecification","valueRequired":true,"valueName":"search_term_string"}}],"inLanguage":"fr-FR"},{"@type":"Organization","@id":"https:\/\/agroingex.es\/#organization","name":"Agroingex","url":"https:\/\/agroingex.es\/","logo":{"@type":"ImageObject","inLanguage":"fr-FR","@id":"https:\/\/agroingex.es\/#\/schema\/logo\/image\/","url":"https:\/\/agroingex.es\/wp-content\/uploads\/2022\/09\/agroingex-energia.png","contentUrl":"https:\/\/agroingex.es\/wp-content\/uploads\/2022\/09\/agroingex-energia.png","width":545,"height":241,"caption":"Agroingex"},"image":{"@id":"https:\/\/agroingex.es\/#\/schema\/logo\/image\/"}}]}},"_links":{"self":[{"href":"https:\/\/agroingex.es\/fr\/wp-json\/wp\/v2\/pages\/850","targetHints":{"allow":["GET"]}}],"collection":[{"href":"https:\/\/agroingex.es\/fr\/wp-json\/wp\/v2\/pages"}],"about":[{"href":"https:\/\/agroingex.es\/fr\/wp-json\/wp\/v2\/types\/page"}],"author":[{"embeddable":true,"href":"https:\/\/agroingex.es\/fr\/wp-json\/wp\/v2\/users\/1"}],"replies":[{"embeddable":true,"href":"https:\/\/agroingex.es\/fr\/wp-json\/wp\/v2\/comments?post=850"}],"version-history":[{"count":50,"href":"https:\/\/agroingex.es\/fr\/wp-json\/wp\/v2\/pages\/850\/revisions"}],"predecessor-version":[{"id":3476,"href":"https:\/\/agroingex.es\/fr\/wp-json\/wp\/v2\/pages\/850\/revisions\/3476"}],"wp:featuredmedia":[{"embeddable":true,"href":"https:\/\/agroingex.es\/fr\/wp-json\/wp\/v2\/media\/3066"}],"wp:attachment":[{"href":"https:\/\/agroingex.es\/fr\/wp-json\/wp\/v2\/media?parent=850"}],"curies":[{"name":"wp","href":"https:\/\/api.w.org\/{rel}","templated":true}]}}