{"id":1295,"date":"2021-02-24T09:46:06","date_gmt":"2021-02-24T09:46:06","guid":{"rendered":"https:\/\/agroingex.es\/?page_id=1295"},"modified":"2025-01-23T16:42:58","modified_gmt":"2025-01-23T16:42:58","slug":"politica-de-cookies","status":"publish","type":"page","link":"https:\/\/agroingex.es\/pt\/politica-de-cookies\/","title":{"rendered":"Pol\u00edtica de Cookies"},"content":{"rendered":"<div data-elementor-type=\"wp-page\" data-elementor-id=\"1295\" class=\"elementor elementor-1295\" data-elementor-post-type=\"page\">\n\t\t\t\t\t\t<section class=\"elementor-section elementor-top-section elementor-element elementor-element-c196342 elementor-section-full_width elementor-section-height-default elementor-section-height-default\" data-id=\"c196342\" data-element_type=\"section\">\n\t\t\t\t\t\t<div class=\"elementor-container elementor-column-gap-no\">\n\t\t\t\t\t<div class=\"elementor-column elementor-col-100 elementor-top-column elementor-element elementor-element-7cc742a\" data-id=\"7cc742a\" data-element_type=\"column\">\n\t\t\t<div class=\"elementor-widget-wrap elementor-element-populated\">\n\t\t\t\t\t\t<div class=\"elementor-element elementor-element-9f006a0 elementor-align-left elementor-widget elementor-widget-about-page-header\" data-id=\"9f006a0\" data-element_type=\"widget\" data-widget_type=\"about-page-header.default\">\n\t\t\t\t<div class=\"elementor-widget-container\">\n\t\t\t\t\t\n\t\t\t\t<div class=\"pages-hero\" style=\"background-image: url(https:\/\/agroingex.es\/wp-content\/uploads\/2021\/02\/cookies.jpg);\">\n\t\t\n\t\t\t<div class=\"container\">\n\n\t\t\t\t<div class=\"pages-title\">\n\n\t\t\t\t\t\t\t\t\t\t<h1>Pol\u00edtica de Cookies<\/h1>\n\t\t\t\t\t\n\t\t\t\t\t<div class=\"page-nav\">\n\n\t\t\t\t\t\t\t\t\t\t\t\t\t<p><a href=\"https:\/\/agroingex.es\/pt\/\">Lar<\/a> &nbsp; | &nbsp; <a>Pol\u00edtica de Cookies<\/a><\/p>\n\t\t\t\t\t\t\n\t\t\t\t\t<\/div>\n\n\t\t\t\t<\/div>\n\n\t\t\t<\/div>\n\n\t\t<\/div>\n\n\t\t\t\t\t<\/div>\n\t\t\t\t<\/div>\n\t\t\t\t\t<\/div>\n\t\t<\/div>\n\t\t\t\t\t<\/div>\n\t\t<\/section>\n\t\t\t\t<section class=\"elementor-section elementor-top-section elementor-element elementor-element-57dc5f2 elementor-section-boxed elementor-section-height-default elementor-section-height-default\" data-id=\"57dc5f2\" data-element_type=\"section\">\n\t\t\t\t\t\t<div class=\"elementor-container elementor-column-gap-default\">\n\t\t\t\t\t<div class=\"elementor-column elementor-col-100 elementor-top-column elementor-element elementor-element-966cb96\" data-id=\"966cb96\" data-element_type=\"column\">\n\t\t\t<div class=\"elementor-widget-wrap elementor-element-populated\">\n\t\t\t\t\t\t<div class=\"elementor-element elementor-element-ccb87fe elementor-widget elementor-widget-text-editor\" data-id=\"ccb87fe\" data-element_type=\"widget\" data-widget_type=\"text-editor.default\">\n\t\t\t\t<div class=\"elementor-widget-container\">\n\t\t\t\t\t\t\t\t\t<p style=\"text-align: justify;\">Um cookie \u00e9 um arquivo que \u00e9 baixado para o dispositivo de um usu\u00e1rio ao acessar certas p\u00e1ginas da web. Este arquivo armazena e recupera informa\u00e7\u00f5es sobre a atividade de navega\u00e7\u00e3o do usu\u00e1rio. Os cookies permitem o armazenamento e a recupera\u00e7\u00e3o de informa\u00e7\u00f5es sobre as decis\u00f5es e h\u00e1bitos do usu\u00e1rio. Neste site, usamos cookies para personalizar a experi\u00eancia de navega\u00e7\u00e3o, identificar usu\u00e1rios em coment\u00e1rios e facilitar a navega\u00e7\u00e3o. A utiliza\u00e7\u00e3o de cookies n\u00e3o fornece dados pessoais do utilizador.<\/p><p style=\"text-align: justify;\">Os cookies, dependendo de sua perman\u00eancia, podem ser divididos em cookies de sess\u00e3o ou permanentes. Os primeiros expiram quando o usu\u00e1rio fecha o navegador. Estes \u00faltimos expiram quando a finalidade para a qual s\u00e3o utilizados \u00e9 cumprida ou quando s\u00e3o exclu\u00eddos manualmente.<\/p><p style=\"text-align: justify;\">Utilizamos os seguintes cookies neste site:<\/p><p style=\"text-align: justify;\"><strong>Cookies de desempenho:<\/strong><br \/>Esses s\u00e3o cookies pr\u00f3prios do WordPress, que permitem que o site funcione. Eles salvam suas prefer\u00eancias de navega\u00e7\u00e3o.<\/p><p style=\"text-align: justify;\"><strong>Cookies de m\u00eddia social:<\/strong><br \/>Esses s\u00e3o cookies usados pelo sistema de coment\u00e1rios Disqus para permitir que os usu\u00e1rios se identifiquem no Facebook, Twitter ou outras redes sociais.<\/p><p style=\"text-align: justify;\"><strong>Cookies anal\u00edticos<\/strong>:<br \/>Cada vez que um Usu\u00e1rio visita um Site ou Servi\u00e7o, uma ferramenta de um provedor terceirizado (Google Analytics, ComScore e similares) gera um cookie anal\u00edtico no dispositivo do usu\u00e1rio. Este cookie, que \u00e9 gerado apenas durante a visita, ser\u00e1 usado em visitas futuras para identificar anonimamente o visitante. Os principais objetivos perseguidos s\u00e3o:<\/p><ul style=\"text-align: justify;\"><li>Permitir a identifica\u00e7\u00e3o an\u00f4nima dos usu\u00e1rios que navegam atrav\u00e9s do &quot;Cookie&quot; (ele identifica navegadores e dispositivos, n\u00e3o pessoas) e, portanto, a contagem aproximada do n\u00famero de visitantes e sua tend\u00eancia ao longo do tempo.<\/li><li>Identificar anonimamente o conte\u00fado mais visitado e, portanto, mais atraente para os usu\u00e1rios<\/li><li>Saiba se o usu\u00e1rio que est\u00e1 acessando \u00e9 novo ou um visitante recorrente.<\/li><li>Neste site usamos cookies anal\u00edticos de Gaug.es, Comscore e Chartbeat.<\/li><\/ul><p style=\"text-align: justify;\"><strong>Cookies de publicidade:<\/strong><br \/>Este tipo de cookie permite informa\u00e7\u00f5es expandidas sobre os an\u00fancios exibidos para cada usu\u00e1rio an\u00f4nimo. Entre outras coisas, a dura\u00e7\u00e3o ou frequ\u00eancia de visualiza\u00e7\u00e3o de posi\u00e7\u00f5es publicit\u00e1rias, a intera\u00e7\u00e3o com elas e os padr\u00f5es de navega\u00e7\u00e3o e\/ou comportamento do usu\u00e1rio s\u00e3o armazenados, pois ajudam a formar um perfil de interesse publicit\u00e1rio. Dessa forma, eles nos permitem oferecer publicidade adaptada aos interesses do usu\u00e1rio.<\/p><p style=\"text-align: justify;\">Usamos a plataforma de publicidade do Google. Mais informa\u00e7\u00f5es em http:\/\/www.google.es\/policies\/privacy\/ads\/.<\/p><p style=\"text-align: justify;\"><strong>Como desabilitar cookies no seu navegador:<\/strong><\/p><p style=\"text-align: justify;\">Atualmente, a maioria dos navegadores permite que os usu\u00e1rios configurem se desejam aceitar cookies e quais. Essas configura\u00e7\u00f5es geralmente s\u00e3o encontradas no menu &quot;Op\u00e7\u00f5es&quot; ou &quot;Prefer\u00eancias&quot; do seu navegador.<\/p><p style=\"text-align: justify;\">Estas s\u00e3o as instru\u00e7\u00f5es para configurar cookies nos principais navegadores:<\/p><ul><li style=\"text-align: justify;\">Chrome: Configura\u00e7\u00f5es -&gt; Mostrar configura\u00e7\u00f5es avan\u00e7adas -&gt; Privacidade -&gt; Configura\u00e7\u00f5es de conte\u00fado.<\/li><li style=\"text-align: justify;\">Para mais informa\u00e7\u00f5es, voc\u00ea pode consultar o suporte do Google ou a Ajuda do seu navegador.<\/li><li style=\"text-align: justify;\">Firefox: Ferramentas -&gt; Op\u00e7\u00f5es -&gt; Privacidade -&gt; Hist\u00f3rico -&gt; Configura\u00e7\u00f5es personalizadas.<\/li><li style=\"text-align: justify;\">Para mais informa\u00e7\u00f5es, consulte o suporte da Mozilla ou a Ajuda do seu navegador.<\/li><li style=\"text-align: justify;\">Internet Explorer: Ferramentas -&gt; Op\u00e7\u00f5es da Internet -&gt; Privacidade -&gt; Configura\u00e7\u00f5es.<\/li><li style=\"text-align: justify;\">Para obter mais informa\u00e7\u00f5es, consulte o suporte da Microsoft ou a Ajuda do seu navegador.<\/li><li style=\"text-align: justify;\">Safari: Prefer\u00eancias -&gt; Seguran\u00e7a.<\/li><li style=\"text-align: justify;\">Para mais informa\u00e7\u00f5es, voc\u00ea pode consultar o suporte da Apple ou a Ajuda do seu navegador.<\/li><\/ul>\t\t\t\t\t\t\t\t<\/div>\n\t\t\t\t<\/div>\n\t\t\t\t\t<\/div>\n\t\t<\/div>\n\t\t\t\t\t<\/div>\n\t\t<\/section>\n\t\t\t\t<\/div>","protected":false},"excerpt":{"rendered":"<p>Pol\u00edtica de Cookies In\u00edcio | Pol\u00edtica de Cookies Um cookie \u00e9 um arquivo baixado no dispositivo do usu\u00e1rio ao acessar determinados sites. Ele armazena e recupera informa\u00e7\u00f5es sobre os h\u00e1bitos de navega\u00e7\u00e3o do usu\u00e1rio. Os cookies permitem o armazenamento e a recupera\u00e7\u00e3o de informa\u00e7\u00f5es sobre as decis\u00f5es e h\u00e1bitos do usu\u00e1rio [\u2026]<\/p>","protected":false},"author":1,"featured_media":0,"parent":0,"menu_order":0,"comment_status":"closed","ping_status":"closed","template":"page-templates\/home-1-template.php","meta":{"footnotes":""},"class_list":["post-1295","page","type-page","status-publish","hentry"],"yoast_head":"<!-- This site is optimized with the Yoast SEO plugin v26.6 - https:\/\/yoast.com\/wordpress\/plugins\/seo\/ -->\n<title>Pol\u00edtica de cookies - Agroingex<\/title>\n<meta name=\"robots\" content=\"index, follow, max-snippet:-1, max-image-preview:large, max-video-preview:-1\" \/>\n<link rel=\"canonical\" href=\"https:\/\/agroingex.es\/pt\/politica-de-cookies\/\" \/>\n<meta property=\"og:locale\" content=\"pt_PT\" \/>\n<meta property=\"og:type\" content=\"article\" \/>\n<meta property=\"og:title\" content=\"Pol\u00edtica de cookies - Agroingex\" \/>\n<meta property=\"og:description\" content=\"Pol\u00edtica de cookies Home \u00a0 | \u00a0 Pol\u00edtica de cookies Una cookie es un fichero que se descarga en el dispositivo del usuario al acceder a determinadas p\u00e1ginas web para almacenar y recuperar informaci\u00f3n sobre la navegaci\u00f3n que se efect\u00faa desde dicho equipo. Las cookies permiten almacenar y recuperar informaci\u00f3n sobre las decisiones y h\u00e1bitos [&hellip;]\" \/>\n<meta property=\"og:url\" content=\"https:\/\/agroingex.es\/pt\/politica-de-cookies\/\" \/>\n<meta property=\"og:site_name\" content=\"Agroingex\" \/>\n<meta property=\"article:modified_time\" content=\"2025-01-23T16:42:58+00:00\" \/>\n<meta name=\"twitter:card\" content=\"summary_large_image\" \/>\n<meta name=\"twitter:label1\" content=\"Tempo estimado de leitura\" \/>\n\t<meta name=\"twitter:data1\" content=\"3 minutos\" \/>\n<script type=\"application\/ld+json\" class=\"yoast-schema-graph\">{\"@context\":\"https:\/\/schema.org\",\"@graph\":[{\"@type\":\"WebPage\",\"@id\":\"https:\/\/agroingex.es\/politica-de-cookies\/\",\"url\":\"https:\/\/agroingex.es\/politica-de-cookies\/\",\"name\":\"Pol\u00edtica de cookies - Agroingex\",\"isPartOf\":{\"@id\":\"https:\/\/agroingex.es\/#website\"},\"datePublished\":\"2021-02-24T09:46:06+00:00\",\"dateModified\":\"2025-01-23T16:42:58+00:00\",\"breadcrumb\":{\"@id\":\"https:\/\/agroingex.es\/politica-de-cookies\/#breadcrumb\"},\"inLanguage\":\"pt-PT\",\"potentialAction\":[{\"@type\":\"ReadAction\",\"target\":[\"https:\/\/agroingex.es\/politica-de-cookies\/\"]}]},{\"@type\":\"BreadcrumbList\",\"@id\":\"https:\/\/agroingex.es\/politica-de-cookies\/#breadcrumb\",\"itemListElement\":[{\"@type\":\"ListItem\",\"position\":1,\"name\":\"Portada\",\"item\":\"https:\/\/agroingex.es\/\"},{\"@type\":\"ListItem\",\"position\":2,\"name\":\"Pol\u00edtica de cookies\"}]},{\"@type\":\"WebSite\",\"@id\":\"https:\/\/agroingex.es\/#website\",\"url\":\"https:\/\/agroingex.es\/\",\"name\":\"Agroingex\",\"description\":\"Agroingex | Gesti\u00f3n de explotaciones agrarias\",\"publisher\":{\"@id\":\"https:\/\/agroingex.es\/#organization\"},\"potentialAction\":[{\"@type\":\"SearchAction\",\"target\":{\"@type\":\"EntryPoint\",\"urlTemplate\":\"https:\/\/agroingex.es\/?s={search_term_string}\"},\"query-input\":{\"@type\":\"PropertyValueSpecification\",\"valueRequired\":true,\"valueName\":\"search_term_string\"}}],\"inLanguage\":\"pt-PT\"},{\"@type\":\"Organization\",\"@id\":\"https:\/\/agroingex.es\/#organization\",\"name\":\"Agroingex\",\"url\":\"https:\/\/agroingex.es\/\",\"logo\":{\"@type\":\"ImageObject\",\"inLanguage\":\"pt-PT\",\"@id\":\"https:\/\/agroingex.es\/#\/schema\/logo\/image\/\",\"url\":\"https:\/\/agroingex.es\/wp-content\/uploads\/2022\/09\/agroingex-energia.png\",\"contentUrl\":\"https:\/\/agroingex.es\/wp-content\/uploads\/2022\/09\/agroingex-energia.png\",\"width\":545,\"height\":241,\"caption\":\"Agroingex\"},\"image\":{\"@id\":\"https:\/\/agroingex.es\/#\/schema\/logo\/image\/\"}}]}<\/script>\n<!-- \/ Yoast SEO plugin. -->","yoast_head_json":{"title":"Pol\u00edtica de Cookies - Agroingex","robots":{"index":"index","follow":"follow","max-snippet":"max-snippet:-1","max-image-preview":"max-image-preview:large","max-video-preview":"max-video-preview:-1"},"canonical":"https:\/\/agroingex.es\/pt\/politica-de-cookies\/","og_locale":"pt_PT","og_type":"article","og_title":"Pol\u00edtica de cookies - Agroingex","og_description":"Pol\u00edtica de cookies Home \u00a0 | \u00a0 Pol\u00edtica de cookies Una cookie es un fichero que se descarga en el dispositivo del usuario al acceder a determinadas p\u00e1ginas web para almacenar y recuperar informaci\u00f3n sobre la navegaci\u00f3n que se efect\u00faa desde dicho equipo. Las cookies permiten almacenar y recuperar informaci\u00f3n sobre las decisiones y h\u00e1bitos [&hellip;]","og_url":"https:\/\/agroingex.es\/pt\/politica-de-cookies\/","og_site_name":"Agroingex","article_modified_time":"2025-01-23T16:42:58+00:00","twitter_card":"summary_large_image","twitter_misc":{"Tempo estimado de leitura":"3 minutos"},"schema":{"@context":"https:\/\/schema.org","@graph":[{"@type":"WebPage","@id":"https:\/\/agroingex.es\/politica-de-cookies\/","url":"https:\/\/agroingex.es\/politica-de-cookies\/","name":"Pol\u00edtica de Cookies - Agroingex","isPartOf":{"@id":"https:\/\/agroingex.es\/#website"},"datePublished":"2021-02-24T09:46:06+00:00","dateModified":"2025-01-23T16:42:58+00:00","breadcrumb":{"@id":"https:\/\/agroingex.es\/politica-de-cookies\/#breadcrumb"},"inLanguage":"pt-PT","potentialAction":[{"@type":"ReadAction","target":["https:\/\/agroingex.es\/politica-de-cookies\/"]}]},{"@type":"BreadcrumbList","@id":"https:\/\/agroingex.es\/politica-de-cookies\/#breadcrumb","itemListElement":[{"@type":"ListItem","position":1,"name":"Portada","item":"https:\/\/agroingex.es\/"},{"@type":"ListItem","position":2,"name":"Pol\u00edtica de cookies"}]},{"@type":"WebSite","@id":"https:\/\/agroingex.es\/#website","url":"https:\/\/agroingex.es\/","name":"Agroingex","description":"Agroingex | Gest\u00e3o de fazenda","publisher":{"@id":"https:\/\/agroingex.es\/#organization"},"potentialAction":[{"@type":"SearchAction","target":{"@type":"EntryPoint","urlTemplate":"https:\/\/agroingex.es\/?s={search_term_string}"},"query-input":{"@type":"PropertyValueSpecification","valueRequired":true,"valueName":"search_term_string"}}],"inLanguage":"pt-PT"},{"@type":"Organization","@id":"https:\/\/agroingex.es\/#organization","name":"Agroingex","url":"https:\/\/agroingex.es\/","logo":{"@type":"ImageObject","inLanguage":"pt-PT","@id":"https:\/\/agroingex.es\/#\/schema\/logo\/image\/","url":"https:\/\/agroingex.es\/wp-content\/uploads\/2022\/09\/agroingex-energia.png","contentUrl":"https:\/\/agroingex.es\/wp-content\/uploads\/2022\/09\/agroingex-energia.png","width":545,"height":241,"caption":"Agroingex"},"image":{"@id":"https:\/\/agroingex.es\/#\/schema\/logo\/image\/"}}]}},"_links":{"self":[{"href":"https:\/\/agroingex.es\/pt\/wp-json\/wp\/v2\/pages\/1295","targetHints":{"allow":["GET"]}}],"collection":[{"href":"https:\/\/agroingex.es\/pt\/wp-json\/wp\/v2\/pages"}],"about":[{"href":"https:\/\/agroingex.es\/pt\/wp-json\/wp\/v2\/types\/page"}],"author":[{"embeddable":true,"href":"https:\/\/agroingex.es\/pt\/wp-json\/wp\/v2\/users\/1"}],"replies":[{"embeddable":true,"href":"https:\/\/agroingex.es\/pt\/wp-json\/wp\/v2\/comments?post=1295"}],"version-history":[{"count":21,"href":"https:\/\/agroingex.es\/pt\/wp-json\/wp\/v2\/pages\/1295\/revisions"}],"predecessor-version":[{"id":4081,"href":"https:\/\/agroingex.es\/pt\/wp-json\/wp\/v2\/pages\/1295\/revisions\/4081"}],"wp:attachment":[{"href":"https:\/\/agroingex.es\/pt\/wp-json\/wp\/v2\/media?parent=1295"}],"curies":[{"name":"wp","href":"https:\/\/api.w.org\/{rel}","templated":true}]}}