{"id":1406,"date":"2021-03-10T13:10:38","date_gmt":"2021-03-10T13:10:38","guid":{"rendered":"https:\/\/agroingex.es\/politica-de-cookies-copy\/"},"modified":"2025-01-23T16:43:09","modified_gmt":"2025-01-23T16:43:09","slug":"politica-de-privacidade","status":"publish","type":"page","link":"https:\/\/agroingex.es\/pt\/politica-de-privacidade\/","title":{"rendered":"pol\u00edtica de Privacidade"},"content":{"rendered":"<div data-elementor-type=\"wp-page\" data-elementor-id=\"1406\" class=\"elementor elementor-1406\" data-elementor-post-type=\"page\">\n\t\t\t\t\t\t<section class=\"elementor-section elementor-top-section elementor-element elementor-element-c196342 elementor-section-full_width elementor-section-height-default elementor-section-height-default\" data-id=\"c196342\" data-element_type=\"section\">\n\t\t\t\t\t\t<div class=\"elementor-container elementor-column-gap-no\">\n\t\t\t\t\t<div class=\"elementor-column elementor-col-100 elementor-top-column elementor-element elementor-element-7cc742a\" data-id=\"7cc742a\" data-element_type=\"column\">\n\t\t\t<div class=\"elementor-widget-wrap elementor-element-populated\">\n\t\t\t\t\t\t<div class=\"elementor-element elementor-element-9f006a0 elementor-align-left elementor-widget elementor-widget-about-page-header\" data-id=\"9f006a0\" data-element_type=\"widget\" data-widget_type=\"about-page-header.default\">\n\t\t\t\t<div class=\"elementor-widget-container\">\n\t\t\t\t\t\n\t\t\t\t<div class=\"pages-hero\" style=\"background-image: url(https:\/\/agroingex.es\/wp-content\/uploads\/2021\/02\/cookies.jpg);\">\n\t\t\n\t\t\t<div class=\"container\">\n\n\t\t\t\t<div class=\"pages-title\">\n\n\t\t\t\t\t\t\t\t\t\t<h1>pol\u00edtica de Privacidade<\/h1>\n\t\t\t\t\t\n\t\t\t\t\t<div class=\"page-nav\">\n\n\t\t\t\t\t\t\t\t\t\t\t\t\t<p><a href=\"https:\/\/agroingex.es\/pt\/\">Lar<\/a> &nbsp; | &nbsp; <a>pol\u00edtica de Privacidade<\/a><\/p>\n\t\t\t\t\t\t\n\t\t\t\t\t<\/div>\n\n\t\t\t\t<\/div>\n\n\t\t\t<\/div>\n\n\t\t<\/div>\n\n\t\t\t\t\t<\/div>\n\t\t\t\t<\/div>\n\t\t\t\t\t<\/div>\n\t\t<\/div>\n\t\t\t\t\t<\/div>\n\t\t<\/section>\n\t\t\t\t<section class=\"elementor-section elementor-top-section elementor-element elementor-element-57dc5f2 elementor-section-boxed elementor-section-height-default elementor-section-height-default\" data-id=\"57dc5f2\" data-element_type=\"section\">\n\t\t\t\t\t\t<div class=\"elementor-container elementor-column-gap-default\">\n\t\t\t\t\t<div class=\"elementor-column elementor-col-100 elementor-top-column elementor-element elementor-element-966cb96\" data-id=\"966cb96\" data-element_type=\"column\">\n\t\t\t<div class=\"elementor-widget-wrap elementor-element-populated\">\n\t\t\t\t\t\t<div class=\"elementor-element elementor-element-ccb87fe elementor-widget elementor-widget-text-editor\" data-id=\"ccb87fe\" data-element_type=\"widget\" data-widget_type=\"text-editor.default\">\n\t\t\t\t<div class=\"elementor-widget-container\">\n\t\t\t\t\t\t\t\t\t<p>Em cumprimento ao RGPD, informamos que seus dados ser\u00e3o tratados em nossos arquivos com a finalidade de manter e cumprir o relacionamento com nossa entidade, incluindo o envio de comunica\u00e7\u00f5es no \u00e2mbito do referido relacionamento.<\/p><p>Da mesma forma, seus dados ser\u00e3o cedidos em todos os casos em que sejam necess\u00e1rios para o desenvolvimento, cumprimento e controle do relacionamento com nossa entidade ou nos casos em que sejam autorizados por lei. Em conformidade com o RGPD, voc\u00ea pode exercer seus direitos ARCO antes <strong>Agroingex SL<\/strong>, com endere\u00e7o em <strong>Pol\u00edgono industrial \u201cLas Cumbres\u201d, C\/Torricelli 26, 06400 Don Benito (Badajoz).<\/strong>, anexando uma fotoc\u00f3pia do seu documento de identifica\u00e7\u00e3o.<\/p><p>O conte\u00fado desta comunica\u00e7\u00e3o, bem como o de toda a documenta\u00e7\u00e3o que a acompanha, est\u00e1 sujeito \u00e0 confidencialidade e \u00e9 dirigido exclusivamente ao seu destinat\u00e1rio. Se voc\u00ea n\u00e3o for o destinat\u00e1rio pretendido, informe-nos e n\u00e3o compartilhe o conte\u00fado com terceiros. N\u00f3s ent\u00e3o procederemos \u00e0 destrui\u00e7\u00e3o deles.<\/p><p>O prestador de servi\u00e7os da sociedade da informa\u00e7\u00e3o deve levar em conta que, al\u00e9m das informa\u00e7\u00f5es fornecidas aos destinat\u00e1rios do servi\u00e7o por meio de sua &quot;Pol\u00edtica de Privacidade&quot;, deve dispor de textos legais adicionais relativos a outras normas obrigat\u00f3rias, como, mas n\u00e3o se limitando a, condi\u00e7\u00f5es gerais de contrata\u00e7\u00e3o, propriedade intelectual e industrial, condi\u00e7\u00f5es de uso do site e<\/p><p>responsabilidades a este respeito, ou o que a Lei 34\/2002, de 11 de julho, de Servi\u00e7os da Sociedade da Informa\u00e7\u00e3o e Com\u00e9rcio Eletr\u00f4nico possa estabelecer em qualquer outra disposi\u00e7\u00e3o fora do seu artigo 10 ou inclusive completar a informa\u00e7\u00e3o que, em rela\u00e7\u00e3o a esta, seja necess\u00e1ria.<\/p>\t\t\t\t\t\t\t\t<\/div>\n\t\t\t\t<\/div>\n\t\t\t\t\t<\/div>\n\t\t<\/div>\n\t\t\t\t\t<\/div>\n\t\t<\/section>\n\t\t\t\t<\/div>","protected":false},"excerpt":{"rendered":"<p>Pol\u00edtica de Privacidade In\u00edcio | Pol\u00edtica de Privacidade Em conformidade com o disposto no RGPD, informamos que os seus dados ser\u00e3o tratados nos nossos ficheiros com a finalidade de manter e concretizar a rela\u00e7\u00e3o com a nossa entidade, incluindo o envio de comunica\u00e7\u00f5es no \u00e2mbito da referida rela\u00e7\u00e3o. Da mesma forma, [\u2026]<\/p>","protected":false},"author":1,"featured_media":0,"parent":0,"menu_order":0,"comment_status":"closed","ping_status":"closed","template":"page-templates\/home-1-template.php","meta":{"footnotes":""},"class_list":["post-1406","page","type-page","status-publish","hentry"],"yoast_head":"<!-- This site is optimized with the Yoast SEO plugin v26.6 - https:\/\/yoast.com\/wordpress\/plugins\/seo\/ -->\n<title>Pol\u00edtica de privacidad - Agroingex<\/title>\n<meta name=\"robots\" content=\"index, follow, max-snippet:-1, max-image-preview:large, max-video-preview:-1\" \/>\n<link rel=\"canonical\" href=\"https:\/\/agroingex.es\/pt\/politica-de-privacidade\/\" \/>\n<meta property=\"og:locale\" content=\"pt_PT\" \/>\n<meta property=\"og:type\" content=\"article\" \/>\n<meta property=\"og:title\" content=\"Pol\u00edtica de privacidad - Agroingex\" \/>\n<meta property=\"og:description\" content=\"Pol\u00edtica de privacidad Home \u00a0 | \u00a0 Pol\u00edtica de privacidad En cumplimiento de lo establecido en la RGPD, le informamos que sus datos ser\u00e1n tratados en nuestros ficheros, con la finalidad del mantenimiento y cumplimiento de la relaci\u00f3n con nuestra entidad, incluyendo el env\u00edo de comunicaciones en el marco de la citada relaci\u00f3n. As\u00ed mismo, [&hellip;]\" \/>\n<meta property=\"og:url\" content=\"https:\/\/agroingex.es\/pt\/politica-de-privacidade\/\" \/>\n<meta property=\"og:site_name\" content=\"Agroingex\" \/>\n<meta property=\"article:modified_time\" content=\"2025-01-23T16:43:09+00:00\" \/>\n<meta name=\"twitter:card\" content=\"summary_large_image\" \/>\n<meta name=\"twitter:label1\" content=\"Tempo estimado de leitura\" \/>\n\t<meta name=\"twitter:data1\" content=\"2 minutos\" \/>\n<script type=\"application\/ld+json\" class=\"yoast-schema-graph\">{\"@context\":\"https:\/\/schema.org\",\"@graph\":[{\"@type\":\"WebPage\",\"@id\":\"https:\/\/agroingex.es\/politica-de-privacidad\/\",\"url\":\"https:\/\/agroingex.es\/politica-de-privacidad\/\",\"name\":\"Pol\u00edtica de privacidad - Agroingex\",\"isPartOf\":{\"@id\":\"https:\/\/agroingex.es\/#website\"},\"datePublished\":\"2021-03-10T13:10:38+00:00\",\"dateModified\":\"2025-01-23T16:43:09+00:00\",\"breadcrumb\":{\"@id\":\"https:\/\/agroingex.es\/politica-de-privacidad\/#breadcrumb\"},\"inLanguage\":\"pt-PT\",\"potentialAction\":[{\"@type\":\"ReadAction\",\"target\":[\"https:\/\/agroingex.es\/politica-de-privacidad\/\"]}]},{\"@type\":\"BreadcrumbList\",\"@id\":\"https:\/\/agroingex.es\/politica-de-privacidad\/#breadcrumb\",\"itemListElement\":[{\"@type\":\"ListItem\",\"position\":1,\"name\":\"Portada\",\"item\":\"https:\/\/agroingex.es\/\"},{\"@type\":\"ListItem\",\"position\":2,\"name\":\"Pol\u00edtica de privacidad\"}]},{\"@type\":\"WebSite\",\"@id\":\"https:\/\/agroingex.es\/#website\",\"url\":\"https:\/\/agroingex.es\/\",\"name\":\"Agroingex\",\"description\":\"Agroingex | Gesti\u00f3n de explotaciones agrarias\",\"publisher\":{\"@id\":\"https:\/\/agroingex.es\/#organization\"},\"potentialAction\":[{\"@type\":\"SearchAction\",\"target\":{\"@type\":\"EntryPoint\",\"urlTemplate\":\"https:\/\/agroingex.es\/?s={search_term_string}\"},\"query-input\":{\"@type\":\"PropertyValueSpecification\",\"valueRequired\":true,\"valueName\":\"search_term_string\"}}],\"inLanguage\":\"pt-PT\"},{\"@type\":\"Organization\",\"@id\":\"https:\/\/agroingex.es\/#organization\",\"name\":\"Agroingex\",\"url\":\"https:\/\/agroingex.es\/\",\"logo\":{\"@type\":\"ImageObject\",\"inLanguage\":\"pt-PT\",\"@id\":\"https:\/\/agroingex.es\/#\/schema\/logo\/image\/\",\"url\":\"https:\/\/agroingex.es\/wp-content\/uploads\/2022\/09\/agroingex-energia.png\",\"contentUrl\":\"https:\/\/agroingex.es\/wp-content\/uploads\/2022\/09\/agroingex-energia.png\",\"width\":545,\"height\":241,\"caption\":\"Agroingex\"},\"image\":{\"@id\":\"https:\/\/agroingex.es\/#\/schema\/logo\/image\/\"}}]}<\/script>\n<!-- \/ Yoast SEO plugin. -->","yoast_head_json":{"title":"Pol\u00edtica de Privacidade - Agroingex","robots":{"index":"index","follow":"follow","max-snippet":"max-snippet:-1","max-image-preview":"max-image-preview:large","max-video-preview":"max-video-preview:-1"},"canonical":"https:\/\/agroingex.es\/pt\/politica-de-privacidade\/","og_locale":"pt_PT","og_type":"article","og_title":"Pol\u00edtica de privacidad - Agroingex","og_description":"Pol\u00edtica de privacidad Home \u00a0 | \u00a0 Pol\u00edtica de privacidad En cumplimiento de lo establecido en la RGPD, le informamos que sus datos ser\u00e1n tratados en nuestros ficheros, con la finalidad del mantenimiento y cumplimiento de la relaci\u00f3n con nuestra entidad, incluyendo el env\u00edo de comunicaciones en el marco de la citada relaci\u00f3n. As\u00ed mismo, [&hellip;]","og_url":"https:\/\/agroingex.es\/pt\/politica-de-privacidade\/","og_site_name":"Agroingex","article_modified_time":"2025-01-23T16:43:09+00:00","twitter_card":"summary_large_image","twitter_misc":{"Tempo estimado de leitura":"2 minutos"},"schema":{"@context":"https:\/\/schema.org","@graph":[{"@type":"WebPage","@id":"https:\/\/agroingex.es\/politica-de-privacidad\/","url":"https:\/\/agroingex.es\/politica-de-privacidad\/","name":"Pol\u00edtica de Privacidade - Agroingex","isPartOf":{"@id":"https:\/\/agroingex.es\/#website"},"datePublished":"2021-03-10T13:10:38+00:00","dateModified":"2025-01-23T16:43:09+00:00","breadcrumb":{"@id":"https:\/\/agroingex.es\/politica-de-privacidad\/#breadcrumb"},"inLanguage":"pt-PT","potentialAction":[{"@type":"ReadAction","target":["https:\/\/agroingex.es\/politica-de-privacidad\/"]}]},{"@type":"BreadcrumbList","@id":"https:\/\/agroingex.es\/politica-de-privacidad\/#breadcrumb","itemListElement":[{"@type":"ListItem","position":1,"name":"Portada","item":"https:\/\/agroingex.es\/"},{"@type":"ListItem","position":2,"name":"Pol\u00edtica de privacidad"}]},{"@type":"WebSite","@id":"https:\/\/agroingex.es\/#website","url":"https:\/\/agroingex.es\/","name":"Agroingex","description":"Agroingex | Gest\u00e3o de fazenda","publisher":{"@id":"https:\/\/agroingex.es\/#organization"},"potentialAction":[{"@type":"SearchAction","target":{"@type":"EntryPoint","urlTemplate":"https:\/\/agroingex.es\/?s={search_term_string}"},"query-input":{"@type":"PropertyValueSpecification","valueRequired":true,"valueName":"search_term_string"}}],"inLanguage":"pt-PT"},{"@type":"Organization","@id":"https:\/\/agroingex.es\/#organization","name":"Agroingex","url":"https:\/\/agroingex.es\/","logo":{"@type":"ImageObject","inLanguage":"pt-PT","@id":"https:\/\/agroingex.es\/#\/schema\/logo\/image\/","url":"https:\/\/agroingex.es\/wp-content\/uploads\/2022\/09\/agroingex-energia.png","contentUrl":"https:\/\/agroingex.es\/wp-content\/uploads\/2022\/09\/agroingex-energia.png","width":545,"height":241,"caption":"Agroingex"},"image":{"@id":"https:\/\/agroingex.es\/#\/schema\/logo\/image\/"}}]}},"_links":{"self":[{"href":"https:\/\/agroingex.es\/pt\/wp-json\/wp\/v2\/pages\/1406","targetHints":{"allow":["GET"]}}],"collection":[{"href":"https:\/\/agroingex.es\/pt\/wp-json\/wp\/v2\/pages"}],"about":[{"href":"https:\/\/agroingex.es\/pt\/wp-json\/wp\/v2\/types\/page"}],"author":[{"embeddable":true,"href":"https:\/\/agroingex.es\/pt\/wp-json\/wp\/v2\/users\/1"}],"replies":[{"embeddable":true,"href":"https:\/\/agroingex.es\/pt\/wp-json\/wp\/v2\/comments?post=1406"}],"version-history":[{"count":5,"href":"https:\/\/agroingex.es\/pt\/wp-json\/wp\/v2\/pages\/1406\/revisions"}],"predecessor-version":[{"id":1731,"href":"https:\/\/agroingex.es\/pt\/wp-json\/wp\/v2\/pages\/1406\/revisions\/1731"}],"wp:attachment":[{"href":"https:\/\/agroingex.es\/pt\/wp-json\/wp\/v2\/media?parent=1406"}],"curies":[{"name":"wp","href":"https:\/\/api.w.org\/{rel}","templated":true}]}}