{"id":1408,"date":"2021-03-10T13:12:35","date_gmt":"2021-03-10T13:12:35","guid":{"rendered":"https:\/\/agroingex.es\/politica-de-privacidad-copy\/"},"modified":"2025-01-23T16:42:45","modified_gmt":"2025-01-23T16:42:45","slug":"aviso-legal","status":"publish","type":"page","link":"https:\/\/agroingex.es\/pt\/aviso-legal\/","title":{"rendered":"Aviso legal"},"content":{"rendered":"<div data-elementor-type=\"wp-page\" data-elementor-id=\"1408\" class=\"elementor elementor-1408\" data-elementor-post-type=\"page\">\n\t\t\t\t\t\t<section class=\"elementor-section elementor-top-section elementor-element elementor-element-c196342 elementor-section-full_width elementor-section-height-default elementor-section-height-default\" data-id=\"c196342\" data-element_type=\"section\">\n\t\t\t\t\t\t<div class=\"elementor-container elementor-column-gap-no\">\n\t\t\t\t\t<div class=\"elementor-column elementor-col-100 elementor-top-column elementor-element elementor-element-7cc742a\" data-id=\"7cc742a\" data-element_type=\"column\">\n\t\t\t<div class=\"elementor-widget-wrap elementor-element-populated\">\n\t\t\t\t\t\t<div class=\"elementor-element elementor-element-9f006a0 elementor-align-left elementor-widget elementor-widget-about-page-header\" data-id=\"9f006a0\" data-element_type=\"widget\" data-widget_type=\"about-page-header.default\">\n\t\t\t\t<div class=\"elementor-widget-container\">\n\t\t\t\t\t\n\t\t\t\t<div class=\"pages-hero\" style=\"background-image: url(https:\/\/agroingex.es\/wp-content\/uploads\/2021\/02\/cookies.jpg);\">\n\t\t\n\t\t\t<div class=\"container\">\n\n\t\t\t\t<div class=\"pages-title\">\n\n\t\t\t\t\t\t\t\t\t\t<h1>Aviso Legal<\/h1>\n\t\t\t\t\t\n\t\t\t\t\t<div class=\"page-nav\">\n\n\t\t\t\t\t\t\t\t\t\t\t\t\t<p><a href=\"https:\/\/agroingex.es\/pt\/\">Lar<\/a> &nbsp; | &nbsp; <a>Aviso Legal<\/a><\/p>\n\t\t\t\t\t\t\n\t\t\t\t\t<\/div>\n\n\t\t\t\t<\/div>\n\n\t\t\t<\/div>\n\n\t\t<\/div>\n\n\t\t\t\t\t<\/div>\n\t\t\t\t<\/div>\n\t\t\t\t\t<\/div>\n\t\t<\/div>\n\t\t\t\t\t<\/div>\n\t\t<\/section>\n\t\t\t\t<section class=\"elementor-section elementor-top-section elementor-element elementor-element-57dc5f2 elementor-section-boxed elementor-section-height-default elementor-section-height-default\" data-id=\"57dc5f2\" data-element_type=\"section\">\n\t\t\t\t\t\t<div class=\"elementor-container elementor-column-gap-default\">\n\t\t\t\t\t<div class=\"elementor-column elementor-col-100 elementor-top-column elementor-element elementor-element-966cb96\" data-id=\"966cb96\" data-element_type=\"column\">\n\t\t\t<div class=\"elementor-widget-wrap elementor-element-populated\">\n\t\t\t\t\t\t<div class=\"elementor-element elementor-element-ccb87fe elementor-widget elementor-widget-text-editor\" data-id=\"ccb87fe\" data-element_type=\"widget\" data-widget_type=\"text-editor.default\">\n\t\t\t\t<div class=\"elementor-widget-container\">\n\t\t\t\t\t\t\t\t\t<p>O presente Aviso Legal regula as condi\u00e7\u00f5es gerais de acesso e utiliza\u00e7\u00e3o do s\u00edtio web acess\u00edvel atrav\u00e9s do URL https:\/\/agroingex.es (doravante, o s\u00edtio web), que a Agroingex SL coloca \u00e0 disposi\u00e7\u00e3o dos utilizadores da Internet. A utiliza\u00e7\u00e3o do site implica a aceita\u00e7\u00e3o plena e sem reservas de todas e cada uma das disposi\u00e7\u00f5es inclu\u00eddas neste Aviso Legal. Consequentemente, os usu\u00e1rios do site devem ler atentamente este Aviso Legal sempre que pretenderem utilizar o site, pois o texto poder\u00e1 ser modificado a crit\u00e9rio do propriet\u00e1rio do site ou em raz\u00e3o de altera\u00e7\u00f5es na legisla\u00e7\u00e3o, jurisprud\u00eancia ou pr\u00e1tica comercial.<\/p><h5><strong>1.- PROPRIEDADE DO SITE. <\/strong><\/h5><p>Nome do propriet\u00e1rio: \u00c1ngel Manuel Arranz Romero<\/p><p>Sede: Parque Industrial \u201cLas Cumbres\u201d, Rua Torricelli, 26<\/p><p>Popula\u00e7\u00e3o: Dom Benito<\/p><p>Prov\u00edncia: Badajoz<\/p><p>CP: 06400<\/p><p>CIF: B06587448<\/p><p>Telefone de contacto: 924952199 E-mail: info@agroingex.es Dados de inscri\u00e7\u00e3o:<\/p><h5><strong>2.- OBJETO. <\/strong><\/h5><p>O site oferece aos usu\u00e1rios acesso a informa\u00e7\u00f5es e servi\u00e7os fornecidos pela Agroingex SL a pessoas ou organiza\u00e7\u00f5es interessadas neles.<\/p><h5><strong>3.- ACESSO E UTILIZA\u00c7\u00c3O DO SITE. <\/strong><\/h5><p>3.1.- Acesso e utiliza\u00e7\u00e3o gratuita do site.<\/p><p>O acesso ao site \u00e9 gratuito para seus usu\u00e1rios.<\/p><p>3.2.- Cadastro de usu\u00e1rios.<\/p><p>Em geral, o acesso e a utiliza\u00e7\u00e3o do site n\u00e3o exigem a pr\u00e9via inscri\u00e7\u00e3o ou cadastro de seus usu\u00e1rios.<\/p><h5><strong>4.- CONTE\u00daDO DO SITE. <\/strong><\/h5><p>O idioma usado pelo propriet\u00e1rio no site ser\u00e1 o espanhol. A Agroingex SL n\u00e3o se responsabiliza pela incapacidade do utilizador de compreender ou compreender a linguagem do site, nem pelas consequ\u00eancias da\u00ed resultantes.<\/p><p>A Agroingex SL poder\u00e1 modificar os conte\u00fados sem aviso pr\u00e9vio, bem como elimin\u00e1-los e alter\u00e1-los dentro do site, assim como a forma de acesso aos mesmos, sem justifica\u00e7\u00e3o e livremente, n\u00e3o se responsabilizando pelas consequ\u00eancias que estes possam causar aos utilizadores.<\/p><p>\u00c9 proibida a utiliza\u00e7\u00e3o dos conte\u00fados do site para promover, contratar ou difundir publicidade ou informa\u00e7\u00e3o, pr\u00f3pria ou de terceiros, sem a autoriza\u00e7\u00e3o da Agroingex SL. \u00c9 proibida a utiliza\u00e7\u00e3o do conte\u00fado do site, bem como o envio de publicidade ou informa\u00e7\u00f5es utilizando os servi\u00e7os ou informa\u00e7\u00f5es disponibilizados aos usu\u00e1rios, independentemente de a utiliza\u00e7\u00e3o ser gratuita ou n\u00e3o.<\/p><p>Quaisquer links ou hiperlinks que terceiros incorporem em suas p\u00e1ginas web, direcionados a este site, ser\u00e3o para a abertura da p\u00e1gina web completa, e n\u00e3o poder\u00e3o expressar, direta ou indiretamente, informa\u00e7\u00f5es falsas, inexatas ou confusas, nem incorrer em a\u00e7\u00f5es injustas ou ilegais contra a Agroingex SL.<\/p><h5><strong>5.- LIMITA\u00c7\u00c3O DE RESPONSABILIDADE. <\/strong><\/h5><p>Tanto o acesso ao site quanto qualquer uso n\u00e3o autorizado das informa\u00e7\u00f5es nele contidas s\u00e3o de exclusiva responsabilidade de quem o acessa. A Agroingex SL n\u00e3o ser\u00e1 respons\u00e1vel por quaisquer consequ\u00eancias, danos ou perdas que possam surgir de tal acesso ou utiliza\u00e7\u00e3o. A Agroingex SL n\u00e3o se responsabiliza por quaisquer erros de seguran\u00e7a que possam ocorrer ou por quaisquer danos que possam ser causados ao sistema inform\u00e1tico do utilizador (hardware e software), ou aos ficheiros ou documentos armazenados no mesmo, como consequ\u00eancia de: <\/p><ul><li>a presen\u00e7a de um v\u00edrus no computador do usu\u00e1rio que \u00e9 usado para se conectar aos servi\u00e7os e conte\u00fados do site.<\/li><li>um mau funcionamento do navegador,<\/li><li>e\/ou o uso de vers\u00f5es n\u00e3o atualizadas.<\/li><\/ul><p>A Agroingex SL n\u00e3o se responsabiliza pela confiabilidade e rapidez dos hiperlinks incorporados no site para abrir outros sites. A Agroingex SL n\u00e3o garante a utilidade destes links, nem se responsabiliza pelos conte\u00fados ou servi\u00e7os aos quais o utilizador possa aceder atrav\u00e9s dos mesmos, nem pelo bom funcionamento destes sites.<\/p><p>A Agroingex SL n\u00e3o ser\u00e1 respons\u00e1vel por v\u00edrus ou outros programas inform\u00e1ticos que danifiquem ou possam danificar os sistemas ou equipamentos inform\u00e1ticos dos utilizadores ao aceder ao seu s\u00edtio web ou a outros s\u00edtios web aos quais se aceda atrav\u00e9s de liga\u00e7\u00f5es neste s\u00edtio web.<\/p><h5><strong>6.- USO DA TECNOLOGIA \u201cCOOKIE\u201d. <\/strong><\/h5><p>O site n\u00e3o utiliza cookies ou qualquer outro processo invis\u00edvel para coletar informa\u00e7\u00f5es enquanto os usu\u00e1rios navegam no site, respeitando sua confidencialidade e privacidade em todos os momentos.<\/p><p>*SE COOKIES FOREM UTILIZADOS, CONSULTE O AVISO SOBRE O USO DE COOKIES. O site usa cookies; voc\u00ea pode consultar nossa Pol\u00edtica de Cookies, que respeita sua confidencialidade e privacidade em todos os momentos.<\/p><h5><strong>7.- PROPRIEDADE INTELECTUAL E INDUSTRIAL. <\/strong><\/h5><p>A Agroingex SL \u00e9 titular de todos os direitos de propriedade industrial e intelectual do site, bem como dos conte\u00fados nele contidos. Qualquer utiliza\u00e7\u00e3o do site ou do seu conte\u00fado deve ser exclusivamente privada. Qualquer outro uso que implique c\u00f3pia, reprodu\u00e7\u00e3o, distribui\u00e7\u00e3o, transforma\u00e7\u00e3o, comunica\u00e7\u00e3o p\u00fablica ou qualquer outra a\u00e7\u00e3o similar de todo ou parte dos conte\u00fados do site \u00e9 reservado exclusivamente \u00e0 Agroingex SL, pelo que nenhum usu\u00e1rio poder\u00e1 realizar tais a\u00e7\u00f5es sem a pr\u00e9via autoriza\u00e7\u00e3o por escrito da Agroingex SL.<\/p><h5><strong>\u00a08.- POL\u00cdTICA DE PRIVACIDADE E PROTE\u00c7\u00c3O DE DADOS <\/strong><\/h5><p>A Agroingex SL garante a prote\u00e7\u00e3o e confidencialidade de todos os dados pessoais fornecidos pelas empresas dos nossos clientes, de acordo com o disposto na Lei Org\u00e2nica 15\/1999, de 13 de dezembro, de Prote\u00e7\u00e3o de Dados Pessoais.<\/p><p>Todos os dados fornecidos pelas nossas empresas clientes \u00e0 Agroingex SL ou ao seu pessoal ser\u00e3o inclu\u00eddos num ficheiro automatizado de dados pessoais criado e mantido sob a responsabilidade da Agroingex SL, essencial para prestar os servi\u00e7os solicitados pelos utilizadores.<\/p><p>Os dados fornecidos ser\u00e3o tratados de acordo com o Regulamento de Medidas de Seguran\u00e7a (Real Decreto 1720\/2007 de 21 de dezembro). Neste sentido, a Agroingex SL adotou os n\u00edveis de prote\u00e7\u00e3o legalmente exigidos e implementou todas as medidas t\u00e9cnicas ao seu alcance para evitar a perda, o uso indevido, a altera\u00e7\u00e3o e o acesso n\u00e3o autorizado por terceiros. No entanto, os usu\u00e1rios devem estar cientes de que as medidas de seguran\u00e7a da Internet n\u00e3o s\u00e3o inexpugn\u00e1veis. Caso considere oportuno ceder os seus dados pessoais a outras entidades, ser-lhe-\u00e3o comunicados os dados cedidos, a finalidade do ficheiro, bem como o nome e morada do cession\u00e1rio, para que possa prestar o seu consentimento inequ\u00edvoco. Em conformidade com as disposi\u00e7\u00f5es do RGPD, o usu\u00e1rio poder\u00e1 exercer seus direitos de acesso, retifica\u00e7\u00e3o, cancelamento e oposi\u00e7\u00e3o. Para isso, entre em contato conosco pelo e-mail info@agroingex.es<\/p><h5><strong>9.- LEGISLA\u00c7\u00c3O APLIC\u00c1VEL E JURISDI\u00c7\u00c3O COMPETENTE. <\/strong><\/h5><p>Este Aviso Legal ser\u00e1 interpretado e regido de acordo com a legisla\u00e7\u00e3o espanhola. A Agroingex SL e os usu\u00e1rios, com ren\u00fancia expressa a qualquer outro foro que possa corresponder, submetem-se \u00e0 jurisdi\u00e7\u00e3o dos julgados e tribunais do domic\u00edlio do usu\u00e1rio para qualquer controv\u00e9rsia que possa surgir do acesso ou uso do site. No caso de o utilizador ter domic\u00edlio fora de Espanha, a Agroingex SL e o utilizador, com ren\u00fancia expressa a qualquer outro foro, submetem-se aos julgados e tribunais do domic\u00edlio da Agroingex SL.<\/p>\t\t\t\t\t\t\t\t<\/div>\n\t\t\t\t<\/div>\n\t\t\t\t\t<\/div>\n\t\t<\/div>\n\t\t\t\t\t<\/div>\n\t\t<\/section>\n\t\t\t\t<\/div>","protected":false},"excerpt":{"rendered":"<p>Aviso Legal In\u00edcio | Aviso Legal Este Aviso Legal regula as condi\u00e7\u00f5es gerais de acesso e utiliza\u00e7\u00e3o do website acess\u00edvel atrav\u00e9s do endere\u00e7o https:\/\/agroingex.es (doravante, o website), que a Agroingex SL disponibiliza aos utilizadores da Internet. A utiliza\u00e7\u00e3o do website implica a aceita\u00e7\u00e3o plena e integral dos termos e condi\u00e7\u00f5es [\u2026]<\/p>","protected":false},"author":1,"featured_media":0,"parent":0,"menu_order":0,"comment_status":"closed","ping_status":"closed","template":"page-templates\/home-1-template.php","meta":{"footnotes":""},"class_list":["post-1408","page","type-page","status-publish","hentry"],"yoast_head":"<!-- This site is optimized with the Yoast SEO plugin v26.6 - https:\/\/yoast.com\/wordpress\/plugins\/seo\/ -->\n<title>Aviso legal - Agroingex<\/title>\n<meta name=\"robots\" content=\"index, follow, max-snippet:-1, max-image-preview:large, max-video-preview:-1\" \/>\n<link rel=\"canonical\" href=\"https:\/\/agroingex.es\/pt\/aviso-legal\/\" \/>\n<meta property=\"og:locale\" content=\"pt_PT\" \/>\n<meta property=\"og:type\" content=\"article\" \/>\n<meta property=\"og:title\" content=\"Aviso legal - Agroingex\" \/>\n<meta property=\"og:description\" content=\"Aviso Legal Home \u00a0 | \u00a0 Aviso Legal El presente Aviso Legal regula las condiciones generales de acceso y utilizaci\u00f3n del sitio web accesible en la direcci\u00f3n URL https:\/\/agroingex.es (en adelante, el sitio web), que Agroingex S.L. pone a disposici\u00f3n de los usuarios de Internet. La utilizaci\u00f3n del sitio web implica la aceptaci\u00f3n plena y [&hellip;]\" \/>\n<meta property=\"og:url\" content=\"https:\/\/agroingex.es\/pt\/aviso-legal\/\" \/>\n<meta property=\"og:site_name\" content=\"Agroingex\" \/>\n<meta property=\"article:modified_time\" content=\"2025-01-23T16:42:45+00:00\" \/>\n<meta name=\"twitter:card\" content=\"summary_large_image\" \/>\n<meta name=\"twitter:label1\" content=\"Tempo estimado de leitura\" \/>\n\t<meta name=\"twitter:data1\" content=\"6 minutos\" \/>\n<script type=\"application\/ld+json\" class=\"yoast-schema-graph\">{\"@context\":\"https:\/\/schema.org\",\"@graph\":[{\"@type\":\"WebPage\",\"@id\":\"https:\/\/agroingex.es\/aviso-legal\/\",\"url\":\"https:\/\/agroingex.es\/aviso-legal\/\",\"name\":\"Aviso legal - Agroingex\",\"isPartOf\":{\"@id\":\"https:\/\/agroingex.es\/#website\"},\"datePublished\":\"2021-03-10T13:12:35+00:00\",\"dateModified\":\"2025-01-23T16:42:45+00:00\",\"breadcrumb\":{\"@id\":\"https:\/\/agroingex.es\/aviso-legal\/#breadcrumb\"},\"inLanguage\":\"pt-PT\",\"potentialAction\":[{\"@type\":\"ReadAction\",\"target\":[\"https:\/\/agroingex.es\/aviso-legal\/\"]}]},{\"@type\":\"BreadcrumbList\",\"@id\":\"https:\/\/agroingex.es\/aviso-legal\/#breadcrumb\",\"itemListElement\":[{\"@type\":\"ListItem\",\"position\":1,\"name\":\"Portada\",\"item\":\"https:\/\/agroingex.es\/\"},{\"@type\":\"ListItem\",\"position\":2,\"name\":\"Aviso legal\"}]},{\"@type\":\"WebSite\",\"@id\":\"https:\/\/agroingex.es\/#website\",\"url\":\"https:\/\/agroingex.es\/\",\"name\":\"Agroingex\",\"description\":\"Agroingex | Gesti\u00f3n de explotaciones agrarias\",\"publisher\":{\"@id\":\"https:\/\/agroingex.es\/#organization\"},\"potentialAction\":[{\"@type\":\"SearchAction\",\"target\":{\"@type\":\"EntryPoint\",\"urlTemplate\":\"https:\/\/agroingex.es\/?s={search_term_string}\"},\"query-input\":{\"@type\":\"PropertyValueSpecification\",\"valueRequired\":true,\"valueName\":\"search_term_string\"}}],\"inLanguage\":\"pt-PT\"},{\"@type\":\"Organization\",\"@id\":\"https:\/\/agroingex.es\/#organization\",\"name\":\"Agroingex\",\"url\":\"https:\/\/agroingex.es\/\",\"logo\":{\"@type\":\"ImageObject\",\"inLanguage\":\"pt-PT\",\"@id\":\"https:\/\/agroingex.es\/#\/schema\/logo\/image\/\",\"url\":\"https:\/\/agroingex.es\/wp-content\/uploads\/2022\/09\/agroingex-energia.png\",\"contentUrl\":\"https:\/\/agroingex.es\/wp-content\/uploads\/2022\/09\/agroingex-energia.png\",\"width\":545,\"height\":241,\"caption\":\"Agroingex\"},\"image\":{\"@id\":\"https:\/\/agroingex.es\/#\/schema\/logo\/image\/\"}}]}<\/script>\n<!-- \/ Yoast SEO plugin. -->","yoast_head_json":{"title":"Aviso legal - Agroingex","robots":{"index":"index","follow":"follow","max-snippet":"max-snippet:-1","max-image-preview":"max-image-preview:large","max-video-preview":"max-video-preview:-1"},"canonical":"https:\/\/agroingex.es\/pt\/aviso-legal\/","og_locale":"pt_PT","og_type":"article","og_title":"Aviso legal - Agroingex","og_description":"Aviso Legal Home \u00a0 | \u00a0 Aviso Legal El presente Aviso Legal regula las condiciones generales de acceso y utilizaci\u00f3n del sitio web accesible en la direcci\u00f3n URL https:\/\/agroingex.es (en adelante, el sitio web), que Agroingex S.L. pone a disposici\u00f3n de los usuarios de Internet. La utilizaci\u00f3n del sitio web implica la aceptaci\u00f3n plena y [&hellip;]","og_url":"https:\/\/agroingex.es\/pt\/aviso-legal\/","og_site_name":"Agroingex","article_modified_time":"2025-01-23T16:42:45+00:00","twitter_card":"summary_large_image","twitter_misc":{"Tempo estimado de leitura":"6 minutos"},"schema":{"@context":"https:\/\/schema.org","@graph":[{"@type":"WebPage","@id":"https:\/\/agroingex.es\/aviso-legal\/","url":"https:\/\/agroingex.es\/aviso-legal\/","name":"Aviso legal - Agroingex","isPartOf":{"@id":"https:\/\/agroingex.es\/#website"},"datePublished":"2021-03-10T13:12:35+00:00","dateModified":"2025-01-23T16:42:45+00:00","breadcrumb":{"@id":"https:\/\/agroingex.es\/aviso-legal\/#breadcrumb"},"inLanguage":"pt-PT","potentialAction":[{"@type":"ReadAction","target":["https:\/\/agroingex.es\/aviso-legal\/"]}]},{"@type":"BreadcrumbList","@id":"https:\/\/agroingex.es\/aviso-legal\/#breadcrumb","itemListElement":[{"@type":"ListItem","position":1,"name":"Portada","item":"https:\/\/agroingex.es\/"},{"@type":"ListItem","position":2,"name":"Aviso legal"}]},{"@type":"WebSite","@id":"https:\/\/agroingex.es\/#website","url":"https:\/\/agroingex.es\/","name":"Agroingex","description":"Agroingex | Gest\u00e3o de fazenda","publisher":{"@id":"https:\/\/agroingex.es\/#organization"},"potentialAction":[{"@type":"SearchAction","target":{"@type":"EntryPoint","urlTemplate":"https:\/\/agroingex.es\/?s={search_term_string}"},"query-input":{"@type":"PropertyValueSpecification","valueRequired":true,"valueName":"search_term_string"}}],"inLanguage":"pt-PT"},{"@type":"Organization","@id":"https:\/\/agroingex.es\/#organization","name":"Agroingex","url":"https:\/\/agroingex.es\/","logo":{"@type":"ImageObject","inLanguage":"pt-PT","@id":"https:\/\/agroingex.es\/#\/schema\/logo\/image\/","url":"https:\/\/agroingex.es\/wp-content\/uploads\/2022\/09\/agroingex-energia.png","contentUrl":"https:\/\/agroingex.es\/wp-content\/uploads\/2022\/09\/agroingex-energia.png","width":545,"height":241,"caption":"Agroingex"},"image":{"@id":"https:\/\/agroingex.es\/#\/schema\/logo\/image\/"}}]}},"_links":{"self":[{"href":"https:\/\/agroingex.es\/pt\/wp-json\/wp\/v2\/pages\/1408","targetHints":{"allow":["GET"]}}],"collection":[{"href":"https:\/\/agroingex.es\/pt\/wp-json\/wp\/v2\/pages"}],"about":[{"href":"https:\/\/agroingex.es\/pt\/wp-json\/wp\/v2\/types\/page"}],"author":[{"embeddable":true,"href":"https:\/\/agroingex.es\/pt\/wp-json\/wp\/v2\/users\/1"}],"replies":[{"embeddable":true,"href":"https:\/\/agroingex.es\/pt\/wp-json\/wp\/v2\/comments?post=1408"}],"version-history":[{"count":5,"href":"https:\/\/agroingex.es\/pt\/wp-json\/wp\/v2\/pages\/1408\/revisions"}],"predecessor-version":[{"id":1730,"href":"https:\/\/agroingex.es\/pt\/wp-json\/wp\/v2\/pages\/1408\/revisions\/1730"}],"wp:attachment":[{"href":"https:\/\/agroingex.es\/pt\/wp-json\/wp\/v2\/media?parent=1408"}],"curies":[{"name":"wp","href":"https:\/\/api.w.org\/{rel}","templated":true}]}}