{"id":1640,"date":"2022-10-03T10:02:59","date_gmt":"2022-10-03T10:02:59","guid":{"rendered":"https:\/\/agroingex.es\/?page_id=1640"},"modified":"2023-03-01T15:51:20","modified_gmt":"2023-03-01T15:51:20","slug":"paineis-solares-para-edificios-industriais","status":"publish","type":"page","link":"https:\/\/agroingex.es\/pt\/paineis-solares-para-edificios-industriais\/","title":{"rendered":"Pain\u00e9is solares para edif\u00edcios industriais"},"content":{"rendered":"<div data-elementor-type=\"wp-post\" data-elementor-id=\"1640\" class=\"elementor elementor-1640\" data-elementor-post-type=\"page\">\n\t\t\t\t\t\t<section class=\"elementor-section elementor-top-section elementor-element elementor-element-4cac4a4 elementor-section-full_width elementor-section-height-min-height elementor-section-height-default elementor-section-items-middle\" data-id=\"4cac4a4\" data-element_type=\"section\" data-settings=\"{&quot;background_background&quot;:&quot;classic&quot;}\">\n\t\t\t\t\t\t\t<div class=\"elementor-background-overlay\"><\/div>\n\t\t\t\t\t\t\t<div class=\"elementor-container elementor-column-gap-default\">\n\t\t\t\t\t<div class=\"elementor-column elementor-col-100 elementor-top-column elementor-element elementor-element-6c0a25b\" data-id=\"6c0a25b\" data-element_type=\"column\">\n\t\t\t<div class=\"elementor-widget-wrap elementor-element-populated\">\n\t\t\t\t\t\t<section class=\"elementor-section elementor-inner-section elementor-element elementor-element-2465ef7 elementor-section-boxed elementor-section-height-default elementor-section-height-default\" data-id=\"2465ef7\" data-element_type=\"section\">\n\t\t\t\t\t\t<div class=\"elementor-container elementor-column-gap-default\">\n\t\t\t\t\t<div class=\"elementor-column elementor-col-50 elementor-inner-column elementor-element elementor-element-9eaa780\" data-id=\"9eaa780\" data-element_type=\"column\" data-settings=\"{&quot;background_background&quot;:&quot;classic&quot;}\">\n\t\t\t<div class=\"elementor-widget-wrap elementor-element-populated\">\n\t\t\t\t\t\t<div class=\"elementor-element elementor-element-8cae6c1 elementor-widget elementor-widget-heading\" data-id=\"8cae6c1\" data-element_type=\"widget\" data-widget_type=\"heading.default\">\n\t\t\t\t<div class=\"elementor-widget-container\">\n\t\t\t\t\t<h1 class=\"elementor-heading-title elementor-size-xxl\">Pain\u00e9is solares para <span class=\"themeGreen\"> edif\u00edcios industriais<\/span> <span class=\"themeGreen\"> e empresas<\/h1>\t\t\t\t<\/div>\n\t\t\t\t<\/div>\n\t\t\t\t<div class=\"elementor-element elementor-element-5e26ba7 elementor-align-left elementor-widget elementor-widget-button\" data-id=\"5e26ba7\" data-element_type=\"widget\" data-widget_type=\"button.default\">\n\t\t\t\t<div class=\"elementor-widget-container\">\n\t\t\t\t\t\t\t\t\t<div class=\"elementor-button-wrapper\">\n\t\t\t\t\t<a class=\"elementor-button elementor-button-link elementor-size-lg\" href=\"https:\/\/rrubio829487.typeform.com\/to\/mWSE2jVh?typeform-source=www.google.com\">\n\t\t\t\t\t\t<span class=\"elementor-button-content-wrapper\">\n\t\t\t\t\t\t\t\t\t<span class=\"elementor-button-text\"><b>CALCULADORA SOLAR<b><\/span>\n\t\t\t\t\t<\/span>\n\t\t\t\t\t<\/a>\n\t\t\t\t<\/div>\n\t\t\t\t\t\t\t\t<\/div>\n\t\t\t\t<\/div>\n\t\t\t\t\t<\/div>\n\t\t<\/div>\n\t\t\t\t<div class=\"elementor-column elementor-col-50 elementor-inner-column elementor-element elementor-element-bf00b15\" data-id=\"bf00b15\" data-element_type=\"column\">\n\t\t\t<div class=\"elementor-widget-wrap\">\n\t\t\t\t\t\t\t<\/div>\n\t\t<\/div>\n\t\t\t\t\t<\/div>\n\t\t<\/section>\n\t\t\t\t\t<\/div>\n\t\t<\/div>\n\t\t\t\t\t<\/div>\n\t\t<\/section>\n\t\t\t\t<section class=\"elementor-section elementor-top-section elementor-element elementor-element-9077e97 elementor-section-boxed elementor-section-height-default elementor-section-height-default\" data-id=\"9077e97\" data-element_type=\"section\" data-settings=\"{&quot;background_background&quot;:&quot;classic&quot;}\">\n\t\t\t\t\t\t\t<div class=\"elementor-background-overlay\"><\/div>\n\t\t\t\t\t\t\t<div class=\"elementor-container elementor-column-gap-default\">\n\t\t\t\t\t<div class=\"elementor-column elementor-col-100 elementor-top-column elementor-element elementor-element-3fad848\" data-id=\"3fad848\" data-element_type=\"column\">\n\t\t\t<div class=\"elementor-widget-wrap elementor-element-populated\">\n\t\t\t\t\t\t<div class=\"elementor-element elementor-element-7e441c1 elementor-widget elementor-widget-heading\" data-id=\"7e441c1\" data-element_type=\"widget\" data-widget_type=\"heading.default\">\n\t\t\t\t<div class=\"elementor-widget-container\">\n\t\t\t\t\t<h2 class=\"elementor-heading-title elementor-size-default\"><b>EDIF\u00cdCIOS INDUSTRIAIS SUSTENT\u00c1VEIS, EFICIENTES E RESPONS\u00c1VEIS  <\/b><\/h2>\t\t\t\t<\/div>\n\t\t\t\t<\/div>\n\t\t\t\t<div class=\"elementor-element elementor-element-8cf3061 elementor-align-left elementor-widget elementor-widget-button\" data-id=\"8cf3061\" data-element_type=\"widget\" data-widget_type=\"button.default\">\n\t\t\t\t<div class=\"elementor-widget-container\">\n\t\t\t\t\t\t\t\t\t<div class=\"elementor-button-wrapper\">\n\t\t\t\t\t<a class=\"elementor-button elementor-button-link elementor-size-md\" href=\"https:\/\/rrubio829487.typeform.com\/to\/mWSE2jVh?typeform-source=www.google.com\">\n\t\t\t\t\t\t<span class=\"elementor-button-content-wrapper\">\n\t\t\t\t\t\t\t\t\t<span class=\"elementor-button-text\"><b>CALCULADORA SOLAR<b><\/span>\n\t\t\t\t\t<\/span>\n\t\t\t\t\t<\/a>\n\t\t\t\t<\/div>\n\t\t\t\t\t\t\t\t<\/div>\n\t\t\t\t<\/div>\n\t\t\t\t\t<\/div>\n\t\t<\/div>\n\t\t\t\t\t<\/div>\n\t\t<\/section>\n\t\t\t\t<section class=\"elementor-section elementor-top-section elementor-element elementor-element-226b8df elementor-section-boxed elementor-section-height-default elementor-section-height-default\" data-id=\"226b8df\" data-element_type=\"section\" data-settings=\"{&quot;background_background&quot;:&quot;classic&quot;}\">\n\t\t\t\t\t\t<div class=\"elementor-container elementor-column-gap-default\">\n\t\t\t\t\t<div class=\"elementor-column elementor-col-100 elementor-top-column elementor-element elementor-element-3292a93\" data-id=\"3292a93\" data-element_type=\"column\">\n\t\t\t<div class=\"elementor-widget-wrap elementor-element-populated\">\n\t\t\t\t\t\t<div class=\"elementor-element elementor-element-38a7c7b elementor-widget elementor-widget-heading\" data-id=\"38a7c7b\" data-element_type=\"widget\" data-widget_type=\"heading.default\">\n\t\t\t\t<div class=\"elementor-widget-container\">\n\t\t\t\t\t<h2 class=\"elementor-heading-title elementor-size-default\"><b>SOLU\u00c7\u00d5ES DE PAGAMENTO PARCELADO PERSONALIZADAS PARA AS SUAS NECESSIDADES<\/b><\/h2>\t\t\t\t<\/div>\n\t\t\t\t<\/div>\n\t\t\t\t<div class=\"elementor-element elementor-element-e63e246 elementor-widget elementor-widget-heading\" data-id=\"e63e246\" data-element_type=\"widget\" data-widget_type=\"heading.default\">\n\t\t\t\t<div class=\"elementor-widget-container\">\n\t\t\t\t\t<h2 class=\"elementor-heading-title elementor-size-default\"><b>Para ind\u00fastrias e empresas<\/b><\/h2>\t\t\t\t<\/div>\n\t\t\t\t<\/div>\n\t\t\t\t<div class=\"elementor-element elementor-element-ed9247b elementor-widget elementor-widget-button\" data-id=\"ed9247b\" data-element_type=\"widget\" data-widget_type=\"button.default\">\n\t\t\t\t<div class=\"elementor-widget-container\">\n\t\t\t\t\t\t\t\t\t<div class=\"elementor-button-wrapper\">\n\t\t\t\t\t<a class=\"elementor-button elementor-button-link elementor-size-md\" href=\"https:\/\/agroingex.es\/pt\/contato\/\">\n\t\t\t\t\t\t<span class=\"elementor-button-content-wrapper\">\n\t\t\t\t\t\t\t\t\t<span class=\"elementor-button-text\"><b>CALCULADORA SOLAR<b><\/span>\n\t\t\t\t\t<\/span>\n\t\t\t\t\t<\/a>\n\t\t\t\t<\/div>\n\t\t\t\t\t\t\t\t<\/div>\n\t\t\t\t<\/div>\n\t\t\t\t\t<\/div>\n\t\t<\/div>\n\t\t\t\t\t<\/div>\n\t\t<\/section>\n\t\t\t\t<section class=\"elementor-section elementor-top-section elementor-element elementor-element-7691e58 elementor-section-boxed elementor-section-height-default elementor-section-height-default\" data-id=\"7691e58\" data-element_type=\"section\" data-settings=\"{&quot;background_background&quot;:&quot;classic&quot;}\">\n\t\t\t\t\t\t\t<div class=\"elementor-background-overlay\"><\/div>\n\t\t\t\t\t\t\t<div class=\"elementor-container elementor-column-gap-default\">\n\t\t\t\t\t<div class=\"elementor-column elementor-col-100 elementor-top-column elementor-element elementor-element-9bb41d4\" data-id=\"9bb41d4\" data-element_type=\"column\">\n\t\t\t<div class=\"elementor-widget-wrap elementor-element-populated\">\n\t\t\t\t\t\t<div class=\"elementor-element elementor-element-f44e523 elementor-widget elementor-widget-heading\" data-id=\"f44e523\" data-element_type=\"widget\" data-widget_type=\"heading.default\">\n\t\t\t\t<div class=\"elementor-widget-container\">\n\t\t\t\t\t<h2 class=\"elementor-heading-title elementor-size-default\"><b>Subs\u00eddios e vantagens fiscais para instala\u00e7\u00f5es fotovoltaicas em ind\u00fastrias e empresas.<\/b><\/h2>\t\t\t\t<\/div>\n\t\t\t\t<\/div>\n\t\t\t\t<div class=\"elementor-element elementor-element-98a8d8a elementor-align-center elementor-widget elementor-widget-button\" data-id=\"98a8d8a\" data-element_type=\"widget\" data-widget_type=\"button.default\">\n\t\t\t\t<div class=\"elementor-widget-container\">\n\t\t\t\t\t\t\t\t\t<div class=\"elementor-button-wrapper\">\n\t\t\t\t\t<a class=\"elementor-button elementor-button-link elementor-size-md\" href=\"https:\/\/agroingex.es\/pt\/subsidios-para-paineis-solares-fotovoltaicos-2023\/\">\n\t\t\t\t\t\t<span class=\"elementor-button-content-wrapper\">\n\t\t\t\t\t\t\t\t\t<span class=\"elementor-button-text\"><b>SABER MAIS<b><\/span>\n\t\t\t\t\t<\/span>\n\t\t\t\t\t<\/a>\n\t\t\t\t<\/div>\n\t\t\t\t\t\t\t\t<\/div>\n\t\t\t\t<\/div>\n\t\t\t\t\t<\/div>\n\t\t<\/div>\n\t\t\t\t\t<\/div>\n\t\t<\/section>\n\t\t\t\t<section class=\"elementor-section elementor-top-section elementor-element elementor-element-f2ac505 elementor-section-boxed elementor-section-height-default elementor-section-height-default\" data-id=\"f2ac505\" data-element_type=\"section\">\n\t\t\t\t\t\t<div class=\"elementor-container elementor-column-gap-default\">\n\t\t\t\t\t<div class=\"elementor-column elementor-col-100 elementor-top-column elementor-element elementor-element-791517b\" data-id=\"791517b\" data-element_type=\"column\">\n\t\t\t<div class=\"elementor-widget-wrap elementor-element-populated\">\n\t\t\t\t\t\t<div class=\"elementor-element elementor-element-ac5b6e4 elementor-widget elementor-widget-heading\" data-id=\"ac5b6e4\" data-element_type=\"widget\" data-widget_type=\"heading.default\">\n\t\t\t\t<div class=\"elementor-widget-container\">\n\t\t\t\t\t<h2 class=\"elementor-heading-title elementor-size-default\"><b>Calcule seu or\u00e7amento gratuito<\/b><\/h2>\t\t\t\t<\/div>\n\t\t\t\t<\/div>\n\t\t\t\t\t<\/div>\n\t\t<\/div>\n\t\t\t\t\t<\/div>\n\t\t<\/section>\n\t\t\t\t<section class=\"elementor-section elementor-top-section elementor-element elementor-element-fe50686 elementor-section-boxed elementor-section-height-default elementor-section-height-default\" data-id=\"fe50686\" data-element_type=\"section\">\n\t\t\t\t\t\t<div class=\"elementor-container elementor-column-gap-default\">\n\t\t\t\t\t<div class=\"elementor-column elementor-col-100 elementor-top-column elementor-element elementor-element-8af02c6\" data-id=\"8af02c6\" data-element_type=\"column\">\n\t\t\t<div class=\"elementor-widget-wrap elementor-element-populated\">\n\t\t\t\t\t\t<div class=\"elementor-element elementor-element-5739c84 elementor-widget elementor-widget-html\" data-id=\"5739c84\" data-element_type=\"widget\" data-widget_type=\"html.default\">\n\t\t\t\t<div class=\"elementor-widget-container\">\n\t\t\t\t\t<div data-tf-widget=\"mWSE2jVh\" data-tf-opacity=\"100\" data-tf-iframe-props=\"title=Solicitud presupuesto Agroingex\" data-tf-transitive-search-params data-tf-medium=\"snippet\" style=\"width:100%;height:500px;\"><\/div><script src=\"\/\/embed.typeform.com\/next\/embed.js\"><\/script>\t\t\t\t<\/div>\n\t\t\t\t<\/div>\n\t\t\t\t\t<\/div>\n\t\t<\/div>\n\t\t\t\t\t<\/div>\n\t\t<\/section>\n\t\t\t\t<section class=\"elementor-section elementor-top-section elementor-element elementor-element-ac786da elementor-section-boxed elementor-section-height-default elementor-section-height-default\" data-id=\"ac786da\" data-element_type=\"section\">\n\t\t\t\t\t\t<div class=\"elementor-container elementor-column-gap-default\">\n\t\t\t\t\t<div class=\"elementor-column elementor-col-100 elementor-top-column elementor-element elementor-element-5d9921b\" data-id=\"5d9921b\" data-element_type=\"column\">\n\t\t\t<div class=\"elementor-widget-wrap elementor-element-populated\">\n\t\t\t\t\t\t<div class=\"elementor-element elementor-element-072cd62 barraLogos elementor-align-left elementor-widget elementor-widget-home-1-client\" data-id=\"072cd62\" data-element_type=\"widget\" data-widget_type=\"home-1-client.default\">\n\t\t\t\t<div class=\"elementor-widget-container\">\n\t\t\t\t\t\r\n\t\t<div class=\"container mt-5 mb-5\">\r\n\r\n            <div class=\"clients-carousel\">\r\n\r\n                <div class=\"owl-carousel owl-theme\">\r\n\r\n                \t\r\n                    <div class=\"item\">\r\n\r\n                        <div class=\"client-box\">\r\n\r\n                        \t                            <figure class=\"client-icon\">\r\n\r\n                                <img decoding=\"async\" src=\"https:\/\/agroingex.es\/wp-content\/uploads\/2023\/01\/logo-agromillora-1.png\" alt=\"\">\r\n\r\n                            <\/figure>\r\n                            \r\n                        <\/div>\r\n\r\n                    <\/div>\r\n\r\n                    \r\n                    <div class=\"item\">\r\n\r\n                        <div class=\"client-box\">\r\n\r\n                        \t                            <figure class=\"client-icon\">\r\n\r\n                                <img decoding=\"async\" src=\"https:\/\/agroingex.es\/wp-content\/uploads\/2023\/01\/hidroten-2.png\" alt=\"\">\r\n\r\n                            <\/figure>\r\n                            \r\n                        <\/div>\r\n\r\n                    <\/div>\r\n\r\n                    \r\n                    <div class=\"item\">\r\n\r\n                        <div class=\"client-box\">\r\n\r\n                        \t                            <figure class=\"client-icon\">\r\n\r\n                                <img decoding=\"async\" src=\"https:\/\/agroingex.es\/wp-content\/uploads\/2023\/01\/azud-1.png\" alt=\"\">\r\n\r\n                            <\/figure>\r\n                            \r\n                        <\/div>\r\n\r\n                    <\/div>\r\n\r\n                    \r\n                    <div class=\"item\">\r\n\r\n                        <div class=\"client-box\">\r\n\r\n                        \t                            <figure class=\"client-icon\">\r\n\r\n                                <img decoding=\"async\" src=\"https:\/\/agroingex.es\/wp-content\/uploads\/2023\/01\/logo-deutz.png\" alt=\"\">\r\n\r\n                            <\/figure>\r\n                            \r\n                        <\/div>\r\n\r\n                    <\/div>\r\n\r\n                    \r\n                    <div class=\"item\">\r\n\r\n                        <div class=\"client-box\">\r\n\r\n                        \t                            <figure class=\"client-icon\">\r\n\r\n                                <img decoding=\"async\" src=\"https:\/\/agroingex.es\/wp-content\/uploads\/2023\/01\/itc-1.png\" alt=\"\">\r\n\r\n                            <\/figure>\r\n                            \r\n                        <\/div>\r\n\r\n                    <\/div>\r\n\r\n                    \r\n                <\/div>\r\n\r\n            <\/div>\r\n\r\n            <!-- CLIENTS CAROUSEL END -->\r\n\r\n        <\/div>\r\n\r\n\t\t\t\t\t<\/div>\n\t\t\t\t<\/div>\n\t\t\t\t\t<\/div>\n\t\t<\/div>\n\t\t\t\t\t<\/div>\n\t\t<\/section>\n\t\t\t\t<\/div>","protected":false},"excerpt":{"rendered":"<p>Placas solares para naves industriales y empresas CALCULADORA SOLAR NAVES INDUSTRIALES SOSTENIBLES, EFICIENTES Y RESPONSABLES CALCULADORA SOLAR SOLUCIONES DE PAGOS A PLAZOS SEG\u00daN TUS NECESIDADES Para industrias y empresas CALCULADORA SOLAR subvenciones y ventajas fiscales para la instalaci\u00f3n fotovoltaica en industrias y empresas SABER M\u00c1S calcula tu presupuesto gratuito<\/p>","protected":false},"author":1,"featured_media":0,"parent":0,"menu_order":0,"comment_status":"closed","ping_status":"closed","template":"page-templates\/home-1-template.php","meta":{"footnotes":""},"class_list":["post-1640","page","type-page","status-publish","hentry"],"yoast_head":"<!-- This site is optimized with the Yoast SEO plugin v26.6 - https:\/\/yoast.com\/wordpress\/plugins\/seo\/ -->\n<title>Placas solares para naves industriales - Agroingex<\/title>\n<meta name=\"description\" content=\"En Agroingex realizamos instalaciones solar fotovoltaicas a medida, instalamos placas solares en naves industriales para tu empresa.\" \/>\n<meta name=\"robots\" content=\"index, follow, max-snippet:-1, max-image-preview:large, max-video-preview:-1\" \/>\n<link rel=\"canonical\" href=\"https:\/\/agroingex.es\/pt\/paineis-solares-para-edificios-industriais\/\" \/>\n<meta property=\"og:locale\" content=\"pt_PT\" \/>\n<meta property=\"og:type\" content=\"article\" \/>\n<meta property=\"og:title\" content=\"Placas solares para naves industriales - Agroingex\" \/>\n<meta property=\"og:description\" content=\"En Agroingex realizamos instalaciones solar fotovoltaicas a medida, instalamos placas solares en naves industriales para tu empresa.\" \/>\n<meta property=\"og:url\" content=\"https:\/\/agroingex.es\/pt\/paineis-solares-para-edificios-industriais\/\" \/>\n<meta property=\"og:site_name\" content=\"Agroingex\" \/>\n<meta property=\"article:modified_time\" content=\"2023-03-01T15:51:20+00:00\" \/>\n<meta property=\"og:image\" content=\"https:\/\/agroingex.es\/wp-content\/uploads\/2023\/01\/logo-agromillora-1.png\" \/>\n<meta name=\"twitter:card\" content=\"summary_large_image\" \/>\n<meta name=\"twitter:label1\" content=\"Tempo estimado de leitura\" \/>\n\t<meta name=\"twitter:data1\" content=\"2 minutos\" \/>\n<script type=\"application\/ld+json\" class=\"yoast-schema-graph\">{\"@context\":\"https:\/\/schema.org\",\"@graph\":[{\"@type\":\"WebPage\",\"@id\":\"https:\/\/agroingex.es\/placas-solares-naves-industriales\/\",\"url\":\"https:\/\/agroingex.es\/placas-solares-naves-industriales\/\",\"name\":\"Placas solares para naves industriales - Agroingex\",\"isPartOf\":{\"@id\":\"https:\/\/agroingex.es\/#website\"},\"primaryImageOfPage\":{\"@id\":\"https:\/\/agroingex.es\/placas-solares-naves-industriales\/#primaryimage\"},\"image\":{\"@id\":\"https:\/\/agroingex.es\/placas-solares-naves-industriales\/#primaryimage\"},\"thumbnailUrl\":\"https:\/\/agroingex.es\/wp-content\/uploads\/2023\/01\/logo-agromillora-1.png\",\"datePublished\":\"2022-10-03T10:02:59+00:00\",\"dateModified\":\"2023-03-01T15:51:20+00:00\",\"description\":\"En Agroingex realizamos instalaciones solar fotovoltaicas a medida, instalamos placas solares en naves industriales para tu empresa.\",\"breadcrumb\":{\"@id\":\"https:\/\/agroingex.es\/placas-solares-naves-industriales\/#breadcrumb\"},\"inLanguage\":\"pt-PT\",\"potentialAction\":[{\"@type\":\"ReadAction\",\"target\":[\"https:\/\/agroingex.es\/placas-solares-naves-industriales\/\"]}]},{\"@type\":\"ImageObject\",\"inLanguage\":\"pt-PT\",\"@id\":\"https:\/\/agroingex.es\/placas-solares-naves-industriales\/#primaryimage\",\"url\":\"https:\/\/agroingex.es\/wp-content\/uploads\/2023\/01\/logo-agromillora-1.png\",\"contentUrl\":\"https:\/\/agroingex.es\/wp-content\/uploads\/2023\/01\/logo-agromillora-1.png\"},{\"@type\":\"BreadcrumbList\",\"@id\":\"https:\/\/agroingex.es\/placas-solares-naves-industriales\/#breadcrumb\",\"itemListElement\":[{\"@type\":\"ListItem\",\"position\":1,\"name\":\"Portada\",\"item\":\"https:\/\/agroingex.es\/\"},{\"@type\":\"ListItem\",\"position\":2,\"name\":\"Placas solares para naves industriales\"}]},{\"@type\":\"WebSite\",\"@id\":\"https:\/\/agroingex.es\/#website\",\"url\":\"https:\/\/agroingex.es\/\",\"name\":\"Agroingex\",\"description\":\"Agroingex | Gesti\u00f3n de explotaciones agrarias\",\"publisher\":{\"@id\":\"https:\/\/agroingex.es\/#organization\"},\"potentialAction\":[{\"@type\":\"SearchAction\",\"target\":{\"@type\":\"EntryPoint\",\"urlTemplate\":\"https:\/\/agroingex.es\/?s={search_term_string}\"},\"query-input\":{\"@type\":\"PropertyValueSpecification\",\"valueRequired\":true,\"valueName\":\"search_term_string\"}}],\"inLanguage\":\"pt-PT\"},{\"@type\":\"Organization\",\"@id\":\"https:\/\/agroingex.es\/#organization\",\"name\":\"Agroingex\",\"url\":\"https:\/\/agroingex.es\/\",\"logo\":{\"@type\":\"ImageObject\",\"inLanguage\":\"pt-PT\",\"@id\":\"https:\/\/agroingex.es\/#\/schema\/logo\/image\/\",\"url\":\"https:\/\/agroingex.es\/wp-content\/uploads\/2022\/09\/agroingex-energia.png\",\"contentUrl\":\"https:\/\/agroingex.es\/wp-content\/uploads\/2022\/09\/agroingex-energia.png\",\"width\":545,\"height\":241,\"caption\":\"Agroingex\"},\"image\":{\"@id\":\"https:\/\/agroingex.es\/#\/schema\/logo\/image\/\"}}]}<\/script>\n<!-- \/ Yoast SEO plugin. -->","yoast_head_json":{"title":"Pain\u00e9is solares para edif\u00edcios industriais - Agroingex","description":"Na Agroingex, realizamos instala\u00e7\u00f5es solares fotovoltaicas personalizadas, instalando pain\u00e9is solares em edif\u00edcios industriais para a sua empresa.","robots":{"index":"index","follow":"follow","max-snippet":"max-snippet:-1","max-image-preview":"max-image-preview:large","max-video-preview":"max-video-preview:-1"},"canonical":"https:\/\/agroingex.es\/pt\/paineis-solares-para-edificios-industriais\/","og_locale":"pt_PT","og_type":"article","og_title":"Placas solares para naves industriales - Agroingex","og_description":"En Agroingex realizamos instalaciones solar fotovoltaicas a medida, instalamos placas solares en naves industriales para tu empresa.","og_url":"https:\/\/agroingex.es\/pt\/paineis-solares-para-edificios-industriais\/","og_site_name":"Agroingex","article_modified_time":"2023-03-01T15:51:20+00:00","og_image":[{"url":"https:\/\/agroingex.es\/wp-content\/uploads\/2023\/01\/logo-agromillora-1.png","type":"","width":"","height":""}],"twitter_card":"summary_large_image","twitter_misc":{"Tempo estimado de leitura":"2 minutos"},"schema":{"@context":"https:\/\/schema.org","@graph":[{"@type":"WebPage","@id":"https:\/\/agroingex.es\/placas-solares-naves-industriales\/","url":"https:\/\/agroingex.es\/placas-solares-naves-industriales\/","name":"Pain\u00e9is solares para edif\u00edcios industriais - Agroingex","isPartOf":{"@id":"https:\/\/agroingex.es\/#website"},"primaryImageOfPage":{"@id":"https:\/\/agroingex.es\/placas-solares-naves-industriales\/#primaryimage"},"image":{"@id":"https:\/\/agroingex.es\/placas-solares-naves-industriales\/#primaryimage"},"thumbnailUrl":"https:\/\/agroingex.es\/wp-content\/uploads\/2023\/01\/logo-agromillora-1.png","datePublished":"2022-10-03T10:02:59+00:00","dateModified":"2023-03-01T15:51:20+00:00","description":"Na Agroingex, realizamos instala\u00e7\u00f5es solares fotovoltaicas personalizadas, instalando pain\u00e9is solares em edif\u00edcios industriais para a sua empresa.","breadcrumb":{"@id":"https:\/\/agroingex.es\/placas-solares-naves-industriales\/#breadcrumb"},"inLanguage":"pt-PT","potentialAction":[{"@type":"ReadAction","target":["https:\/\/agroingex.es\/placas-solares-naves-industriales\/"]}]},{"@type":"ImageObject","inLanguage":"pt-PT","@id":"https:\/\/agroingex.es\/placas-solares-naves-industriales\/#primaryimage","url":"https:\/\/agroingex.es\/wp-content\/uploads\/2023\/01\/logo-agromillora-1.png","contentUrl":"https:\/\/agroingex.es\/wp-content\/uploads\/2023\/01\/logo-agromillora-1.png"},{"@type":"BreadcrumbList","@id":"https:\/\/agroingex.es\/placas-solares-naves-industriales\/#breadcrumb","itemListElement":[{"@type":"ListItem","position":1,"name":"Portada","item":"https:\/\/agroingex.es\/"},{"@type":"ListItem","position":2,"name":"Placas solares para naves industriales"}]},{"@type":"WebSite","@id":"https:\/\/agroingex.es\/#website","url":"https:\/\/agroingex.es\/","name":"Agroingex","description":"Agroingex | Gest\u00e3o de fazenda","publisher":{"@id":"https:\/\/agroingex.es\/#organization"},"potentialAction":[{"@type":"SearchAction","target":{"@type":"EntryPoint","urlTemplate":"https:\/\/agroingex.es\/?s={search_term_string}"},"query-input":{"@type":"PropertyValueSpecification","valueRequired":true,"valueName":"search_term_string"}}],"inLanguage":"pt-PT"},{"@type":"Organization","@id":"https:\/\/agroingex.es\/#organization","name":"Agroingex","url":"https:\/\/agroingex.es\/","logo":{"@type":"ImageObject","inLanguage":"pt-PT","@id":"https:\/\/agroingex.es\/#\/schema\/logo\/image\/","url":"https:\/\/agroingex.es\/wp-content\/uploads\/2022\/09\/agroingex-energia.png","contentUrl":"https:\/\/agroingex.es\/wp-content\/uploads\/2022\/09\/agroingex-energia.png","width":545,"height":241,"caption":"Agroingex"},"image":{"@id":"https:\/\/agroingex.es\/#\/schema\/logo\/image\/"}}]}},"_links":{"self":[{"href":"https:\/\/agroingex.es\/pt\/wp-json\/wp\/v2\/pages\/1640","targetHints":{"allow":["GET"]}}],"collection":[{"href":"https:\/\/agroingex.es\/pt\/wp-json\/wp\/v2\/pages"}],"about":[{"href":"https:\/\/agroingex.es\/pt\/wp-json\/wp\/v2\/types\/page"}],"author":[{"embeddable":true,"href":"https:\/\/agroingex.es\/pt\/wp-json\/wp\/v2\/users\/1"}],"replies":[{"embeddable":true,"href":"https:\/\/agroingex.es\/pt\/wp-json\/wp\/v2\/comments?post=1640"}],"version-history":[{"count":109,"href":"https:\/\/agroingex.es\/pt\/wp-json\/wp\/v2\/pages\/1640\/revisions"}],"predecessor-version":[{"id":3886,"href":"https:\/\/agroingex.es\/pt\/wp-json\/wp\/v2\/pages\/1640\/revisions\/3886"}],"wp:attachment":[{"href":"https:\/\/agroingex.es\/pt\/wp-json\/wp\/v2\/media?parent=1640"}],"curies":[{"name":"wp","href":"https:\/\/api.w.org\/{rel}","templated":true}]}}