{"id":3921,"date":"2023-04-11T10:08:33","date_gmt":"2023-04-11T10:08:33","guid":{"rendered":"https:\/\/agroingex.es\/?page_id=3921"},"modified":"2025-01-23T13:54:32","modified_gmt":"2025-01-23T13:54:32","slug":"ajuda-federal","status":"publish","type":"page","link":"https:\/\/agroingex.es\/pt\/ajuda-federal\/","title":{"rendered":"AUX\u00cdLIO FEDER"},"content":{"rendered":"<div data-elementor-type=\"wp-page\" data-elementor-id=\"3921\" class=\"elementor elementor-3921\" data-elementor-post-type=\"page\">\n\t\t\t\t\t\t<section class=\"elementor-section elementor-top-section elementor-element elementor-element-0f4e0fc elementor-section-full_width elementor-section-height-default elementor-section-height-default\" data-id=\"0f4e0fc\" data-element_type=\"section\">\n\t\t\t\t\t\t<div class=\"elementor-container elementor-column-gap-no\">\n\t\t\t\t\t<div class=\"elementor-column elementor-col-100 elementor-top-column elementor-element elementor-element-3e83447\" data-id=\"3e83447\" data-element_type=\"column\">\n\t\t\t<div class=\"elementor-widget-wrap elementor-element-populated\">\n\t\t\t\t\t\t<div class=\"elementor-element elementor-element-460b3e4 elementor-align-left elementor-widget elementor-widget-about-page-header\" data-id=\"460b3e4\" data-element_type=\"widget\" data-widget_type=\"about-page-header.default\">\n\t\t\t\t<div class=\"elementor-widget-container\">\n\t\t\t\t\t\n\t\t\t\t<div class=\"pages-hero\" style=\"background-image: url(https:\/\/agroingex.es\/wp-content\/uploads\/2021\/02\/cookies.jpg);\">\n\t\t\n\t\t\t<div class=\"container\">\n\n\t\t\t\t<div class=\"pages-title\">\n\n\t\t\t\t\t\t\t\t\t\t<h1>Subs\u00eddios FEDER<\/h1>\n\t\t\t\t\t\n\t\t\t\t\t<div class=\"page-nav\">\n\n\t\t\t\t\t\t\t\t\t\t\t\t\t<p><a href=\"https:\/\/agroingex.es\/pt\/\">Lar<\/a> &nbsp; | &nbsp; <a>Subs\u00eddios FEDER<\/a><\/p>\n\t\t\t\t\t\t\n\t\t\t\t\t<\/div>\n\n\t\t\t\t<\/div>\n\n\t\t\t<\/div>\n\n\t\t<\/div>\n\n\t\t\t\t\t<\/div>\n\t\t\t\t<\/div>\n\t\t\t\t\t<\/div>\n\t\t<\/div>\n\t\t\t\t\t<\/div>\n\t\t<\/section>\n\t\t\t\t<section class=\"elementor-section elementor-top-section elementor-element elementor-element-ee0912c elementor-section-boxed elementor-section-height-default elementor-section-height-default\" data-id=\"ee0912c\" data-element_type=\"section\">\n\t\t\t\t\t\t<div class=\"elementor-container elementor-column-gap-default\">\n\t\t\t\t\t<div class=\"elementor-column elementor-col-50 elementor-top-column elementor-element elementor-element-b73d3aa\" data-id=\"b73d3aa\" data-element_type=\"column\">\n\t\t\t<div class=\"elementor-widget-wrap elementor-element-populated\">\n\t\t\t\t\t\t<div class=\"elementor-element elementor-element-743892b elementor-widget elementor-widget-image\" data-id=\"743892b\" data-element_type=\"widget\" data-widget_type=\"image.default\">\n\t\t\t\t<div class=\"elementor-widget-container\">\n\t\t\t\t\t\t\t\t\t\t\t\t\t\t\t<img fetchpriority=\"high\" decoding=\"async\" width=\"900\" height=\"307\" src=\"https:\/\/agroingex.es\/wp-content\/uploads\/2023\/05\/FEDER-1024x349.png\" class=\"attachment-large size-large wp-image-3955\" alt=\"FEDER\" srcset=\"https:\/\/agroingex.es\/wp-content\/uploads\/2023\/05\/FEDER-1024x349.png 1024w, https:\/\/agroingex.es\/wp-content\/uploads\/2023\/05\/FEDER-300x102.png 300w, https:\/\/agroingex.es\/wp-content\/uploads\/2023\/05\/FEDER-768x261.png 768w, https:\/\/agroingex.es\/wp-content\/uploads\/2023\/05\/FEDER.png 1134w\" sizes=\"(max-width: 900px) 100vw, 900px\" \/>\t\t\t\t\t\t\t\t\t\t\t\t\t\t\t<\/div>\n\t\t\t\t<\/div>\n\t\t\t\t\t<\/div>\n\t\t<\/div>\n\t\t\t\t<div class=\"elementor-column elementor-col-50 elementor-top-column elementor-element elementor-element-9d32258\" data-id=\"9d32258\" data-element_type=\"column\">\n\t\t\t<div class=\"elementor-widget-wrap elementor-element-populated\">\n\t\t\t\t\t\t<div class=\"elementor-element elementor-element-c00548b elementor-widget elementor-widget-image\" data-id=\"c00548b\" data-element_type=\"widget\" data-widget_type=\"image.default\">\n\t\t\t\t<div class=\"elementor-widget-container\">\n\t\t\t\t\t\t\t\t\t\t\t\t\t\t\t<img decoding=\"async\" width=\"900\" height=\"313\" src=\"https:\/\/agroingex.es\/wp-content\/uploads\/2023\/04\/Logo_Junta_CONSEJERIA-ECONOMIA-1024x356.png\" class=\"attachment-large size-large wp-image-3923\" alt=\"Logotipo do Conselho do DEPARTAMENTO ECON\u00d4MICO\" srcset=\"https:\/\/agroingex.es\/wp-content\/uploads\/2023\/04\/Logo_Junta_CONSEJERIA-ECONOMIA-1024x356.png 1024w, https:\/\/agroingex.es\/wp-content\/uploads\/2023\/04\/Logo_Junta_CONSEJERIA-ECONOMIA-300x104.png 300w, https:\/\/agroingex.es\/wp-content\/uploads\/2023\/04\/Logo_Junta_CONSEJERIA-ECONOMIA-768x267.png 768w, https:\/\/agroingex.es\/wp-content\/uploads\/2023\/04\/Logo_Junta_CONSEJERIA-ECONOMIA-1536x534.png 1536w, https:\/\/agroingex.es\/wp-content\/uploads\/2023\/04\/Logo_Junta_CONSEJERIA-ECONOMIA-2048x712.png 2048w\" sizes=\"(max-width: 900px) 100vw, 900px\" \/>\t\t\t\t\t\t\t\t\t\t\t\t\t\t\t<\/div>\n\t\t\t\t<\/div>\n\t\t\t\t\t<\/div>\n\t\t<\/div>\n\t\t\t\t\t<\/div>\n\t\t<\/section>\n\t\t\t\t<section class=\"elementor-section elementor-top-section elementor-element elementor-element-c40658f elementor-section-boxed elementor-section-height-default elementor-section-height-default\" data-id=\"c40658f\" data-element_type=\"section\">\n\t\t\t\t\t\t<div class=\"elementor-container elementor-column-gap-default\">\n\t\t\t\t\t<div class=\"elementor-column elementor-col-100 elementor-top-column elementor-element elementor-element-66320ff\" data-id=\"66320ff\" data-element_type=\"column\">\n\t\t\t<div class=\"elementor-widget-wrap elementor-element-populated\">\n\t\t\t\t\t\t<section class=\"elementor-section elementor-inner-section elementor-element elementor-element-2b0c4b1 elementor-section-boxed elementor-section-height-default elementor-section-height-default\" data-id=\"2b0c4b1\" data-element_type=\"section\">\n\t\t\t\t\t\t<div class=\"elementor-container elementor-column-gap-default\">\n\t\t\t\t\t<div class=\"elementor-column elementor-col-100 elementor-inner-column elementor-element elementor-element-7bf26e6\" data-id=\"7bf26e6\" data-element_type=\"column\">\n\t\t\t<div class=\"elementor-widget-wrap elementor-element-populated\">\n\t\t\t\t\t\t<div class=\"elementor-element elementor-element-a71b7d4 elementor-widget elementor-widget-text-editor\" data-id=\"a71b7d4\" data-element_type=\"widget\" data-widget_type=\"text-editor.default\">\n\t\t\t\t<div class=\"elementor-widget-container\">\n\t\t\t\t\t\t\t\t\t<p><strong>NOME DA OPERA\u00c7\u00c3O \/ PROJETO:<\/strong> SOFTWARE ERP ABRANGENTE Aqua eBS<br \/><strong>DESCRI\u00c7\u00c3O DA OPERA\u00c7\u00c3O:<\/strong><br \/>Implementar um sistema de gest\u00e3o eficaz que forne\u00e7a informa\u00e7\u00f5es consistentes e rigorosas sobre o desenvolvimento de<br \/>a empresa<br \/><strong>METAS:<\/strong><\/p><p>\u2022 Melhorar a implementa\u00e7\u00e3o de novos procedimentos que visem a efici\u00eancia do trabalho<br \/>interdepartamental para absorver um grande volume de trabalho em hor\u00e1rios de pico sem<br \/>desistir da qualidade do servi\u00e7o<br \/>\u2022 Implementar solu\u00e7\u00f5es digitais integradas de gest\u00e3o empresarial que permitam uma gest\u00e3o eficiente<br \/>de projetos, gest\u00e3o comercial, gest\u00e3o documental e ERP de forma unificada, digitalizada e<br \/>acess\u00edvel \u00e0s pessoas na organiza\u00e7\u00e3o.<br \/>\u2022 Indicadores adaptados a cada perfil com poder de decis\u00e3o e responsabilidade por \u00e1rea de neg\u00f3cio<br \/>para uma tomada de decis\u00e3o correta e que contribua, entre outras coisas, para ser mais eficaz e<br \/>eficiente no desenvolvimento da nossa atividade<\/p><p><strong>RESULTADOS ESPERADOS<\/strong><\/p><p>\u2022 A\u00e7\u00e3o comercial. O objetivo \u00e9 aprimorar o conhecimento do cliente e conseguir detectar com mais rapidez<br \/>suas necessidades.<br \/>\u2022 Dotar a Dire\u00e7\u00e3o Geral de um dashboard com todos os indicadores incorporados<br \/>para a ferramenta de gest\u00e3o.<br \/>\u2022 Fornecer ao gerente de projeto uma ferramenta \u00e1gil que forne\u00e7a informa\u00e7\u00f5es atualizadas<br \/>para ajudar na tomada de decis\u00f5es.<br \/>\u2022 Acompanhe as cobran\u00e7as e pagamentos dos projetos com dados atualizados e centralizados em um \u00fanico<br \/>solu\u00e7\u00e3o<br \/>\u2022 Controle de desvios econ\u00f4micos que ocorrem por improdutividade no tempo<br \/>dedicados ou materiais utilizados ao longo do projeto que tenham impacto econ\u00f4mico no<br \/>rentabilidade do projeto.<br \/>\u2022 Solu\u00e7\u00f5es que ajudam a melhorar a comunica\u00e7\u00e3o e o acompanhamento da d\u00edvida com o cliente durante todo o<br \/>ao longo do ciclo de vida do projeto por meio de um sistema de notifica\u00e7\u00f5es autom\u00e1ticas aos respons\u00e1veis<br \/>de cada departamento sobre a d\u00edvida, documenta\u00e7\u00e3o pendente de assinatura, bem como marcos de<br \/>pagamentos pendentes.<br \/>\u2022 Otimizar a organiza\u00e7\u00e3o dos recursos humanos e materiais dos projetos para maximizar<br \/>cumprimento do or\u00e7amento e do planejamento.<br \/>\u2022 Busca-se uma ferramenta que auxilie no planejamento das tarefas de cada uma das equipes e<br \/>m\u00e1quinas atribu\u00eddas aos projetos.<br \/>\u2022 A Agroingex espera melhorar o controle de sua capacidade de produ\u00e7\u00e3o e execu\u00e7\u00e3o de projetos.<\/p><p><strong>OR\u00c7AMENTO<\/strong>: 25.000,00\u20ac<br \/><strong>AJUDA RECEBIDA<\/strong>: 20.000,00\u20ac<br \/><strong>FUNDO\/PROGRAMA:<\/strong> FEDER<\/p>\t\t\t\t\t\t\t\t<\/div>\n\t\t\t\t<\/div>\n\t\t\t\t\t<\/div>\n\t\t<\/div>\n\t\t\t\t\t<\/div>\n\t\t<\/section>\n\t\t\t\t\t<\/div>\n\t\t<\/div>\n\t\t\t\t\t<\/div>\n\t\t<\/section>\n\t\t\t\t<section class=\"elementor-section elementor-top-section elementor-element elementor-element-fdc3750 elementor-section-boxed elementor-section-height-default elementor-section-height-default\" data-id=\"fdc3750\" data-element_type=\"section\">\n\t\t\t\t\t\t<div class=\"elementor-container elementor-column-gap-default\">\n\t\t\t\t\t<div class=\"elementor-column elementor-col-100 elementor-top-column elementor-element elementor-element-bcab42f\" data-id=\"bcab42f\" data-element_type=\"column\">\n\t\t\t<div class=\"elementor-widget-wrap elementor-element-populated\">\n\t\t\t\t\t\t<div class=\"elementor-element elementor-element-0efc789 elementor-widget elementor-widget-spacer\" data-id=\"0efc789\" data-element_type=\"widget\" data-widget_type=\"spacer.default\">\n\t\t\t\t<div class=\"elementor-widget-container\">\n\t\t\t\t\t\t\t<div class=\"elementor-spacer\">\n\t\t\t<div class=\"elementor-spacer-inner\"><\/div>\n\t\t<\/div>\n\t\t\t\t\t\t<\/div>\n\t\t\t\t<\/div>\n\t\t\t\t\t<\/div>\n\t\t<\/div>\n\t\t\t\t\t<\/div>\n\t\t<\/section>\n\t\t\t\t<\/div>","protected":false},"excerpt":{"rendered":"<p>Subs\u00eddios FEDER In\u00edcio | Subs\u00eddios FEDER NOME DA OPERA\u00c7\u00c3O\/PROJETO: SOFTWARE ERP INTEGRAL Aqua eBS DESCRI\u00c7\u00c3O DA OPERA\u00c7\u00c3O: Implementar um sistema de gest\u00e3o eficaz que forne\u00e7a informa\u00e7\u00f5es consistentes e precisas sobre o desenvolvimento da empresa. OBJETIVOS: Aprimorar a implementa\u00e7\u00e3o de novos procedimentos que buscam a efici\u00eancia do trabalho interdepartamental para absorver [\u2026]<\/p>","protected":false},"author":1,"featured_media":0,"parent":0,"menu_order":0,"comment_status":"closed","ping_status":"closed","template":"page-templates\/home.php","meta":{"footnotes":""},"class_list":["post-3921","page","type-page","status-publish","hentry"],"yoast_head":"<!-- This site is optimized with the Yoast SEO plugin v26.6 - https:\/\/yoast.com\/wordpress\/plugins\/seo\/ -->\n<title>AYUDAS FEDER - Agroingex<\/title>\n<meta name=\"robots\" content=\"index, follow, max-snippet:-1, max-image-preview:large, max-video-preview:-1\" \/>\n<link rel=\"canonical\" href=\"https:\/\/agroingex.es\/pt\/ajuda-federal\/\" \/>\n<meta property=\"og:locale\" content=\"pt_PT\" \/>\n<meta property=\"og:type\" content=\"article\" \/>\n<meta property=\"og:title\" content=\"AYUDAS FEDER - Agroingex\" \/>\n<meta property=\"og:description\" content=\"Ayudas FEDER Home &nbsp; | &nbsp; Ayudas FEDER NOMBRE DE LA OPERACI\u00d3N \/ PROYECTO: SOFTWARE ERP INTEGRAL Aqua eBSDESCRICPCI\u00d3N DE LA OPERACI\u00d3N:Implementar un sistema de gesti\u00f3n eficaz que permita disponer de informaci\u00f3n coherente y rigurosa del desarrollo dela empresaOBJETIVOS: \u2022 Mejorar la implementaci\u00f3n de nuevos procedimientos que busquen la eficiencia de trabajosinterdepartamentales para absorber un [&hellip;]\" \/>\n<meta property=\"og:url\" content=\"https:\/\/agroingex.es\/pt\/ajuda-federal\/\" \/>\n<meta property=\"og:site_name\" content=\"Agroingex\" \/>\n<meta property=\"article:modified_time\" content=\"2025-01-23T13:54:32+00:00\" \/>\n<meta property=\"og:image\" content=\"https:\/\/agroingex.es\/wp-content\/uploads\/2023\/05\/FEDER.png\" \/>\n\t<meta property=\"og:image:width\" content=\"1134\" \/>\n\t<meta property=\"og:image:height\" content=\"386\" \/>\n\t<meta property=\"og:image:type\" content=\"image\/png\" \/>\n<meta name=\"twitter:card\" content=\"summary_large_image\" \/>\n<meta name=\"twitter:label1\" content=\"Tempo estimado de leitura\" \/>\n\t<meta name=\"twitter:data1\" content=\"3 minutos\" \/>\n<script type=\"application\/ld+json\" class=\"yoast-schema-graph\">{\"@context\":\"https:\/\/schema.org\",\"@graph\":[{\"@type\":\"WebPage\",\"@id\":\"https:\/\/agroingex.es\/ayudas-feder\/\",\"url\":\"https:\/\/agroingex.es\/ayudas-feder\/\",\"name\":\"AYUDAS FEDER - Agroingex\",\"isPartOf\":{\"@id\":\"https:\/\/agroingex.es\/#website\"},\"primaryImageOfPage\":{\"@id\":\"https:\/\/agroingex.es\/ayudas-feder\/#primaryimage\"},\"image\":{\"@id\":\"https:\/\/agroingex.es\/ayudas-feder\/#primaryimage\"},\"thumbnailUrl\":\"https:\/\/agroingex.es\/wp-content\/uploads\/2023\/05\/FEDER-1024x349.png\",\"datePublished\":\"2023-04-11T10:08:33+00:00\",\"dateModified\":\"2025-01-23T13:54:32+00:00\",\"breadcrumb\":{\"@id\":\"https:\/\/agroingex.es\/ayudas-feder\/#breadcrumb\"},\"inLanguage\":\"pt-PT\",\"potentialAction\":[{\"@type\":\"ReadAction\",\"target\":[\"https:\/\/agroingex.es\/ayudas-feder\/\"]}]},{\"@type\":\"ImageObject\",\"inLanguage\":\"pt-PT\",\"@id\":\"https:\/\/agroingex.es\/ayudas-feder\/#primaryimage\",\"url\":\"https:\/\/agroingex.es\/wp-content\/uploads\/2023\/05\/FEDER-1024x349.png\",\"contentUrl\":\"https:\/\/agroingex.es\/wp-content\/uploads\/2023\/05\/FEDER-1024x349.png\"},{\"@type\":\"BreadcrumbList\",\"@id\":\"https:\/\/agroingex.es\/ayudas-feder\/#breadcrumb\",\"itemListElement\":[{\"@type\":\"ListItem\",\"position\":1,\"name\":\"Portada\",\"item\":\"https:\/\/agroingex.es\/\"},{\"@type\":\"ListItem\",\"position\":2,\"name\":\"AYUDAS FEDER\"}]},{\"@type\":\"WebSite\",\"@id\":\"https:\/\/agroingex.es\/#website\",\"url\":\"https:\/\/agroingex.es\/\",\"name\":\"Agroingex\",\"description\":\"Agroingex | Gesti\u00f3n de explotaciones agrarias\",\"publisher\":{\"@id\":\"https:\/\/agroingex.es\/#organization\"},\"potentialAction\":[{\"@type\":\"SearchAction\",\"target\":{\"@type\":\"EntryPoint\",\"urlTemplate\":\"https:\/\/agroingex.es\/?s={search_term_string}\"},\"query-input\":{\"@type\":\"PropertyValueSpecification\",\"valueRequired\":true,\"valueName\":\"search_term_string\"}}],\"inLanguage\":\"pt-PT\"},{\"@type\":\"Organization\",\"@id\":\"https:\/\/agroingex.es\/#organization\",\"name\":\"Agroingex\",\"url\":\"https:\/\/agroingex.es\/\",\"logo\":{\"@type\":\"ImageObject\",\"inLanguage\":\"pt-PT\",\"@id\":\"https:\/\/agroingex.es\/#\/schema\/logo\/image\/\",\"url\":\"https:\/\/agroingex.es\/wp-content\/uploads\/2022\/09\/agroingex-energia.png\",\"contentUrl\":\"https:\/\/agroingex.es\/wp-content\/uploads\/2022\/09\/agroingex-energia.png\",\"width\":545,\"height\":241,\"caption\":\"Agroingex\"},\"image\":{\"@id\":\"https:\/\/agroingex.es\/#\/schema\/logo\/image\/\"}}]}<\/script>\n<!-- \/ Yoast SEO plugin. -->","yoast_head_json":{"title":"AJUDA FEDERAL - Agroingex","robots":{"index":"index","follow":"follow","max-snippet":"max-snippet:-1","max-image-preview":"max-image-preview:large","max-video-preview":"max-video-preview:-1"},"canonical":"https:\/\/agroingex.es\/pt\/ajuda-federal\/","og_locale":"pt_PT","og_type":"article","og_title":"AYUDAS FEDER - Agroingex","og_description":"Ayudas FEDER Home &nbsp; | &nbsp; Ayudas FEDER NOMBRE DE LA OPERACI\u00d3N \/ PROYECTO: SOFTWARE ERP INTEGRAL Aqua eBSDESCRICPCI\u00d3N DE LA OPERACI\u00d3N:Implementar un sistema de gesti\u00f3n eficaz que permita disponer de informaci\u00f3n coherente y rigurosa del desarrollo dela empresaOBJETIVOS: \u2022 Mejorar la implementaci\u00f3n de nuevos procedimientos que busquen la eficiencia de trabajosinterdepartamentales para absorber un [&hellip;]","og_url":"https:\/\/agroingex.es\/pt\/ajuda-federal\/","og_site_name":"Agroingex","article_modified_time":"2025-01-23T13:54:32+00:00","og_image":[{"width":1134,"height":386,"url":"https:\/\/agroingex.es\/wp-content\/uploads\/2023\/05\/FEDER.png","type":"image\/png"}],"twitter_card":"summary_large_image","twitter_misc":{"Tempo estimado de leitura":"3 minutos"},"schema":{"@context":"https:\/\/schema.org","@graph":[{"@type":"WebPage","@id":"https:\/\/agroingex.es\/ayudas-feder\/","url":"https:\/\/agroingex.es\/ayudas-feder\/","name":"AJUDA FEDERAL - Agroingex","isPartOf":{"@id":"https:\/\/agroingex.es\/#website"},"primaryImageOfPage":{"@id":"https:\/\/agroingex.es\/ayudas-feder\/#primaryimage"},"image":{"@id":"https:\/\/agroingex.es\/ayudas-feder\/#primaryimage"},"thumbnailUrl":"https:\/\/agroingex.es\/wp-content\/uploads\/2023\/05\/FEDER-1024x349.png","datePublished":"2023-04-11T10:08:33+00:00","dateModified":"2025-01-23T13:54:32+00:00","breadcrumb":{"@id":"https:\/\/agroingex.es\/ayudas-feder\/#breadcrumb"},"inLanguage":"pt-PT","potentialAction":[{"@type":"ReadAction","target":["https:\/\/agroingex.es\/ayudas-feder\/"]}]},{"@type":"ImageObject","inLanguage":"pt-PT","@id":"https:\/\/agroingex.es\/ayudas-feder\/#primaryimage","url":"https:\/\/agroingex.es\/wp-content\/uploads\/2023\/05\/FEDER-1024x349.png","contentUrl":"https:\/\/agroingex.es\/wp-content\/uploads\/2023\/05\/FEDER-1024x349.png"},{"@type":"BreadcrumbList","@id":"https:\/\/agroingex.es\/ayudas-feder\/#breadcrumb","itemListElement":[{"@type":"ListItem","position":1,"name":"Portada","item":"https:\/\/agroingex.es\/"},{"@type":"ListItem","position":2,"name":"AYUDAS FEDER"}]},{"@type":"WebSite","@id":"https:\/\/agroingex.es\/#website","url":"https:\/\/agroingex.es\/","name":"Agroingex","description":"Agroingex | Gest\u00e3o de fazenda","publisher":{"@id":"https:\/\/agroingex.es\/#organization"},"potentialAction":[{"@type":"SearchAction","target":{"@type":"EntryPoint","urlTemplate":"https:\/\/agroingex.es\/?s={search_term_string}"},"query-input":{"@type":"PropertyValueSpecification","valueRequired":true,"valueName":"search_term_string"}}],"inLanguage":"pt-PT"},{"@type":"Organization","@id":"https:\/\/agroingex.es\/#organization","name":"Agroingex","url":"https:\/\/agroingex.es\/","logo":{"@type":"ImageObject","inLanguage":"pt-PT","@id":"https:\/\/agroingex.es\/#\/schema\/logo\/image\/","url":"https:\/\/agroingex.es\/wp-content\/uploads\/2022\/09\/agroingex-energia.png","contentUrl":"https:\/\/agroingex.es\/wp-content\/uploads\/2022\/09\/agroingex-energia.png","width":545,"height":241,"caption":"Agroingex"},"image":{"@id":"https:\/\/agroingex.es\/#\/schema\/logo\/image\/"}}]}},"_links":{"self":[{"href":"https:\/\/agroingex.es\/pt\/wp-json\/wp\/v2\/pages\/3921","targetHints":{"allow":["GET"]}}],"collection":[{"href":"https:\/\/agroingex.es\/pt\/wp-json\/wp\/v2\/pages"}],"about":[{"href":"https:\/\/agroingex.es\/pt\/wp-json\/wp\/v2\/types\/page"}],"author":[{"embeddable":true,"href":"https:\/\/agroingex.es\/pt\/wp-json\/wp\/v2\/users\/1"}],"replies":[{"embeddable":true,"href":"https:\/\/agroingex.es\/pt\/wp-json\/wp\/v2\/comments?post=3921"}],"version-history":[{"count":20,"href":"https:\/\/agroingex.es\/pt\/wp-json\/wp\/v2\/pages\/3921\/revisions"}],"predecessor-version":[{"id":4079,"href":"https:\/\/agroingex.es\/pt\/wp-json\/wp\/v2\/pages\/3921\/revisions\/4079"}],"wp:attachment":[{"href":"https:\/\/agroingex.es\/pt\/wp-json\/wp\/v2\/media?parent=3921"}],"curies":[{"name":"wp","href":"https:\/\/api.w.org\/{rel}","templated":true}]}}