{"id":4131,"date":"2025-11-21T09:38:16","date_gmt":"2025-11-21T09:38:16","guid":{"rendered":"https:\/\/agroingex.es\/?page_id=4131"},"modified":"2025-11-21T09:38:16","modified_gmt":"2025-11-21T09:38:16","slug":"apoiar","status":"publish","type":"page","link":"https:\/\/agroingex.es\/pt\/apoiar\/","title":{"rendered":"Apoiar"},"content":{"rendered":"<div data-elementor-type=\"wp-page\" data-elementor-id=\"4131\" class=\"elementor elementor-4131\" data-elementor-post-type=\"page\">\n\t\t\t\t\t\t<section class=\"elementor-section elementor-top-section elementor-element elementor-element-1c6b4b5 elementor-section-height-min-height elementor-section-boxed elementor-section-height-default elementor-section-items-middle\" data-id=\"1c6b4b5\" data-element_type=\"section\" data-settings=\"{&quot;background_background&quot;:&quot;classic&quot;}\">\n\t\t\t\t\t\t\t<div class=\"elementor-background-overlay\"><\/div>\n\t\t\t\t\t\t\t<div class=\"elementor-container elementor-column-gap-default\">\n\t\t\t\t\t<div class=\"elementor-column elementor-col-100 elementor-top-column elementor-element elementor-element-66aca75\" data-id=\"66aca75\" data-element_type=\"column\">\n\t\t\t<div class=\"elementor-widget-wrap\">\n\t\t\t\t\t\t\t<\/div>\n\t\t<\/div>\n\t\t\t\t\t<\/div>\n\t\t<\/section>\n\t\t\t\t<section class=\"elementor-section elementor-top-section elementor-element elementor-element-9c18395 elementor-section-boxed elementor-section-height-default elementor-section-height-default\" data-id=\"9c18395\" data-element_type=\"section\">\n\t\t\t\t\t\t<div class=\"elementor-container elementor-column-gap-default\">\n\t\t\t\t\t<div class=\"elementor-column elementor-col-100 elementor-top-column elementor-element elementor-element-1f732c9\" data-id=\"1f732c9\" data-element_type=\"column\">\n\t\t\t<div class=\"elementor-widget-wrap elementor-element-populated\">\n\t\t\t\t\t\t<div class=\"elementor-element elementor-element-2880af6 elementor-widget elementor-widget-heading\" data-id=\"2880af6\" data-element_type=\"widget\" data-widget_type=\"heading.default\">\n\t\t\t\t<div class=\"elementor-widget-container\">\n\t\t\t\t\t<h1 class=\"elementor-heading-title elementor-size-default\">APOIAR<\/h1>\t\t\t\t<\/div>\n\t\t\t\t<\/div>\n\t\t\t\t<div class=\"elementor-element elementor-element-d3983b3 elementor-widget elementor-widget-text-editor\" data-id=\"d3983b3\" data-element_type=\"widget\" data-widget_type=\"text-editor.default\">\n\t\t\t\t<div class=\"elementor-widget-container\">\n\t\t\t\t\t\t\t\t\t<p><strong>Nome da solu\u00e7\u00e3o tecnol\u00f3gica<\/strong><br \/>Integra\u00e7\u00e3o do sistema de controle de ponto Shifts com o ERP da AGROINGEX.<\/p><p><strong>Objetivo do projeto<\/strong><br \/>Implementar uma solu\u00e7\u00e3o tecnol\u00f3gica personalizada que integre o sistema de controle de ponto Shifts com o ERP da AGROINGEX, melhorando a efici\u00eancia na gest\u00e3o de tempo e recursos humanos e otimizando as opera\u00e7\u00f5es internas por meio de uma plataforma adaptada \u00e0s necessidades espec\u00edficas da empresa.<\/p><p><strong>Apoio financeiro da Uni\u00e3o Europeia<\/strong><br \/>O projeto conta com o apoio financeiro da Uni\u00e3o Europeia atrav\u00e9s do Fundo Europeu de Desenvolvimento Regional (FEDER), que cofinancia a sua implementa\u00e7\u00e3o, garantindo transpar\u00eancia e rastreabilidade ao longo de todo o processo.<\/p><p>Este projeto visa modernizar e transformar a gest\u00e3o de recursos humanos e a integra\u00e7\u00e3o de dados na AGROINGEX, melhorando a efici\u00eancia interna e garantindo a conformidade regulat\u00f3ria, para contribuir com o crescimento e a competitividade da empresa.<\/p>\t\t\t\t\t\t\t\t<\/div>\n\t\t\t\t<\/div>\n\t\t\t\t<div class=\"elementor-element elementor-element-95ea6bb elementor-widget elementor-widget-image\" data-id=\"95ea6bb\" data-element_type=\"widget\" data-widget_type=\"image.default\">\n\t\t\t\t<div class=\"elementor-widget-container\">\n\t\t\t\t\t\t\t\t\t\t\t\t\t\t\t<img fetchpriority=\"high\" decoding=\"async\" width=\"900\" height=\"638\" src=\"https:\/\/agroingex.es\/wp-content\/uploads\/2025\/11\/apoyo_agroingex-1024x726.png\" class=\"attachment-large size-large wp-image-4133\" alt=\"Suporte agroingex\" srcset=\"https:\/\/agroingex.es\/wp-content\/uploads\/2025\/11\/apoyo_agroingex-1024x726.png 1024w, https:\/\/agroingex.es\/wp-content\/uploads\/2025\/11\/apoyo_agroingex-300x213.png 300w, https:\/\/agroingex.es\/wp-content\/uploads\/2025\/11\/apoyo_agroingex-768x544.png 768w, https:\/\/agroingex.es\/wp-content\/uploads\/2025\/11\/apoyo_agroingex-18x12.png 18w, https:\/\/agroingex.es\/wp-content\/uploads\/2025\/11\/apoyo_agroingex.png 1359w\" sizes=\"(max-width: 900px) 100vw, 900px\" \/>\t\t\t\t\t\t\t\t\t\t\t\t\t\t\t<\/div>\n\t\t\t\t<\/div>\n\t\t\t\t\t<\/div>\n\t\t<\/div>\n\t\t\t\t\t<\/div>\n\t\t<\/section>\n\t\t\t\t<\/div>","protected":false},"excerpt":{"rendered":"<p>APOYO Denominaci\u00f3n de la Soluci\u00f3n Tecnol\u00f3gicaIntegraci\u00f3n del sistema de fichajes Shifts con ERP para AGROINGEX. Objetivo del ProyectoImplementar una soluci\u00f3n tecnol\u00f3gica personalizada que integre el sistema de fichajes Shifts con el ERP de AGROINGEX, mejorando la eficiencia en la gesti\u00f3n de tiempo y recursos humanos, y optimizando la operativa interna mediante una plataforma adaptada a [&hellip;]<\/p>","protected":false},"author":3,"featured_media":0,"parent":0,"menu_order":0,"comment_status":"closed","ping_status":"closed","template":"page-templates\/home-1-template.php","meta":{"footnotes":""},"class_list":["post-4131","page","type-page","status-publish","hentry"],"yoast_head":"<!-- This site is optimized with the Yoast SEO plugin v26.6 - https:\/\/yoast.com\/wordpress\/plugins\/seo\/ -->\n<title>Apoyo - Agroingex<\/title>\n<meta name=\"robots\" content=\"index, follow, max-snippet:-1, max-image-preview:large, max-video-preview:-1\" \/>\n<link rel=\"canonical\" href=\"https:\/\/agroingex.es\/pt\/apoiar\/\" \/>\n<meta property=\"og:locale\" content=\"pt_PT\" \/>\n<meta property=\"og:type\" content=\"article\" \/>\n<meta property=\"og:title\" content=\"Apoyo - Agroingex\" \/>\n<meta property=\"og:description\" content=\"APOYO Denominaci\u00f3n de la Soluci\u00f3n Tecnol\u00f3gicaIntegraci\u00f3n del sistema de fichajes Shifts con ERP para AGROINGEX. Objetivo del ProyectoImplementar una soluci\u00f3n tecnol\u00f3gica personalizada que integre el sistema de fichajes Shifts con el ERP de AGROINGEX, mejorando la eficiencia en la gesti\u00f3n de tiempo y recursos humanos, y optimizando la operativa interna mediante una plataforma adaptada a [&hellip;]\" \/>\n<meta property=\"og:url\" content=\"https:\/\/agroingex.es\/pt\/apoiar\/\" \/>\n<meta property=\"og:site_name\" content=\"Agroingex\" \/>\n<meta property=\"og:image\" content=\"https:\/\/agroingex.es\/wp-content\/uploads\/2025\/11\/apoyo_agroingex-1024x726.png\" \/>\n<meta name=\"twitter:card\" content=\"summary_large_image\" \/>\n<meta name=\"twitter:label1\" content=\"Tempo estimado de leitura\" \/>\n\t<meta name=\"twitter:data1\" content=\"1 minuto\" \/>\n<script type=\"application\/ld+json\" class=\"yoast-schema-graph\">{\"@context\":\"https:\/\/schema.org\",\"@graph\":[{\"@type\":\"WebPage\",\"@id\":\"https:\/\/agroingex.es\/apoyo\/\",\"url\":\"https:\/\/agroingex.es\/apoyo\/\",\"name\":\"Apoyo - Agroingex\",\"isPartOf\":{\"@id\":\"https:\/\/agroingex.es\/#website\"},\"primaryImageOfPage\":{\"@id\":\"https:\/\/agroingex.es\/apoyo\/#primaryimage\"},\"image\":{\"@id\":\"https:\/\/agroingex.es\/apoyo\/#primaryimage\"},\"thumbnailUrl\":\"https:\/\/agroingex.es\/wp-content\/uploads\/2025\/11\/apoyo_agroingex-1024x726.png\",\"datePublished\":\"2025-11-21T09:38:16+00:00\",\"breadcrumb\":{\"@id\":\"https:\/\/agroingex.es\/apoyo\/#breadcrumb\"},\"inLanguage\":\"pt-PT\",\"potentialAction\":[{\"@type\":\"ReadAction\",\"target\":[\"https:\/\/agroingex.es\/apoyo\/\"]}]},{\"@type\":\"ImageObject\",\"inLanguage\":\"pt-PT\",\"@id\":\"https:\/\/agroingex.es\/apoyo\/#primaryimage\",\"url\":\"https:\/\/agroingex.es\/wp-content\/uploads\/2025\/11\/apoyo_agroingex-1024x726.png\",\"contentUrl\":\"https:\/\/agroingex.es\/wp-content\/uploads\/2025\/11\/apoyo_agroingex-1024x726.png\"},{\"@type\":\"BreadcrumbList\",\"@id\":\"https:\/\/agroingex.es\/apoyo\/#breadcrumb\",\"itemListElement\":[{\"@type\":\"ListItem\",\"position\":1,\"name\":\"Portada\",\"item\":\"https:\/\/agroingex.es\/\"},{\"@type\":\"ListItem\",\"position\":2,\"name\":\"Apoyo\"}]},{\"@type\":\"WebSite\",\"@id\":\"https:\/\/agroingex.es\/#website\",\"url\":\"https:\/\/agroingex.es\/\",\"name\":\"Agroingex\",\"description\":\"Agroingex | Gesti\u00f3n de explotaciones agrarias\",\"publisher\":{\"@id\":\"https:\/\/agroingex.es\/#organization\"},\"potentialAction\":[{\"@type\":\"SearchAction\",\"target\":{\"@type\":\"EntryPoint\",\"urlTemplate\":\"https:\/\/agroingex.es\/?s={search_term_string}\"},\"query-input\":{\"@type\":\"PropertyValueSpecification\",\"valueRequired\":true,\"valueName\":\"search_term_string\"}}],\"inLanguage\":\"pt-PT\"},{\"@type\":\"Organization\",\"@id\":\"https:\/\/agroingex.es\/#organization\",\"name\":\"Agroingex\",\"url\":\"https:\/\/agroingex.es\/\",\"logo\":{\"@type\":\"ImageObject\",\"inLanguage\":\"pt-PT\",\"@id\":\"https:\/\/agroingex.es\/#\/schema\/logo\/image\/\",\"url\":\"https:\/\/agroingex.es\/wp-content\/uploads\/2022\/09\/agroingex-energia.png\",\"contentUrl\":\"https:\/\/agroingex.es\/wp-content\/uploads\/2022\/09\/agroingex-energia.png\",\"width\":545,\"height\":241,\"caption\":\"Agroingex\"},\"image\":{\"@id\":\"https:\/\/agroingex.es\/#\/schema\/logo\/image\/\"}}]}<\/script>\n<!-- \/ Yoast SEO plugin. -->","yoast_head_json":{"title":"Suporte - Agroingex","robots":{"index":"index","follow":"follow","max-snippet":"max-snippet:-1","max-image-preview":"max-image-preview:large","max-video-preview":"max-video-preview:-1"},"canonical":"https:\/\/agroingex.es\/pt\/apoiar\/","og_locale":"pt_PT","og_type":"article","og_title":"Apoyo - Agroingex","og_description":"APOYO Denominaci\u00f3n de la Soluci\u00f3n Tecnol\u00f3gicaIntegraci\u00f3n del sistema de fichajes Shifts con ERP para AGROINGEX. Objetivo del ProyectoImplementar una soluci\u00f3n tecnol\u00f3gica personalizada que integre el sistema de fichajes Shifts con el ERP de AGROINGEX, mejorando la eficiencia en la gesti\u00f3n de tiempo y recursos humanos, y optimizando la operativa interna mediante una plataforma adaptada a [&hellip;]","og_url":"https:\/\/agroingex.es\/pt\/apoiar\/","og_site_name":"Agroingex","og_image":[{"url":"https:\/\/agroingex.es\/wp-content\/uploads\/2025\/11\/apoyo_agroingex-1024x726.png","type":"","width":"","height":""}],"twitter_card":"summary_large_image","twitter_misc":{"Tempo estimado de leitura":"1 minuto"},"schema":{"@context":"https:\/\/schema.org","@graph":[{"@type":"WebPage","@id":"https:\/\/agroingex.es\/apoyo\/","url":"https:\/\/agroingex.es\/apoyo\/","name":"Suporte - Agroingex","isPartOf":{"@id":"https:\/\/agroingex.es\/#website"},"primaryImageOfPage":{"@id":"https:\/\/agroingex.es\/apoyo\/#primaryimage"},"image":{"@id":"https:\/\/agroingex.es\/apoyo\/#primaryimage"},"thumbnailUrl":"https:\/\/agroingex.es\/wp-content\/uploads\/2025\/11\/apoyo_agroingex-1024x726.png","datePublished":"2025-11-21T09:38:16+00:00","breadcrumb":{"@id":"https:\/\/agroingex.es\/apoyo\/#breadcrumb"},"inLanguage":"pt-PT","potentialAction":[{"@type":"ReadAction","target":["https:\/\/agroingex.es\/apoyo\/"]}]},{"@type":"ImageObject","inLanguage":"pt-PT","@id":"https:\/\/agroingex.es\/apoyo\/#primaryimage","url":"https:\/\/agroingex.es\/wp-content\/uploads\/2025\/11\/apoyo_agroingex-1024x726.png","contentUrl":"https:\/\/agroingex.es\/wp-content\/uploads\/2025\/11\/apoyo_agroingex-1024x726.png"},{"@type":"BreadcrumbList","@id":"https:\/\/agroingex.es\/apoyo\/#breadcrumb","itemListElement":[{"@type":"ListItem","position":1,"name":"Portada","item":"https:\/\/agroingex.es\/"},{"@type":"ListItem","position":2,"name":"Apoyo"}]},{"@type":"WebSite","@id":"https:\/\/agroingex.es\/#website","url":"https:\/\/agroingex.es\/","name":"Agroingex","description":"Agroingex | Gest\u00e3o de fazenda","publisher":{"@id":"https:\/\/agroingex.es\/#organization"},"potentialAction":[{"@type":"SearchAction","target":{"@type":"EntryPoint","urlTemplate":"https:\/\/agroingex.es\/?s={search_term_string}"},"query-input":{"@type":"PropertyValueSpecification","valueRequired":true,"valueName":"search_term_string"}}],"inLanguage":"pt-PT"},{"@type":"Organization","@id":"https:\/\/agroingex.es\/#organization","name":"Agroingex","url":"https:\/\/agroingex.es\/","logo":{"@type":"ImageObject","inLanguage":"pt-PT","@id":"https:\/\/agroingex.es\/#\/schema\/logo\/image\/","url":"https:\/\/agroingex.es\/wp-content\/uploads\/2022\/09\/agroingex-energia.png","contentUrl":"https:\/\/agroingex.es\/wp-content\/uploads\/2022\/09\/agroingex-energia.png","width":545,"height":241,"caption":"Agroingex"},"image":{"@id":"https:\/\/agroingex.es\/#\/schema\/logo\/image\/"}}]}},"_links":{"self":[{"href":"https:\/\/agroingex.es\/pt\/wp-json\/wp\/v2\/pages\/4131","targetHints":{"allow":["GET"]}}],"collection":[{"href":"https:\/\/agroingex.es\/pt\/wp-json\/wp\/v2\/pages"}],"about":[{"href":"https:\/\/agroingex.es\/pt\/wp-json\/wp\/v2\/types\/page"}],"author":[{"embeddable":true,"href":"https:\/\/agroingex.es\/pt\/wp-json\/wp\/v2\/users\/3"}],"replies":[{"embeddable":true,"href":"https:\/\/agroingex.es\/pt\/wp-json\/wp\/v2\/comments?post=4131"}],"version-history":[{"count":7,"href":"https:\/\/agroingex.es\/pt\/wp-json\/wp\/v2\/pages\/4131\/revisions"}],"predecessor-version":[{"id":4139,"href":"https:\/\/agroingex.es\/pt\/wp-json\/wp\/v2\/pages\/4131\/revisions\/4139"}],"wp:attachment":[{"href":"https:\/\/agroingex.es\/pt\/wp-json\/wp\/v2\/media?parent=4131"}],"curies":[{"name":"wp","href":"https:\/\/api.w.org\/{rel}","templated":true}]}}